{"id":236,"date":"2015-09-12T08:20:23","date_gmt":"2015-09-12T06:20:23","guid":{"rendered":"http:\/\/localhost\/upside\/?page_id=236"},"modified":"2025-05-04T10:30:07","modified_gmt":"2025-05-04T08:30:07","slug":"formation-metrologie-cafmet","status":"publish","type":"page","link":"https:\/\/www.cafmet.com\/en\/formation-metrologie-cafmet\/","title":{"rendered":"Training courses"},"content":{"rendered":"<section class=\"wpb-content-wrapper\"><div class=\"vc_row wpb_row vc_row-fluid\"><div class=\"wpb_column vc_column_container vc_col-sm-12\"><div class=\"vc_column-inner\"><div class=\"wpb_wrapper\">\n            <div class=\"widget kopa-article-list-11-widget\">\n                                    <div class=\"widget-title widget-title-s5 text-center\">\n                        <span><\/span>\n                                                <h2>DISCOVER THE CAFMET TRAINING COURSES<\/h2>\n                        \n                                            <\/div>\n                                    <!-- widget-title -->\n\n                <div class=\"widget-content\">\n\n                                        \n                <\/div>\n                <!-- widget-content -->\n            <\/div>\n        <\/div><\/div><\/div><\/div><div class=\"vc_row wpb_row vc_row-fluid\"><div class=\"wpb_column vc_column_container vc_col-sm-6\"><div class=\"vc_column-inner\"><div class=\"wpb_wrapper\">\n\t<div  class=\"wpb_single_image wpb_content_element vc_align_center\">\n\t\t\n\t\t<figure class=\"wpb_wrapper vc_figure\">\n\t\t\t<a href=\"https:\/\/www.cafmet.com\/en\/formation-metrologie-cafmet\/nos-web-formations-3\/\" target=\"_blank\" class=\"vc_single_image-wrapper   vc_box_border_grey\"><img loading=\"lazy\" decoding=\"async\" width=\"523\" height=\"304\" src=\"https:\/\/www.cafmet.com\/wp-content\/uploads\/2019\/05\/Our-web-training-1-1.png\" class=\"vc_single_image-img attachment-large\" alt=\"\" title=\"nos web formations ok\" srcset=\"https:\/\/www.cafmet.com\/wp-content\/uploads\/2019\/05\/Our-web-training-1-1.png 522w, https:\/\/www.cafmet.com\/wp-content\/uploads\/2019\/05\/Our-web-training-1-1-300x174.png 300w, https:\/\/www.cafmet.com\/wp-content\/uploads\/2019\/05\/Our-web-training-1-1-18x10.png 18w, https:\/\/www.cafmet.com\/wp-content\/uploads\/2019\/05\/Our-web-training-1-1-500x289.png 500w, https:\/\/www.cafmet.com\/wp-content\/uploads\/2019\/05\/Our-web-training-1-1-398x230.png 398w\" sizes=\"(max-width: 523px) 100vw, 523px\" \/><\/a>\n\t\t<\/figure>\n\t<\/div>\n\n\t<div class=\"wpb_text_column wpb_content_element\" >\n\t\t<div class=\"wpb_wrapper\">\n\t\t\t<p style=\"text-align: center;\"><span style=\"color: #000000;\">CAFMET offers several times a year web-training courses in the field of metrology and quality accessible to all. The CAFMET web-trainings are interactive and accompanied.<\/span><\/p>\n<p style=\"text-align: center;\"><strong><span style=\"color: #000000;\">Registration fee 2023 for a web-training* : 290 \u20ac H.T** (CAFMET member), 340 \u20ac H.T** (Non CAFMET member)<\/span><span style=\"color: #000000;\">\u00a0<\/span><\/strong><\/p>\n<p>* Registration fees increase after the deadlines specified in the registration form.<\/p>\n<p>**Not subject to TVA<\/p>\n\n\t\t<\/div>\n\t<\/div>\n\n\t<div class=\"wpb_text_column wpb_content_element\" >\n\t\t<div class=\"wpb_wrapper\">\n\t\t\t\n\t\t<\/div>\n\t<\/div>\n<\/div><\/div><\/div><div class=\"wpb_column vc_column_container vc_col-sm-6\"><div class=\"vc_column-inner\"><div class=\"wpb_wrapper\">\n\t<div  class=\"wpb_single_image wpb_content_element vc_align_center\">\n\t\t\n\t\t<figure class=\"wpb_wrapper vc_figure\">\n\t\t\t<a href=\"https:\/\/www.cafmet.com\/en\/formation-metrologie-cafmet\/formations-en-presentiel\/\" target=\"_blank\" class=\"vc_single_image-wrapper   vc_box_border_grey\"><img loading=\"lazy\" decoding=\"async\" width=\"522\" height=\"302\" src=\"https:\/\/www.cafmet.com\/wp-content\/uploads\/2019\/05\/face-to-face-training-Copie.png\" class=\"vc_single_image-img attachment-large\" alt=\"\" title=\"Formation en pr\u00e9sentiel ok ok ok\" srcset=\"https:\/\/www.cafmet.com\/wp-content\/uploads\/2019\/05\/face-to-face-training-Copie.png 522w, https:\/\/www.cafmet.com\/wp-content\/uploads\/2019\/05\/face-to-face-training-Copie-300x174.png 300w, https:\/\/www.cafmet.com\/wp-content\/uploads\/2019\/05\/face-to-face-training-Copie-18x10.png 18w, https:\/\/www.cafmet.com\/wp-content\/uploads\/2019\/05\/face-to-face-training-Copie-500x290.png 500w, https:\/\/www.cafmet.com\/wp-content\/uploads\/2019\/05\/face-to-face-training-Copie-398x230.png 398w\" sizes=\"(max-width: 522px) 100vw, 522px\" \/><\/a>\n\t\t<\/figure>\n\t<\/div>\n\n\t<div class=\"wpb_text_column wpb_content_element\" >\n\t\t<div class=\"wpb_wrapper\">\n\t\t\t<header class=\"entry-content-header clearfix\">\n<div class=\"entry-title\">\n<p>&nbsp;<\/p>\n<\/div>\n<\/header>\n<div id=\"upside-single-content\">\n<p style=\"text-align: center;\"><span style=\"color: #000000;\">CAFMET offers throughout the years face-to-face training courses (in CAFMET premises or in companies' premises) for all companies wishing to develop the skills of their personnel in the fields of quality, metrology, statistics and management. <\/span><\/p>\n<p style=\"text-align: center;\"><strong><span style=\"color: #000000;\">Registration fee 2023 indicated in each of the training sheets<\/span><\/strong><\/p>\n<\/div>\n<p>* 1 day = 7 hours of training. The price includes lunch and the training material given in a USB key.<\/p>\n<p>For an in-company training intended for several people of the same company, the average rate is 1000 \u20ac H.T** \/ day.<\/p>\n<p>**Not subject to TVA<\/p>\n\n\t\t<\/div>\n\t<\/div>\n<\/div><\/div><\/div><\/div><div class=\"vc_row wpb_row vc_row-fluid\"><div class=\"wpb_column vc_column_container vc_col-sm-12 vc_col-has-fill\"><div class=\"vc_column-inner vc_custom_1643971837365\"><div class=\"wpb_wrapper\"><section class=\"vc_cta3-container\"><div class=\"vc_general vc_cta3 vc_cta3-style-classic vc_cta3-shape-rounded vc_cta3-align-left vc_cta3-color-classic vc_cta3-icon-size-md\"><div class=\"vc_cta3_content-container\"><div class=\"vc_cta3-content\"><header class=\"vc_cta3-content-header\"><\/header><h3 style=\"text-align: center;\"><strong>OUR QUALITY<\/strong><\/h3>\n<h6 style=\"text-align: center;\"><strong>CAFMET has been recognized in the training industry since 2012<\/strong><\/h6>\n<h6 style=\"text-align: center;\">Official registration number <strong>52 49 03105 49<\/strong><\/h6>\n<h6 style=\"text-align: center;\">\u00a0<\/h6>\n<\/div><\/div><\/div><\/section><\/div><\/div><\/div><\/div><div class=\"vc_row wpb_row vc_row-fluid\"><div class=\"wpb_column vc_column_container vc_col-sm-12 vc_col-has-fill\"><div class=\"vc_column-inner vc_custom_1642757884069\"><div class=\"wpb_wrapper\">\n\t<div class=\"wpb_text_column wpb_content_element\" >\n\t\t<div class=\"wpb_wrapper\">\n\t\t\t<h6 style=\"text-align: center;\"><span style=\"color: #000000;\"><strong>To know the prices of our WEB-TRAINING and FACE-TO-FACE TRAINING. <a href=\"https:\/\/mail.google.com\/mail\/u\/0\/?fs=1&amp;tf=cm&amp;source=mailto&amp;to=contact%5B@%5Dcafmet.com\" target=\"_blank\" rel=\"noopener\">Contact us!\u00a0<\/a><\/strong><\/span><\/h6>\n\n\t\t<\/div>\n\t<\/div>\n<\/div><\/div><\/div><\/div><div class=\"vc_row wpb_row vc_row-fluid\"><div class=\"wpb_column vc_column_container vc_col-sm-12 vc_col-has-fill\"><div class=\"vc_column-inner vc_custom_1642692936556\"><div class=\"wpb_wrapper\">\n\t<div class=\"wpb_text_column wpb_content_element  vc_custom_1670514066423\" >\n\t\t<div class=\"wpb_wrapper\">\n\t\t\t<h6 style=\"text-align: center;\"><span style=\"color: #000000;\">For people with disabilities, do not hesitate to contact us : <a href=\"https:\/\/mail.google.com\/mail\/u\/0\/?fs=1&amp;tf=cm&amp;source=mailto&amp;to=contact%5B@%5Dcafmet.com\">contact[at]cafmet.com <\/a><\/span><\/h6>\n<h6 style=\"text-align: center;\"><span style=\"color: #000000;\">For people with disabilities, reception and care arrangements are agreed upon.<\/span><\/h6>\n<h6 style=\"text-align: center;\"><span style=\"color: #000000;\">The training courses offered by CAFMET are accessible to all people (of course to people with disabilities).<\/span><\/h6>\n\n\t\t<\/div>\n\t<\/div>\n<\/div><\/div><\/div><\/div><div class=\"vc_row wpb_row vc_row-fluid\"><div class=\"wpb_column vc_column_container vc_col-sm-12\"><div class=\"vc_column-inner\"><div class=\"wpb_wrapper\">\n\t<div class=\"wpb_text_column wpb_content_element\" >\n\t\t<div class=\"wpb_wrapper\">\n\t\t\t\n\t\t<\/div>\n\t<\/div>\n<\/div><\/div><\/div><\/div><div class=\"vc_row wpb_row vc_row-fluid\"><div class=\"wpb_column vc_column_container vc_col-sm-12\"><div class=\"vc_column-inner\"><div class=\"wpb_wrapper\">\n\t<div class=\"wpb_text_column wpb_content_element\" >\n\t\t<div class=\"wpb_wrapper\">\n\t\t\t<p>&nbsp;<\/p>\n\n\t\t<\/div>\n\t<\/div>\n<\/div><\/div><\/div><\/div><div class=\"vc_row wpb_row vc_row-fluid\"><div class=\"wpb_column vc_column_container vc_col-sm-4\"><div class=\"vc_column-inner\"><div class=\"wpb_wrapper\">\n\t<div class=\"wpb_text_column wpb_content_element\" >\n\t\t<div class=\"wpb_wrapper\">\n\t\t\t<h4 style=\"text-align: center;\"><strong>EFFICIENT TRAINING<\/strong><\/h4>\n<p style=\"text-align: center;\"><strong>Every means is put in place to ensure that learning is made easier: a limited number of participants to encourage exchanges, training content and support that meet needs. The effectiveness of each training course is systematically evaluated<\/strong><\/p>\n\n\t\t<\/div>\n\t<\/div>\n<\/div><\/div><\/div><div class=\"wpb_column vc_column_container vc_col-sm-4\"><div class=\"vc_column-inner\"><div class=\"wpb_wrapper\">\n\t<div class=\"wpb_text_column wpb_content_element\" >\n\t\t<div class=\"wpb_wrapper\">\n\t\t\t<h4 style=\"text-align: center;\"><strong>TRAINING TO ADDRESS YOUR SPECIFIC NEEDS<\/strong><\/h4>\n<p style=\"text-align: center;\"><strong>CAFMET accompanies you in the expression of your needs in competences. CAFMET offers you the possibility to request a customized training, inter and intra-companies, adapted to your needs, where and when you need it.<\/strong><\/p>\n\n\t\t<\/div>\n\t<\/div>\n<\/div><\/div><\/div><div class=\"wpb_column vc_column_container vc_col-sm-4\"><div class=\"vc_column-inner\"><div class=\"wpb_wrapper\">\n\t<div class=\"wpb_text_column wpb_content_element\" >\n\t\t<div class=\"wpb_wrapper\">\n\t\t\t<h4 style=\"text-align: center;\"><strong>PRACTICAL TRAINING<\/strong><\/h4>\n<p style=\"text-align: center;\"><strong>Thanks to its experienced and internationally recognized experts, CAFMET meets your needs to set up practical training courses adapted to the reality of the field. CAFMET answers your questions even after the training.<\/strong><\/p>\n\n\t\t<\/div>\n\t<\/div>\n<\/div><\/div><\/div><\/div><div class=\"vc_row wpb_row vc_row-fluid\"><div class=\"wpb_column vc_column_container vc_col-sm-6\"><div class=\"vc_column-inner\"><div class=\"wpb_wrapper\">\n\t<div  class=\"wpb_single_image wpb_content_element vc_align_center  wpb_animate_when_almost_visible wpb_fadeInLeftBig fadeInLeftBig\">\n\t\t\n\t\t<figure class=\"wpb_wrapper vc_figure\">\n\t\t\t<div class=\"vc_single_image-wrapper   vc_box_border_grey\"><img loading=\"lazy\" decoding=\"async\" data-vc-zoom=\"https:\/\/www.cafmet.com\/wp-content\/uploads\/2022\/01\/Diapositive1.png\" width=\"770\" height=\"578\" src=\"https:\/\/www.cafmet.com\/wp-content\/uploads\/2022\/01\/Diapositive1.png\" class=\"vc_single_image-img attachment-large\" alt=\"\" title=\"Diapositive1\" srcset=\"https:\/\/www.cafmet.com\/wp-content\/uploads\/2022\/01\/Diapositive1.png 960w, https:\/\/www.cafmet.com\/wp-content\/uploads\/2022\/01\/Diapositive1-300x225.png 300w, https:\/\/www.cafmet.com\/wp-content\/uploads\/2022\/01\/Diapositive1-768x576.png 768w, https:\/\/www.cafmet.com\/wp-content\/uploads\/2022\/01\/Diapositive1-16x12.png 16w, https:\/\/www.cafmet.com\/wp-content\/uploads\/2022\/01\/Diapositive1-500x375.png 500w, https:\/\/www.cafmet.com\/wp-content\/uploads\/2022\/01\/Diapositive1-800x600.png 800w, https:\/\/www.cafmet.com\/wp-content\/uploads\/2022\/01\/Diapositive1-600x450.png 600w\" sizes=\"(max-width: 770px) 100vw, 770px\" \/><\/div>\n\t\t<\/figure>\n\t<\/div>\n<\/div><\/div><\/div><div class=\"wpb_column vc_column_container vc_col-sm-6\"><div class=\"vc_column-inner\"><div class=\"wpb_wrapper\">\n\t<div  class=\"wpb_single_image wpb_content_element vc_align_center  wpb_animate_when_almost_visible wpb_fadeInRightBig fadeInRightBig\">\n\t\t\n\t\t<figure class=\"wpb_wrapper vc_figure\">\n\t\t\t<div class=\"vc_single_image-wrapper   vc_box_border_grey\"><img loading=\"lazy\" decoding=\"async\" data-vc-zoom=\"https:\/\/www.cafmet.com\/wp-content\/uploads\/2022\/01\/Diapositive1-2.png\" width=\"770\" height=\"578\" src=\"https:\/\/www.cafmet.com\/wp-content\/uploads\/2022\/01\/Diapositive1-2.png\" class=\"vc_single_image-img attachment-large\" alt=\"\" title=\"Diapositive1\" srcset=\"https:\/\/www.cafmet.com\/wp-content\/uploads\/2022\/01\/Diapositive1-2.png 960w, https:\/\/www.cafmet.com\/wp-content\/uploads\/2022\/01\/Diapositive1-2-300x225.png 300w, https:\/\/www.cafmet.com\/wp-content\/uploads\/2022\/01\/Diapositive1-2-768x576.png 768w, https:\/\/www.cafmet.com\/wp-content\/uploads\/2022\/01\/Diapositive1-2-16x12.png 16w, https:\/\/www.cafmet.com\/wp-content\/uploads\/2022\/01\/Diapositive1-2-500x375.png 500w, https:\/\/www.cafmet.com\/wp-content\/uploads\/2022\/01\/Diapositive1-2-800x600.png 800w, https:\/\/www.cafmet.com\/wp-content\/uploads\/2022\/01\/Diapositive1-2-600x450.png 600w\" sizes=\"(max-width: 770px) 100vw, 770px\" \/><\/div>\n\t\t<\/figure>\n\t<\/div>\n<\/div><\/div><\/div><\/div><div class=\"vc_row wpb_row vc_row-fluid\"><div class=\"wpb_column vc_column_container vc_col-sm-12\"><div class=\"vc_column-inner\"><div class=\"wpb_wrapper\"><div class=\"vc_progress_bar wpb_content_element  vc_progress-bar-color-bar_red\" ><h2 class=\"wpb_heading wpb_progress_bar_heading\">FIGURES FOR 2021<\/h2><div class=\"vc_general vc_single_bar\"><small class=\"vc_label\">98 ATTENDEES<\/small><span class=\"vc_bar striped\" data-percentage-value=\"90\" data-value=\"90\"><\/span><\/div><div class=\"vc_general vc_single_bar\"><small class=\"vc_label\">101 HOURS OF TRAINING<\/small><span class=\"vc_bar striped\" data-percentage-value=\"65\" data-value=\"65\"><\/span><\/div><div class=\"vc_general vc_single_bar\"><small class=\"vc_label\">9 QUALIFIED SPEAKERS<\/small><span class=\"vc_bar striped\" data-percentage-value=\"50\" data-value=\"50\"><\/span><\/div><\/div>\n\t<div class=\"wpb_text_column wpb_content_element\" >\n\t\t<div class=\"wpb_wrapper\">\n\t\t\t<p>&nbsp;<\/p>\n\n    <div class=\"widget kopa-article-list-6-widget\">\n\n        <article class=\"entry-item row\">\n            <div class=\"col-md-4 col-sm-4 col-xs-12 entry-thumb\">\n                \n            <\/div>\n            <!-- entry-thumb -->\n            <div class=\"col-md-7 col-sm-7 col-xs-12 entry-content\">\n                                    <h4 class=\"entry-title\"><a href=\"\" title=\"CAFMET: Registered training organization - Courses led by experts - Courses for all audiences - Attractive rates for CAFMET members - Request the training catalog\">CAFMET: Registered training organization - Courses led by experts - Courses for all audiences - Attractive rates for CAFMET members - Request the training catalog<\/a><\/h4>\n                \n                                <ul>\n                    \n                                    <\/ul>\n\n                            <\/div>\n            <!-- entry-content -->\n        <\/article>\n\n    <\/div>\n\n        \n<h6>\u00a0<\/h6>\n\n\t\t<\/div>\n\t<\/div>\n<\/div><\/div><\/div><\/div>\n<\/section>","protected":false},"excerpt":{"rendered":"DECOUVREZ LES FORMATIONS DU CAFMET Le CAFMET propose plusieurs fois dans l'ann\u00e9e des web-formations accessibles \u00e0 tous public dans le domaine de la m\u00e9trologie et de la qualit\u00e9. Les web-formations du CAFMET sont interactives et accompagn\u00e9es. Tarif d'inscription 2023 pour une web-formation* : 290 \u20ac H.T** (Membre CAFMET), 340 \u20ac H.T** (Non membre CAFMET)\u00a0 *les","protected":false},"author":1,"featured_media":0,"parent":0,"menu_order":0,"comment_status":"closed","ping_status":"closed","template":"","meta":{"footnotes":"","_vp_format_video_url":"","_vp_image_focal_point":[]},"yoast_head":"<!-- This site is optimized with the Yoast SEO plugin v21.8 - https:\/\/yoast.com\/wordpress\/plugins\/seo\/ -->\n<title>Formation du CAFMET<\/title>\n<meta name=\"description\" content=\"D\u00e9couvrez les formations du CAFMET. Le CAFMET propose plusieurs fois dans l&#039;ann\u00e9e des web-formations et des formations en pr\u00e9sentiel.\" \/>\n<meta name=\"robots\" content=\"index, follow, max-snippet:-1, max-image-preview:large, max-video-preview:-1\" \/>\n<link rel=\"canonical\" href=\"https:\/\/www.cafmet.com\/en\/formation-metrologie-cafmet\/\" \/>\n<meta property=\"og:locale\" content=\"en_GB\" \/>\n<meta property=\"og:type\" content=\"article\" \/>\n<meta property=\"og:title\" content=\"Formation du CAFMET\" \/>\n<meta property=\"og:description\" content=\"D\u00e9couvrez les formations du CAFMET. Le CAFMET propose plusieurs fois dans l&#039;ann\u00e9e des web-formations et des formations en pr\u00e9sentiel.\" \/>\n<meta property=\"og:url\" content=\"https:\/\/www.cafmet.com\/en\/formation-metrologie-cafmet\/\" \/>\n<meta property=\"og:site_name\" content=\"CAFMET\" \/>\n<meta property=\"article:modified_time\" content=\"2025-05-04T08:30:07+00:00\" \/>\n<meta name=\"twitter:card\" content=\"summary_large_image\" \/>\n<meta name=\"twitter:label1\" content=\"Estimated reading time\" \/>\n\t<meta name=\"twitter:data1\" content=\"4 minutes\" \/>\n<script type=\"application\/ld+json\" class=\"yoast-schema-graph\">{\"@context\":\"https:\/\/schema.org\",\"@graph\":[{\"@type\":\"WebPage\",\"@id\":\"https:\/\/www.cafmet.com\/formation-metrologie-cafmet\/\",\"url\":\"https:\/\/www.cafmet.com\/formation-metrologie-cafmet\/\",\"name\":\"Formation du CAFMET\",\"isPartOf\":{\"@id\":\"https:\/\/www.cafmet.com\/#website\"},\"datePublished\":\"2015-09-12T06:20:23+00:00\",\"dateModified\":\"2025-05-04T08:30:07+00:00\",\"description\":\"D\u00e9couvrez les formations du CAFMET. Le CAFMET propose plusieurs fois dans l'ann\u00e9e des web-formations et des formations en pr\u00e9sentiel.\",\"breadcrumb\":{\"@id\":\"https:\/\/www.cafmet.com\/formation-metrologie-cafmet\/#breadcrumb\"},\"inLanguage\":\"en-GB\",\"potentialAction\":[{\"@type\":\"ReadAction\",\"target\":[\"https:\/\/www.cafmet.com\/formation-metrologie-cafmet\/\"]}]},{\"@type\":\"BreadcrumbList\",\"@id\":\"https:\/\/www.cafmet.com\/formation-metrologie-cafmet\/#breadcrumb\",\"itemListElement\":[{\"@type\":\"ListItem\",\"position\":1,\"name\":\"Accueil\",\"item\":\"https:\/\/www.cafmet.com\/\"},{\"@type\":\"ListItem\",\"position\":2,\"name\":\"Formations\"}]},{\"@type\":\"WebSite\",\"@id\":\"https:\/\/www.cafmet.com\/#website\",\"url\":\"https:\/\/www.cafmet.com\/\",\"name\":\"CAFMET\",\"description\":\"\",\"potentialAction\":[{\"@type\":\"SearchAction\",\"target\":{\"@type\":\"EntryPoint\",\"urlTemplate\":\"https:\/\/www.cafmet.com\/?s={search_term_string}\"},\"query-input\":\"required name=search_term_string\"}],\"inLanguage\":\"en-GB\"}]}<\/script>\n<!-- \/ Yoast SEO plugin. -->","yoast_head_json":{"title":"Formation du CAFMET","description":"D\u00e9couvrez les formations du CAFMET. Le CAFMET propose plusieurs fois dans l'ann\u00e9e des web-formations et des formations en pr\u00e9sentiel.","robots":{"index":"index","follow":"follow","max-snippet":"max-snippet:-1","max-image-preview":"max-image-preview:large","max-video-preview":"max-video-preview:-1"},"canonical":"https:\/\/www.cafmet.com\/en\/formation-metrologie-cafmet\/","og_locale":"en_GB","og_type":"article","og_title":"Formation du CAFMET","og_description":"D\u00e9couvrez les formations du CAFMET. Le CAFMET propose plusieurs fois dans l'ann\u00e9e des web-formations et des formations en pr\u00e9sentiel.","og_url":"https:\/\/www.cafmet.com\/en\/formation-metrologie-cafmet\/","og_site_name":"CAFMET","article_modified_time":"2025-05-04T08:30:07+00:00","twitter_card":"summary_large_image","twitter_misc":{"Estimated reading time":"4 minutes"},"schema":{"@context":"https:\/\/schema.org","@graph":[{"@type":"WebPage","@id":"https:\/\/www.cafmet.com\/formation-metrologie-cafmet\/","url":"https:\/\/www.cafmet.com\/formation-metrologie-cafmet\/","name":"Formation du CAFMET","isPartOf":{"@id":"https:\/\/www.cafmet.com\/#website"},"datePublished":"2015-09-12T06:20:23+00:00","dateModified":"2025-05-04T08:30:07+00:00","description":"D\u00e9couvrez les formations du CAFMET. Le CAFMET propose plusieurs fois dans l'ann\u00e9e des web-formations et des formations en pr\u00e9sentiel.","breadcrumb":{"@id":"https:\/\/www.cafmet.com\/formation-metrologie-cafmet\/#breadcrumb"},"inLanguage":"en-GB","potentialAction":[{"@type":"ReadAction","target":["https:\/\/www.cafmet.com\/formation-metrologie-cafmet\/"]}]},{"@type":"BreadcrumbList","@id":"https:\/\/www.cafmet.com\/formation-metrologie-cafmet\/#breadcrumb","itemListElement":[{"@type":"ListItem","position":1,"name":"Accueil","item":"https:\/\/www.cafmet.com\/"},{"@type":"ListItem","position":2,"name":"Formations"}]},{"@type":"WebSite","@id":"https:\/\/www.cafmet.com\/#website","url":"https:\/\/www.cafmet.com\/","name":"CAFMET","description":"","potentialAction":[{"@type":"SearchAction","target":{"@type":"EntryPoint","urlTemplate":"https:\/\/www.cafmet.com\/?s={search_term_string}"},"query-input":"required name=search_term_string"}],"inLanguage":"en-GB"}]}},"_links":{"self":[{"href":"https:\/\/www.cafmet.com\/en\/wp-json\/wp\/v2\/pages\/236"}],"collection":[{"href":"https:\/\/www.cafmet.com\/en\/wp-json\/wp\/v2\/pages"}],"about":[{"href":"https:\/\/www.cafmet.com\/en\/wp-json\/wp\/v2\/types\/page"}],"author":[{"embeddable":true,"href":"https:\/\/www.cafmet.com\/en\/wp-json\/wp\/v2\/users\/1"}],"replies":[{"embeddable":true,"href":"https:\/\/www.cafmet.com\/en\/wp-json\/wp\/v2\/comments?post=236"}],"version-history":[{"count":0,"href":"https:\/\/www.cafmet.com\/en\/wp-json\/wp\/v2\/pages\/236\/revisions"}],"wp:attachment":[{"href":"https:\/\/www.cafmet.com\/en\/wp-json\/wp\/v2\/media?parent=236"}],"curies":[{"name":"wp","href":"https:\/\/api.w.org\/{rel}","templated":true}]}}