{"id":17655,"date":"2022-10-31T16:28:19","date_gmt":"2022-10-31T15:28:19","guid":{"rendered":"https:\/\/www.cafmet.com\/?page_id=17655"},"modified":"2023-11-10T11:39:33","modified_gmt":"2023-11-10T10:39:33","slug":"evaluation-des-incertitudes-novembre-2023","status":"publish","type":"page","link":"https:\/\/www.cafmet.com\/en\/evaluation-des-incertitudes-novembre-2023\/","title":{"rendered":"\u00c9VALUATION DES INCERTITUDES novembre 2023"},"content":{"rendered":"<section class=\"wpb-content-wrapper\"><div class=\"vc_row wpb_row vc_row-fluid\"><div class=\"wpb_column vc_column_container vc_col-sm-12\"><div class=\"vc_column-inner\"><div class=\"wpb_wrapper\">\n\t<div class=\"wpb_text_column wpb_content_element\" >\n\t\t<div class=\"wpb_wrapper\">\n\t\t\t\n\t\t<\/div>\n\t<\/div>\n\n            <div class=\"widget kopa-article-list-11-widget\">\n                                    <div class=\"widget-title widget-title-s5 text-center\">\n                        <span><\/span>\n                                                <h2>\u00c9VALUATION DES INCERTITUDES<\/h2>\n                        \n                                            <\/div>\n                                    <!-- widget-title -->\n\n                <div class=\"widget-content\">\n\n                                        \n                <\/div>\n                <!-- widget-content -->\n            <\/div>\n        <\/div><\/div><\/div><\/div><div class=\"vc_row wpb_row vc_row-fluid vc_custom_1640161393161\"><div class=\"wpb_column vc_column_container vc_col-sm-12 vc_col-has-fill\"><div class=\"vc_column-inner vc_custom_1642602670478\"><div class=\"wpb_wrapper\">\n\t<div class=\"wpb_text_column wpb_content_element  vc_custom_1642666312378\" >\n\t\t<div class=\"wpb_wrapper\">\n\t\t\t<h5 style=\"text-align: left;\"><strong><span style=\"color: #000000;\">\u00a0 \u2714\ufe0f OBJECTIFS :<\/span><\/strong><\/h5>\n<ul>\n<li><span style=\"color: #000000;\">Comprendre les notions fondamentales en statistiques<\/span><\/li>\n<li><span style=\"color: #000000;\">Savoir utiliser les outils statistiques de base pour l\u2019exploitation des r\u00e9sultats de mesure<\/span><\/li>\n<li><span style=\"color: #000000;\">Savoir \u00e9tablir un budget d\u2019incertitudes<\/span><\/li>\n<li><span style=\"color: #000000;\">Savoir \u00e9talonner des diff\u00e9rents types d\u2019appareils de mesure et de contr\u00f4le<\/span><\/li>\n<li><span style=\"color: #000000;\">Maitriser les calculs permettant d\u2019\u00e9tablir l\u2019incertitude sur les r\u00e9sultats des op\u00e9rations d\u2019\u00e9talonnages<\/span><\/li>\n<\/ul>\n\n\t\t<\/div>\n\t<\/div>\n<\/div><\/div><\/div><\/div><div class=\"vc_row wpb_row vc_row-fluid vc_custom_1640093261652\"><div class=\"wpb_column vc_column_container vc_col-sm-3 vc_col-has-fill\"><div class=\"vc_column-inner vc_custom_1642602647663\"><div class=\"wpb_wrapper\">\n\t<div class=\"wpb_text_column wpb_content_element  vc_custom_1667231244903\" >\n\t\t<div class=\"wpb_wrapper\">\n\t\t\t<blockquote>\n<h5>\u23f2\ufe0f DUR\u00c9E :<\/h5>\n<\/blockquote>\n<ul>\n<li><strong><span style=\"color: #000000;\">3 jours<\/span><\/strong><\/li>\n<li><strong><span style=\"color: #000000;\">15 heures<\/span><\/strong><\/li>\n<\/ul>\n<p>&nbsp;<\/p>\n<blockquote>\n<h5>\ud83d\udcdd PR\u00c9-REQUIS:<\/h5>\n<\/blockquote>\n<ul>\n<li><span style=\"color: #000000;\"><b>Pratique <\/b><span style=\"color: #000000;\"><b>\u00e9l\u00e9mentaire<\/b><\/span><b> des statistiques et des math\u00e9matiques\u00a0<\/b><\/span><\/li>\n<li><span style=\"color: #000000;\"><strong>Notion de base Excel<\/strong><\/span><\/li>\n<\/ul>\n<p>&nbsp;<\/p>\n<blockquote>\n<h5>\ud83d\udcc5 SESSIONS :<\/h5>\n<\/blockquote>\n<ul>\n<li><strong><span style=\"color: #000000;\">Du 13 au 15 novembre 2023<\/span><\/strong><\/li>\n<\/ul>\n<p>&nbsp;<\/p>\n<blockquote>\n<h5>\ud83d\udcb6 FRAIS D&rsquo;INSCRIPTION\/PERSONNE:<\/h5>\n<\/blockquote>\n<ul>\n<li><strong><span style=\"color: #000000;\">290 \u20ac H.T (Membre CAFMET)<\/span><\/strong><\/li>\n<li><strong><span style=\"color: #000000;\">340 \u20ac H.T (Non membre CAFMET)<\/span><\/strong><\/li>\n<\/ul>\n<p style=\"text-align: left;\"><strong><span style=\"color: #000000;\">* les tarifs augmentent de 90 \u20ac H.T apr\u00e8s la date limite pr\u00e9cis\u00e9e dans le formulaire d&rsquo;inscription<\/span><\/strong><strong><span style=\"color: #000000;\">)<\/span><\/strong><\/p>\n<p>&nbsp;<\/p>\n<blockquote>\n<h5>\ud83d\udce2 PUBLIC VIS\u00c9 :<\/h5>\n<\/blockquote>\n<ul>\n<li><strong><span style=\"color: #000000;\">Techniciens &amp; ing\u00e9nieurs<\/span><\/strong><\/li>\n<\/ul>\n<p>&nbsp;<\/p>\n<h6 style=\"text-align: left;\"><a href=\"https:\/\/www.flipgorilla.com\/p\/26675824929306121\/show#\/26675824929306121\/2\" target=\"_blank\" rel=\"noopener\"><span style=\"color: #003366;\"><strong>\u00a0 \u00a0 \u00a0 \u00a0 \u00a0\u203a VOIR LES SESSIONS DU CATALOGUE 2022<\/strong><\/span><\/a><\/h6>\n<p>&nbsp;<\/p>\n<blockquote>\n<h6><span style=\"color: #000000;\">\u267f Personne en situation de handicap? Parlons-en !<\/span><\/h6>\n<\/blockquote>\n<p><span style=\"color: #000000;\">Rendez-vous par email <strong>:<a style=\"color: #000000;\" href=\"https:\/\/mail.google.com\/mail\/u\/0\/?fs=1&amp;tf=cm&amp;source=mailto&amp;to=contact%5B@%5Dcafmet.com\" target=\"_blank\" rel=\"noopener\"> contact[at]cafmet.com<\/a><\/strong><\/span><\/p>\n\n\t\t<\/div>\n\t<\/div>\n<\/div><\/div><\/div><div class=\"wpb_column vc_column_container vc_col-sm-9\"><div class=\"vc_column-inner\"><div class=\"wpb_wrapper\"><div class=\"vc_row wpb_row vc_inner vc_row-fluid vc_custom_1640095499948 vc_row-has-fill\"><div class=\"wpb_column vc_column_container vc_col-sm-6 vc_col-has-fill\"><div class=\"vc_column-inner vc_custom_1640094778460\"><div class=\"wpb_wrapper\">\n\t<div class=\"wpb_text_column wpb_content_element\" >\n\t\t<div class=\"wpb_wrapper\">\n\t\t\t<h6><span style=\"color: #800000;\"><strong>&gt; SESSION 1 : <\/strong><strong>STATISTIQUES DE BASE (PARTIE I)<\/strong><\/span><\/h6>\n<p>&nbsp;<\/p>\n<p><strong>\ud83d\udcda<span style=\"color: #333333;\"> PROGRAMME\u00a0<\/span><\/strong><\/p>\n<ul>\n<li><span style=\"color: #000000;\">Terminologie et normes en statistiques<\/span><\/li>\n<li><span style=\"color: #000000;\">Caract\u00e9risation d\u2019une variable al\u00e9atoire<\/span><\/li>\n<li><span style=\"color: #000000;\">\u00a0Loi normale, rectangulaire, triangulaire, \u2026<\/span><\/li>\n<li><span style=\"color: #000000;\">Th\u00e9or\u00e8me Central Limite<\/span><\/li>\n<li><span style=\"color: #000000;\">Echantillonnage et tests d\u2019hypoth\u00e8se<\/span><\/li>\n<\/ul>\n<p>&nbsp;<\/p>\n<h6><span style=\"color: #800000;\"><strong>&gt; SESSION 2 : R\u00c9F\u00c9RENTIELS NORMATIFS ET EXIGENCES D\u2019ACCR\u00c9DITATION<br \/>\n(PARTIE II)<\/strong><\/span><\/h6>\n<p><strong>\ud83d\udcda<span style=\"color: #333333;\"> PROGRAMME\u00a0<\/span><\/strong><\/p>\n<ul>\n<li><span style=\"color: #000000;\">Vocabulaire et d\u00e9finitions en m\u00e9trologie (VIM)<\/span><\/li>\n<li><span style=\"color: #000000;\">\u00a0Fonction de la m\u00e9trologie (ISO 10012)<\/span><\/li>\n<li><span style=\"color: #000000;\">Exigences des normes EN ISO\/IEC 17025 et ISO 15189<\/span><\/li>\n<li><span style=\"color: #000000;\">\u00a0Autres documents opposables des accr\u00e9diteurs :<\/span><\/li>\n<li><span style=\"color: #000000;\">Exemples LAB REF 02, GEN REF 10 du COFRAC, etc<\/span><\/li>\n<li><span style=\"color: #000000;\">Exercices et Quizz<\/span><\/li>\n<\/ul>\n<p>&nbsp;<\/p>\n<h6><\/h6>\n\n\t\t<\/div>\n\t<\/div>\n\n\t<div class=\"wpb_text_column wpb_content_element  vc_custom_1671112517519\" >\n\t\t<div class=\"wpb_wrapper\">\n\t\t\t\n\t\t<\/div>\n\t<\/div>\n<\/div><\/div><\/div><div class=\"wpb_column vc_column_container vc_col-sm-6\"><div class=\"vc_column-inner vc_custom_1640099287842\"><div class=\"wpb_wrapper\">\n\t<div class=\"wpb_text_column wpb_content_element\" >\n\t\t<div class=\"wpb_wrapper\">\n\t\t\t<h6><span style=\"color: #800000;\"><strong>&gt; SESSION 3 : METHODES D\u2019EVALUATION DE L\u2019INCERTITUDE (PARTIE III)<\/strong><\/span><\/h6>\n<p><strong>\ud83d\udcda<span style=\"color: #333333;\"> PROGRAMME\u00a0<\/span><\/strong><\/p>\n<ul>\n<li>Rappel des exigences normatives<\/li>\n<li>Diff\u00e9rentes m\u00e9thodes d\u2019\u00e9valuation d\u2019incertitudes (R&amp;R,<br \/>\nGUM, etc.)<\/li>\n<li>Comparaisons intra- et inter-laboratoires<\/li>\n<li>Rappel du calcul diff\u00e9rentiel et propagation d\u2019incertitudes<\/li>\n<li>M\u00e9thode suivant un processus mod\u00e9lisable (ISO\/IEC 98-3)<\/li>\n<li>Budget d\u2019incertitude<\/li>\n<li>Exercices et Quizz<\/li>\n<\/ul>\n<p>&nbsp;<\/p>\n<p>&nbsp;<\/p>\n<h6><span style=\"color: #800000;\"><strong>&gt; SESSION 4 : EXEMPLES CONCRETS UTILES AUX LABORATOIRES D\u2019ESSAIS,<br \/>\nD\u2019ANALYSES ET D\u2019 \u00c9TALONNAGES (PARTIE IV)<\/strong><\/span><\/h6>\n<p><strong>\ud83d\udcda<span style=\"color: #333333;\"> PROGRAMME\u00a0<\/span><\/strong><\/p>\n<ul>\n<li>Pr\u00e9sentation et discussion autour d\u2019exemples pratiques avec certificats d\u2019\u00e9talonnage et constats de v\u00e9rification \u00e9tablis en laboratoires<\/li>\n<li>\u00a0Applications en Pesage et en Volum\u00e9trie<\/li>\n<li>Applications en Thermom\u00e9trie<\/li>\n<li>Exercices et Quizz<\/li>\n<\/ul>\n\n\t\t<\/div>\n\t<\/div>\n\n\t<div class=\"wpb_text_column wpb_content_element\" >\n\t\t<div class=\"wpb_wrapper\">\n\t\t\t<h6><span style=\"color: #800000;\"><strong> &gt; SESSION 5 : EXEMPLES CONCRETS UTILES AUX LABORATOIRES D\u2019ESSAIS, D\u2019ANALYSES ET D\u2019 \u00c9TALONNAGES (PARTIE V)<\/strong><\/span><\/h6>\n<p><strong>\ud83d\udcda<span style=\"color: #333333;\"> PROGRAMME\u00a0<\/span><\/strong><\/p>\n<ul>\n<li>D\u00e9claration de conformit\u00e9 des enceintes climatiques et thermostat\u00e9es<\/li>\n<li>Exemples pratiques d\u2019estimation d\u2019incertitudes dans les essais et les analyses<\/li>\n<li>Exploitation des r\u00e9sultats de comparaisons intra et inter-laboratoires<\/li>\n<\/ul>\n\n\t\t<\/div>\n\t<\/div>\n<\/div><\/div><\/div><\/div><\/div><\/div><\/div><\/div><div class=\"vc_row wpb_row vc_row-fluid\"><div class=\"wpb_column vc_column_container vc_col-sm-12\"><div class=\"vc_column-inner\"><div class=\"wpb_wrapper\">\n\t<div class=\"wpb_text_column wpb_content_element\" >\n\t\t<div class=\"wpb_wrapper\">\n\t\t\t\n\t\t<\/div>\n\t<\/div>\n<\/div><\/div><\/div><\/div><div class=\"vc_row wpb_row vc_row-fluid\"><div class=\"wpb_column vc_column_container vc_col-sm-6\"><div class=\"vc_column-inner\"><div class=\"wpb_wrapper\"><div class=\"vc_row wpb_row vc_inner vc_row-fluid\"><div class=\"wpb_column vc_column_container vc_col-sm-6\"><div class=\"vc_column-inner\"><div class=\"wpb_wrapper\"><div class=\"vc_btn3-container vc_btn3-center\" ><a class=\"vc_general vc_btn3 vc_btn3-size-lg vc_btn3-shape-rounded vc_btn3-style-outline vc_btn3-icon-left vc_btn3-color-primary\" href=\"https:\/\/www.cafmet.com\/wp-content\/uploads\/2019\/05\/2Web-formation_Evaluation-des-incertitudes-CAFMET-2.pdf\" title=\"\" target=\"_blank\"><i class=\"vc_btn3-icon fas fa-angle-right\"><\/i> PROGRAMME d\u00e9taill\u00e9<\/a><\/div><\/div><\/div><\/div><div class=\"wpb_column vc_column_container vc_col-sm-6\"><div class=\"vc_column-inner\"><div class=\"wpb_wrapper\"><div class=\"vc_btn3-container vc_btn3-center\" ><a class=\"vc_general vc_btn3 vc_btn3-size-lg vc_btn3-shape-rounded vc_btn3-style-outline vc_btn3-icon-left vc_btn3-color-primary\" href=\"https:\/\/www.cafmet.com\/en\/inscription-aux-webformations\/\" title=\"\" target=\"_blank\"><i class=\"vc_btn3-icon fa fa-check-circle-o\"><\/i> REGISTER NOW<\/a><\/div><\/div><\/div><\/div><\/div><\/div><\/div><\/div><div class=\"wpb_column vc_column_container vc_col-sm-6\"><div class=\"vc_column-inner\"><div class=\"wpb_wrapper\"><\/div><\/div><\/div><\/div><div class=\"vc_row wpb_row vc_row-fluid\"><div class=\"wpb_column vc_column_container vc_col-sm-12\"><div class=\"vc_column-inner\"><div class=\"wpb_wrapper\"><\/div><\/div><\/div><\/div>\n<\/section>","protected":false},"excerpt":{"rendered":"\u00c9VALUATION DES INCERTITUDES \u00a0 \u2714\ufe0f OBJECTIFS : Comprendre les notions fondamentales en statistiques Savoir utiliser les outils statistiques de base pour l\u2019exploitation des r\u00e9sultats de mesure Savoir \u00e9tablir un budget d\u2019incertitudes Savoir \u00e9talonner des diff\u00e9rents types d\u2019appareils de mesure et de contr\u00f4le Maitriser les calculs permettant d\u2019\u00e9tablir l\u2019incertitude sur les r\u00e9sultats des op\u00e9rations d\u2019\u00e9talonnages \u23f2\ufe0f","protected":false},"author":1,"featured_media":0,"parent":0,"menu_order":0,"comment_status":"closed","ping_status":"closed","template":"","meta":{"footnotes":"","_vp_format_video_url":"","_vp_image_focal_point":[]},"yoast_head":"<!-- This site is optimized with the Yoast SEO plugin v21.8 - https:\/\/yoast.com\/wordpress\/plugins\/seo\/ -->\n<title>Evaluation des incertitudes<\/title>\n<meta name=\"description\" content=\"La web-formation &quot;\u00c9valuation des incertitudes&quot; est fond\u00e9e autour de 5 objectifs. Vous trouverez cette web-formation 2 fois dans l&#039;ann\u00e9e.\" \/>\n<meta name=\"robots\" content=\"index, follow, max-snippet:-1, max-image-preview:large, max-video-preview:-1\" \/>\n<link rel=\"canonical\" href=\"https:\/\/www.cafmet.com\/en\/evaluation-des-incertitudes-novembre-2023\/\" \/>\n<meta property=\"og:locale\" content=\"en_GB\" \/>\n<meta property=\"og:type\" content=\"article\" \/>\n<meta property=\"og:title\" content=\"Evaluation des incertitudes\" \/>\n<meta property=\"og:description\" content=\"La web-formation &quot;\u00c9valuation des incertitudes&quot; est fond\u00e9e autour de 5 objectifs. Vous trouverez cette web-formation 2 fois dans l&#039;ann\u00e9e.\" \/>\n<meta property=\"og:url\" content=\"https:\/\/www.cafmet.com\/en\/evaluation-des-incertitudes-novembre-2023\/\" \/>\n<meta property=\"og:site_name\" content=\"CAFMET\" \/>\n<meta property=\"article:modified_time\" content=\"2023-11-10T10:39:33+00:00\" \/>\n<meta name=\"twitter:card\" content=\"summary_large_image\" \/>\n<meta name=\"twitter:label1\" content=\"Estimated reading time\" \/>\n\t<meta name=\"twitter:data1\" content=\"3 minutes\" \/>\n<script type=\"application\/ld+json\" class=\"yoast-schema-graph\">{\"@context\":\"https:\/\/schema.org\",\"@graph\":[{\"@type\":\"WebPage\",\"@id\":\"https:\/\/www.cafmet.com\/evaluation-des-incertitudes-novembre-2023\/\",\"url\":\"https:\/\/www.cafmet.com\/evaluation-des-incertitudes-novembre-2023\/\",\"name\":\"Evaluation des incertitudes\",\"isPartOf\":{\"@id\":\"https:\/\/www.cafmet.com\/#website\"},\"datePublished\":\"2022-10-31T15:28:19+00:00\",\"dateModified\":\"2023-11-10T10:39:33+00:00\",\"description\":\"La web-formation \\\"\u00c9valuation des incertitudes\\\" est fond\u00e9e autour de 5 objectifs. Vous trouverez cette web-formation 2 fois dans l'ann\u00e9e.\",\"breadcrumb\":{\"@id\":\"https:\/\/www.cafmet.com\/evaluation-des-incertitudes-novembre-2023\/#breadcrumb\"},\"inLanguage\":\"en-GB\",\"potentialAction\":[{\"@type\":\"ReadAction\",\"target\":[\"https:\/\/www.cafmet.com\/evaluation-des-incertitudes-novembre-2023\/\"]}]},{\"@type\":\"BreadcrumbList\",\"@id\":\"https:\/\/www.cafmet.com\/evaluation-des-incertitudes-novembre-2023\/#breadcrumb\",\"itemListElement\":[{\"@type\":\"ListItem\",\"position\":1,\"name\":\"Accueil\",\"item\":\"https:\/\/www.cafmet.com\/\"},{\"@type\":\"ListItem\",\"position\":2,\"name\":\"\u00c9VALUATION DES INCERTITUDES novembre 2023\"}]},{\"@type\":\"WebSite\",\"@id\":\"https:\/\/www.cafmet.com\/#website\",\"url\":\"https:\/\/www.cafmet.com\/\",\"name\":\"CAFMET\",\"description\":\"\",\"potentialAction\":[{\"@type\":\"SearchAction\",\"target\":{\"@type\":\"EntryPoint\",\"urlTemplate\":\"https:\/\/www.cafmet.com\/?s={search_term_string}\"},\"query-input\":\"required name=search_term_string\"}],\"inLanguage\":\"en-GB\"}]}<\/script>\n<!-- \/ Yoast SEO plugin. -->","yoast_head_json":{"title":"Evaluation des incertitudes","description":"La web-formation \"\u00c9valuation des incertitudes\" est fond\u00e9e autour de 5 objectifs. Vous trouverez cette web-formation 2 fois dans l'ann\u00e9e.","robots":{"index":"index","follow":"follow","max-snippet":"max-snippet:-1","max-image-preview":"max-image-preview:large","max-video-preview":"max-video-preview:-1"},"canonical":"https:\/\/www.cafmet.com\/en\/evaluation-des-incertitudes-novembre-2023\/","og_locale":"en_GB","og_type":"article","og_title":"Evaluation des incertitudes","og_description":"La web-formation \"\u00c9valuation des incertitudes\" est fond\u00e9e autour de 5 objectifs. Vous trouverez cette web-formation 2 fois dans l'ann\u00e9e.","og_url":"https:\/\/www.cafmet.com\/en\/evaluation-des-incertitudes-novembre-2023\/","og_site_name":"CAFMET","article_modified_time":"2023-11-10T10:39:33+00:00","twitter_card":"summary_large_image","twitter_misc":{"Estimated reading time":"3 minutes"},"schema":{"@context":"https:\/\/schema.org","@graph":[{"@type":"WebPage","@id":"https:\/\/www.cafmet.com\/evaluation-des-incertitudes-novembre-2023\/","url":"https:\/\/www.cafmet.com\/evaluation-des-incertitudes-novembre-2023\/","name":"Evaluation des incertitudes","isPartOf":{"@id":"https:\/\/www.cafmet.com\/#website"},"datePublished":"2022-10-31T15:28:19+00:00","dateModified":"2023-11-10T10:39:33+00:00","description":"La web-formation \"\u00c9valuation des incertitudes\" est fond\u00e9e autour de 5 objectifs. Vous trouverez cette web-formation 2 fois dans l'ann\u00e9e.","breadcrumb":{"@id":"https:\/\/www.cafmet.com\/evaluation-des-incertitudes-novembre-2023\/#breadcrumb"},"inLanguage":"en-GB","potentialAction":[{"@type":"ReadAction","target":["https:\/\/www.cafmet.com\/evaluation-des-incertitudes-novembre-2023\/"]}]},{"@type":"BreadcrumbList","@id":"https:\/\/www.cafmet.com\/evaluation-des-incertitudes-novembre-2023\/#breadcrumb","itemListElement":[{"@type":"ListItem","position":1,"name":"Accueil","item":"https:\/\/www.cafmet.com\/"},{"@type":"ListItem","position":2,"name":"\u00c9VALUATION DES INCERTITUDES novembre 2023"}]},{"@type":"WebSite","@id":"https:\/\/www.cafmet.com\/#website","url":"https:\/\/www.cafmet.com\/","name":"CAFMET","description":"","potentialAction":[{"@type":"SearchAction","target":{"@type":"EntryPoint","urlTemplate":"https:\/\/www.cafmet.com\/?s={search_term_string}"},"query-input":"required name=search_term_string"}],"inLanguage":"en-GB"}]}},"_links":{"self":[{"href":"https:\/\/www.cafmet.com\/en\/wp-json\/wp\/v2\/pages\/17655"}],"collection":[{"href":"https:\/\/www.cafmet.com\/en\/wp-json\/wp\/v2\/pages"}],"about":[{"href":"https:\/\/www.cafmet.com\/en\/wp-json\/wp\/v2\/types\/page"}],"author":[{"embeddable":true,"href":"https:\/\/www.cafmet.com\/en\/wp-json\/wp\/v2\/users\/1"}],"replies":[{"embeddable":true,"href":"https:\/\/www.cafmet.com\/en\/wp-json\/wp\/v2\/comments?post=17655"}],"version-history":[{"count":0,"href":"https:\/\/www.cafmet.com\/en\/wp-json\/wp\/v2\/pages\/17655\/revisions"}],"wp:attachment":[{"href":"https:\/\/www.cafmet.com\/en\/wp-json\/wp\/v2\/media?parent=17655"}],"curies":[{"name":"wp","href":"https:\/\/api.w.org\/{rel}","templated":true}]}}