{"id":17639,"date":"2022-10-31T15:13:31","date_gmt":"2022-10-31T14:13:31","guid":{"rendered":"https:\/\/www.cafmet.com\/?page_id=17639"},"modified":"2023-12-08T15:01:52","modified_gmt":"2023-12-08T14:01:52","slug":"qualite-et-metrologie-dans-les-laboratoires-septembre-2023","status":"publish","type":"page","link":"https:\/\/www.cafmet.com\/en\/qualite-et-metrologie-dans-les-laboratoires-septembre-2023\/","title":{"rendered":"Qualit\u00e9 et m\u00e9trologie dans les laboratoires septembre 2023"},"content":{"rendered":"<section class=\"wpb-content-wrapper\"><div class=\"vc_row wpb_row vc_row-fluid\"><div class=\"wpb_column vc_column_container vc_col-sm-12\"><div class=\"vc_column-inner\"><div class=\"wpb_wrapper\">\n\t<div class=\"wpb_text_column wpb_content_element\" >\n\t\t<div class=\"wpb_wrapper\">\n\t\t\t<p>&nbsp;<\/p>\n\n\t\t<\/div>\n\t<\/div>\n<\/div><\/div><\/div><\/div><div class=\"vc_row wpb_row vc_row-fluid\"><div class=\"wpb_column vc_column_container vc_col-sm-12\"><div class=\"vc_column-inner\"><div class=\"wpb_wrapper\">\n            <div class=\"widget kopa-article-list-11-widget\">\n                                    <div class=\"widget-title widget-title-s5 text-center\">\n                        <span><\/span>\n                                                <h2>QUALIT\u00c9 ET M\u00c9TROLOGIE DANS LES LABORATOIRES<\/h2>\n                        \n                                            <\/div>\n                                    <!-- widget-title -->\n\n                <div class=\"widget-content\">\n\n                                        \n                <\/div>\n                <!-- widget-content -->\n            <\/div>\n        <\/div><\/div><\/div><\/div><div class=\"vc_row wpb_row vc_row-fluid\"><div class=\"wpb_column vc_column_container vc_col-sm-12\"><div class=\"vc_column-inner\"><div class=\"wpb_wrapper\">\n\t<div class=\"wpb_text_column wpb_content_element  vc_custom_1642603965952\" >\n\t\t<div class=\"wpb_wrapper\">\n\t\t\t<blockquote>\n<h5 style=\"text-align: left;\"><strong><span style=\"color: #000000;\">\u2714\ufe0f OBJECTIFS :<\/span><\/strong><\/h5>\n<\/blockquote>\n<ul>\n<li><span style=\"color: #000000;\">\u00catre capable de mani\u00e8re autonome, de mettre en place les principales actions assur\u00e9es par un m\u00e9trologue<\/span><\/li>\n<li><span style=\"color: #000000;\">Savoir d\u00e9finir ses besoins et choisir ses prestations d\u2019\u00e9talonnage<\/span><\/li>\n<li><span style=\"color: #000000;\">Savoir choisir ses prestataires externes en m\u00e9trologie<\/span><\/li>\n<li><span style=\"color: #000000;\">R\u00e9ussir, maintenir et \u00e9tendre l\u2019accr\u00e9ditation de son laboratoire<\/span><\/li>\n<\/ul>\n\n\t\t<\/div>\n\t<\/div>\n<\/div><\/div><\/div><\/div><div class=\"vc_row wpb_row vc_row-fluid\"><div class=\"wpb_column vc_column_container vc_col-sm-3 vc_col-has-fill\"><div class=\"vc_column-inner vc_custom_1642603997307\"><div class=\"wpb_wrapper\">\n\t<div class=\"wpb_text_column wpb_content_element  vc_custom_1702044063439\" >\n\t\t<div class=\"wpb_wrapper\">\n\t\t\t<blockquote>\n<h5>\u23f2\ufe0f DUR\u00c9E :<\/h5>\n<\/blockquote>\n<ul>\n<li><strong><span style=\"color: #000000;\">4 jours \/ 12 heures<\/span><\/strong><\/li>\n<\/ul>\n<blockquote>\n<h5><\/h5>\n<h5>\ud83d\udcdd PR\u00c9-REQUIS:<\/h5>\n<\/blockquote>\n<ul>\n<li><span style=\"color: #000000;\"><strong>Aucun pr\u00e9-requis n\u00e9cessaire<\/strong><\/span><\/li>\n<\/ul>\n<blockquote>\n<h5><\/h5>\n<h5>\ud83d\udcc5 SESSIONS :<\/h5>\n<\/blockquote>\n<ul>\n<li><strong><span style=\"color: #000000;\">Du 23 au 26 septembre 2024<\/span><\/strong><\/li>\n<\/ul>\n<blockquote>\n<h5><\/h5>\n<h5>\ud83d\udcb6 FRAIS D&rsquo;INSCRIPTION\/PERSONNE:<\/h5>\n<\/blockquote>\n<ul>\n<li><strong><span style=\"color: #000000;\">290 \u20ac H.T (Membre CAFMET)<\/span><\/strong><\/li>\n<li><strong><span style=\"color: #000000;\">340 \u20ac H.T (Non membre CAFMET)<\/span><\/strong><\/li>\n<\/ul>\n<p style=\"text-align: left;\"><strong><span style=\"color: #000000;\">* les tarifs augmentent de 90 \u20ac H.T apr\u00e8s la date limite pr\u00e9cis\u00e9e dans le formulaire d&rsquo;inscription<\/span><\/strong><strong><span style=\"color: #000000;\">)<\/span><\/strong><\/p>\n<blockquote>\n<h5>\ud83d\udce2 PUBLIC VIS\u00c9 :<\/h5>\n<\/blockquote>\n<ul>\n<li><strong><span style=\"color: #000000;\">Personnel travaillant dans des laboratoires d\u2019\u00e9talonnages ou d\u2019essais accr\u00e9dit\u00e9s ou ayant un projet d\u2019accr\u00e9ditation<\/span><\/strong><\/li>\n<li><strong><span style=\"color: #000000;\">Responsables laboratoire, responsables qualit\u00e9, responsables m\u00e9trologie et cadres techniques<\/span><\/strong><\/li>\n<li><strong><span style=\"color: #000000;\">Technical and\/or quality auditors<\/span><\/strong><\/li>\n<li><strong><span style=\"color: #000000;\">\u00a0\u00c9tudiants<\/span><\/strong><\/li>\n<\/ul>\n<p>&nbsp;<\/p>\n<blockquote>\n<h6><span style=\"color: #000000;\">\u267f Personne en situation de handicap? Parlons-en !<\/span><\/h6>\n<p><span style=\"color: #000000;\">Rendez-vous par email <strong>:<a style=\"color: #000000;\" href=\"https:\/\/mail.google.com\/mail\/u\/0\/?fs=1&amp;tf=cm&amp;source=mailto&amp;to=contact%5B@%5Dcafmet.com\" target=\"_blank\" rel=\"noopener\"> contact[at]cafmet.com<\/a><\/strong><\/span><\/p>\n<\/blockquote>\n\n\t\t<\/div>\n\t<\/div>\n<\/div><\/div><\/div><div class=\"wpb_column vc_column_container vc_col-sm-9\"><div class=\"vc_column-inner\"><div class=\"wpb_wrapper\"><div class=\"vc_row wpb_row vc_inner vc_row-fluid\"><div class=\"wpb_column vc_column_container vc_col-sm-6\"><div class=\"vc_column-inner\"><div class=\"wpb_wrapper\">\n\t<div class=\"wpb_text_column wpb_content_element\" >\n\t\t<div class=\"wpb_wrapper\">\n\t\t\t<h6><span style=\"color: #800000;\"><strong>&gt; SESSION 1 : ACCR\u00c9DITATION DES LABORATOIRES<br \/>\n<span style=\"color: #000000;\"><em>D\u00e9finitions, r\u00e9f\u00e9rentiels, exigences, LAB &amp; SH REF 02, GEN REF 10<\/em><\/span><\/strong><\/span><\/h6>\n<p><strong>\ud83d\udcda<span style=\"color: #333333;\"> PROGRAMME\u00a0<\/span><\/strong><\/p>\n<ul>\n<li><span style=\"color: #000000;\">D\u00e9finitions, normes<\/span><\/li>\n<li><span style=\"color: #000000;\">Organismes et instances, infrastructures<\/span><\/li>\n<li><span style=\"color: #000000;\">M\u00e9canismes de reconnaissance<\/span><\/li>\n<li><span style=\"color: #000000;\">Mise en place et maintien d\u2019une accr\u00e9ditation<\/span><\/li>\n<li><span style=\"color: #000000;\">Exemples de documents et de guides \u00e0 utiliser<\/span><br \/>\n<span style=\"color: #000000;\">(COFRAC, SEMAC, TUNAC, ALGERAC,<\/span><\/li>\n<li><span style=\"color: #000000;\">Port\u00e9es d\u2019accr\u00e9ditation (fixe et\/ou flexible)<\/span><\/li>\n<li><span style=\"color: #000000;\">Types d\u2019\u00e9valuation (se pr\u00e9parer)<\/span><\/li>\n<\/ul>\n<p>&nbsp;<\/p>\n<h6><span style=\"color: #800000;\"><strong>&gt; SESSION 2 : M\u00e9trologie et incertitudes, gestion des \u00e9quipements de mesure. Applications concr\u00e8tes.<br \/>\n<span style=\"color: #000000;\"><em>Application concr\u00e8tes\u00a0<\/em><\/span><\/strong><\/span><\/h6>\n<p><strong>\ud83d\udcda<span style=\"color: #333333;\"> PROGRAMME\u00a0<\/span><\/strong><\/p>\n<ul>\n<li><span style=\"color: #000000;\">Normative context related to metrology <\/span><\/li>\n<li>Concepts and definitions of metrology<\/li>\n<li>R\u00f4le du responsable m\u00e9trologie<\/li>\n<li>Analyse et repr\u00e9sentation d&rsquo;un processus de surveillance et de mesure<\/li>\n<li>Notions d&rsquo;erreur et d&rsquo;incertitude<\/li>\n<li>\u00c9talonnage et v\u00e9rification<\/li>\n<li>Concrete applications<\/li>\n<\/ul>\n\n\t\t<\/div>\n\t<\/div>\n<\/div><\/div><\/div><div class=\"wpb_column vc_column_container vc_col-sm-6\"><div class=\"vc_column-inner\"><div class=\"wpb_wrapper\">\n\t<div class=\"wpb_text_column wpb_content_element\" >\n\t\t<div class=\"wpb_wrapper\">\n\t\t\t<h6><span style=\"color: #800000;\"><strong>&gt; SESSION 3 : MANAGEMENT DE LA QUALIT\u00c9 &amp; COMP\u00c9TENCE D&rsquo;UN LABORATOIRE.<br \/>\n<span style=\"color: #000000;\"><em>Exigences des normes ISO\/IEC 17025 et ISO 15189<\/em><\/span><\/strong><\/span><\/h6>\n<p><strong>\ud83d\udcda<span style=\"color: #333333;\"> PROGRAMME\u00a0<\/span><\/strong><\/p>\n<ul>\n<li><span style=\"color: #000000;\">Pr\u00e9sentation g\u00e9n\u00e9rale des normes ISO\/IEC 17025 et ISO 15189<\/span><\/li>\n<li>Structural requirements<\/li>\n<li>Impartiality and confidentiality<\/li>\n<li>Risks and opportunities<\/li>\n<li>Competence of the staff<\/li>\n<li>\u00c9quipements, m\u00e9trologie, installations et conditions ambiantes<\/li>\n<li>Methods<\/li>\n<li>Documentation and records<\/li>\n<li>Continuous improvement<\/li>\n<\/ul>\n<p>&nbsp;<\/p>\n<h6><span style=\"color: #800000;\"><strong>&gt; SESSION 4 : AUDIT D\u2019UN LABORATOIRE SUIVANT LES NORMES ISO\/IEC 17025 ET ISO 15189<\/strong><\/span><\/h6>\n<h6><span style=\"color: #000000;\"><strong><em>Exemples concrets<\/em><\/strong><\/span><\/h6>\n<ul>\n<li><span style=\"color: #000000;\">Objectifs et principes de l\u2019audit interne<\/span><\/li>\n<li><span style=\"color: #000000;\">Normative context<\/span><\/li>\n<li><span style=\"color: #000000;\">Communication in auditing<\/span><\/li>\n<li><span style=\"color: #000000;\">Planning and preparation of audits<\/span><\/li>\n<li><span style=\"color: #000000;\">Ex\u00e9cution de l\u2019audit<\/span><\/li>\n<li><span style=\"color: #000000;\">R\u00e9union de cl\u00f4ture et rapport d\u2019audit<\/span><\/li>\n<li><span style=\"color: #000000;\">Exemples<\/span><\/li>\n<li><span style=\"color: #000000;\">Mesure de l\u2019efficacit\u00e9 des audits internes<\/span><\/li>\n<\/ul>\n\n\t\t<\/div>\n\t<\/div>\n<\/div><\/div><\/div><\/div><\/div><\/div><\/div><\/div><div class=\"vc_row wpb_row vc_row-fluid\"><div class=\"wpb_column vc_column_container vc_col-sm-12\"><div class=\"vc_column-inner\"><div class=\"wpb_wrapper\"><div class=\"vc_separator wpb_content_element vc_separator_align_center vc_sep_width_100 vc_sep_pos_align_center vc_separator_no_text vc_sep_color_white\" ><span class=\"vc_sep_holder vc_sep_holder_l\"><span class=\"vc_sep_line\"><\/span><\/span><span class=\"vc_sep_holder vc_sep_holder_r\"><span class=\"vc_sep_line\"><\/span><\/span>\n<\/div><\/div><\/div><\/div><\/div><div class=\"vc_row wpb_row vc_row-fluid\"><div class=\"wpb_column vc_column_container vc_col-sm-6\"><div class=\"vc_column-inner\"><div class=\"wpb_wrapper\"><div class=\"vc_row wpb_row vc_inner vc_row-fluid\"><div class=\"wpb_column vc_column_container vc_col-sm-6\"><div class=\"vc_column-inner\"><div class=\"wpb_wrapper\"><div class=\"vc_btn3-container vc_btn3-center\" ><a class=\"vc_general vc_btn3 vc_btn3-size-lg vc_btn3-shape-rounded vc_btn3-style-outline vc_btn3-icon-left vc_btn3-color-primary\" href=\"https:\/\/www.cafmet.com\/wp-content\/uploads\/2019\/05\/Web-formation_Qualite-Metrologie-Laboratoires-septembre-2024.pdf\" title=\"\" target=\"_blank\"><i class=\"vc_btn3-icon\"><\/i> DETAILED PROGRAM<\/a><\/div><\/div><\/div><\/div><div class=\"wpb_column vc_column_container vc_col-sm-6\"><div class=\"vc_column-inner\"><div class=\"wpb_wrapper\"><div class=\"vc_btn3-container vc_btn3-center\" ><a class=\"vc_general vc_btn3 vc_btn3-size-lg vc_btn3-shape-rounded vc_btn3-style-outline vc_btn3-icon-left vc_btn3-color-primary\" href=\"https:\/\/www.cafmet.com\/en\/inscription-aux-webformations\/\" title=\"\" target=\"_blank\"><i class=\"vc_btn3-icon fa fa-check-circle-o\"><\/i> REGISTER NOW<\/a><\/div><\/div><\/div><\/div><\/div><\/div><\/div><\/div><div class=\"wpb_column vc_column_container vc_col-sm-6\"><div class=\"vc_column-inner\"><div class=\"wpb_wrapper\"><\/div><\/div><\/div><\/div>\n<\/section>","protected":false},"excerpt":{"rendered":"&nbsp; QUALIT\u00c9 ET M\u00c9TROLOGIE DANS LES LABORATOIRES \u2714\ufe0f OBJECTIFS : \u00catre capable de mani\u00e8re autonome, de mettre en place les principales actions assur\u00e9es par un m\u00e9trologue Savoir d\u00e9finir ses besoins et choisir ses prestations d\u2019\u00e9talonnage Savoir choisir ses prestataires externes en m\u00e9trologie R\u00e9ussir, maintenir et \u00e9tendre l\u2019accr\u00e9ditation de son laboratoire \u23f2\ufe0f DUR\u00c9E : 4 jours","protected":false},"author":1,"featured_media":0,"parent":0,"menu_order":0,"comment_status":"closed","ping_status":"closed","template":"","meta":{"footnotes":"","_vp_format_video_url":"","_vp_image_focal_point":[]},"yoast_head":"<!-- This site is optimized with the Yoast SEO plugin v21.8 - https:\/\/yoast.com\/wordpress\/plugins\/seo\/ -->\n<title>Qualit\u00e9 et m\u00e9trologie dans les laboratoires<\/title>\n<meta name=\"description\" content=\"La web-formation &quot;Qualit\u00e9 et m\u00e9trologie dans les laboratoires&quot; est fond\u00e9e autour de 4 objectifs. Vous la trouverez 2 fois dans l&#039;ann\u00e9e.\" \/>\n<meta name=\"robots\" content=\"index, follow, max-snippet:-1, max-image-preview:large, max-video-preview:-1\" \/>\n<link rel=\"canonical\" href=\"https:\/\/www.cafmet.com\/en\/qualite-et-metrologie-dans-les-laboratoires-septembre-2023\/\" \/>\n<meta property=\"og:locale\" content=\"en_GB\" \/>\n<meta property=\"og:type\" content=\"article\" \/>\n<meta property=\"og:title\" content=\"Qualit\u00e9 et m\u00e9trologie dans les laboratoires\" \/>\n<meta property=\"og:description\" content=\"La web-formation &quot;Qualit\u00e9 et m\u00e9trologie dans les laboratoires&quot; est fond\u00e9e autour de 4 objectifs. Vous la trouverez 2 fois dans l&#039;ann\u00e9e.\" \/>\n<meta property=\"og:url\" content=\"https:\/\/www.cafmet.com\/en\/qualite-et-metrologie-dans-les-laboratoires-septembre-2023\/\" \/>\n<meta property=\"og:site_name\" content=\"CAFMET\" \/>\n<meta property=\"article:modified_time\" content=\"2023-12-08T14:01:52+00:00\" \/>\n<meta name=\"twitter:card\" content=\"summary_large_image\" \/>\n<meta name=\"twitter:label1\" content=\"Estimated reading time\" \/>\n\t<meta name=\"twitter:data1\" content=\"2 minutes\" \/>\n<script type=\"application\/ld+json\" class=\"yoast-schema-graph\">{\"@context\":\"https:\/\/schema.org\",\"@graph\":[{\"@type\":\"WebPage\",\"@id\":\"https:\/\/www.cafmet.com\/qualite-et-metrologie-dans-les-laboratoires-septembre-2023\/\",\"url\":\"https:\/\/www.cafmet.com\/qualite-et-metrologie-dans-les-laboratoires-septembre-2023\/\",\"name\":\"Qualit\u00e9 et m\u00e9trologie dans les laboratoires\",\"isPartOf\":{\"@id\":\"https:\/\/www.cafmet.com\/#website\"},\"datePublished\":\"2022-10-31T14:13:31+00:00\",\"dateModified\":\"2023-12-08T14:01:52+00:00\",\"description\":\"La web-formation \\\"Qualit\u00e9 et m\u00e9trologie dans les laboratoires\\\" est fond\u00e9e autour de 4 objectifs. Vous la trouverez 2 fois dans l'ann\u00e9e.\",\"breadcrumb\":{\"@id\":\"https:\/\/www.cafmet.com\/qualite-et-metrologie-dans-les-laboratoires-septembre-2023\/#breadcrumb\"},\"inLanguage\":\"en-GB\",\"potentialAction\":[{\"@type\":\"ReadAction\",\"target\":[\"https:\/\/www.cafmet.com\/qualite-et-metrologie-dans-les-laboratoires-septembre-2023\/\"]}]},{\"@type\":\"BreadcrumbList\",\"@id\":\"https:\/\/www.cafmet.com\/qualite-et-metrologie-dans-les-laboratoires-septembre-2023\/#breadcrumb\",\"itemListElement\":[{\"@type\":\"ListItem\",\"position\":1,\"name\":\"Accueil\",\"item\":\"https:\/\/www.cafmet.com\/\"},{\"@type\":\"ListItem\",\"position\":2,\"name\":\"Qualit\u00e9 et m\u00e9trologie dans les laboratoires septembre 2023\"}]},{\"@type\":\"WebSite\",\"@id\":\"https:\/\/www.cafmet.com\/#website\",\"url\":\"https:\/\/www.cafmet.com\/\",\"name\":\"CAFMET\",\"description\":\"\",\"potentialAction\":[{\"@type\":\"SearchAction\",\"target\":{\"@type\":\"EntryPoint\",\"urlTemplate\":\"https:\/\/www.cafmet.com\/?s={search_term_string}\"},\"query-input\":\"required name=search_term_string\"}],\"inLanguage\":\"en-GB\"}]}<\/script>\n<!-- \/ Yoast SEO plugin. -->","yoast_head_json":{"title":"Qualit\u00e9 et m\u00e9trologie dans les laboratoires","description":"La web-formation \"Qualit\u00e9 et m\u00e9trologie dans les laboratoires\" est fond\u00e9e autour de 4 objectifs. Vous la trouverez 2 fois dans l'ann\u00e9e.","robots":{"index":"index","follow":"follow","max-snippet":"max-snippet:-1","max-image-preview":"max-image-preview:large","max-video-preview":"max-video-preview:-1"},"canonical":"https:\/\/www.cafmet.com\/en\/qualite-et-metrologie-dans-les-laboratoires-septembre-2023\/","og_locale":"en_GB","og_type":"article","og_title":"Qualit\u00e9 et m\u00e9trologie dans les laboratoires","og_description":"La web-formation \"Qualit\u00e9 et m\u00e9trologie dans les laboratoires\" est fond\u00e9e autour de 4 objectifs. Vous la trouverez 2 fois dans l'ann\u00e9e.","og_url":"https:\/\/www.cafmet.com\/en\/qualite-et-metrologie-dans-les-laboratoires-septembre-2023\/","og_site_name":"CAFMET","article_modified_time":"2023-12-08T14:01:52+00:00","twitter_card":"summary_large_image","twitter_misc":{"Estimated reading time":"2 minutes"},"schema":{"@context":"https:\/\/schema.org","@graph":[{"@type":"WebPage","@id":"https:\/\/www.cafmet.com\/qualite-et-metrologie-dans-les-laboratoires-septembre-2023\/","url":"https:\/\/www.cafmet.com\/qualite-et-metrologie-dans-les-laboratoires-septembre-2023\/","name":"Qualit\u00e9 et m\u00e9trologie dans les laboratoires","isPartOf":{"@id":"https:\/\/www.cafmet.com\/#website"},"datePublished":"2022-10-31T14:13:31+00:00","dateModified":"2023-12-08T14:01:52+00:00","description":"La web-formation \"Qualit\u00e9 et m\u00e9trologie dans les laboratoires\" est fond\u00e9e autour de 4 objectifs. Vous la trouverez 2 fois dans l'ann\u00e9e.","breadcrumb":{"@id":"https:\/\/www.cafmet.com\/qualite-et-metrologie-dans-les-laboratoires-septembre-2023\/#breadcrumb"},"inLanguage":"en-GB","potentialAction":[{"@type":"ReadAction","target":["https:\/\/www.cafmet.com\/qualite-et-metrologie-dans-les-laboratoires-septembre-2023\/"]}]},{"@type":"BreadcrumbList","@id":"https:\/\/www.cafmet.com\/qualite-et-metrologie-dans-les-laboratoires-septembre-2023\/#breadcrumb","itemListElement":[{"@type":"ListItem","position":1,"name":"Accueil","item":"https:\/\/www.cafmet.com\/"},{"@type":"ListItem","position":2,"name":"Qualit\u00e9 et m\u00e9trologie dans les laboratoires septembre 2023"}]},{"@type":"WebSite","@id":"https:\/\/www.cafmet.com\/#website","url":"https:\/\/www.cafmet.com\/","name":"CAFMET","description":"","potentialAction":[{"@type":"SearchAction","target":{"@type":"EntryPoint","urlTemplate":"https:\/\/www.cafmet.com\/?s={search_term_string}"},"query-input":"required name=search_term_string"}],"inLanguage":"en-GB"}]}},"_links":{"self":[{"href":"https:\/\/www.cafmet.com\/en\/wp-json\/wp\/v2\/pages\/17639"}],"collection":[{"href":"https:\/\/www.cafmet.com\/en\/wp-json\/wp\/v2\/pages"}],"about":[{"href":"https:\/\/www.cafmet.com\/en\/wp-json\/wp\/v2\/types\/page"}],"author":[{"embeddable":true,"href":"https:\/\/www.cafmet.com\/en\/wp-json\/wp\/v2\/users\/1"}],"replies":[{"embeddable":true,"href":"https:\/\/www.cafmet.com\/en\/wp-json\/wp\/v2\/comments?post=17639"}],"version-history":[{"count":0,"href":"https:\/\/www.cafmet.com\/en\/wp-json\/wp\/v2\/pages\/17639\/revisions"}],"wp:attachment":[{"href":"https:\/\/www.cafmet.com\/en\/wp-json\/wp\/v2\/media?parent=17639"}],"curies":[{"name":"wp","href":"https:\/\/api.w.org\/{rel}","templated":true}]}}