{"id":17613,"date":"2022-10-31T13:44:54","date_gmt":"2022-10-31T12:44:54","guid":{"rendered":"https:\/\/www.cafmet.com\/?page_id=17613"},"modified":"2023-12-08T15:04:15","modified_gmt":"2023-12-08T14:04:15","slug":"audit-metrologie-octobre-2023","status":"publish","type":"page","link":"https:\/\/www.cafmet.com\/en\/audit-metrologie-octobre-2023\/","title":{"rendered":"Audit m\u00e9trologie octobre 2023"},"content":{"rendered":"<section class=\"wpb-content-wrapper\"><div class=\"vc_row wpb_row vc_row-fluid\"><div class=\"wpb_column vc_column_container vc_col-sm-12\"><div class=\"vc_column-inner\"><div class=\"wpb_wrapper\"><div class=\"vc_row wpb_row vc_inner vc_row-fluid\"><div class=\"wpb_column vc_column_container vc_col-sm-12\"><div class=\"vc_column-inner\"><div class=\"wpb_wrapper\">\n\t<div class=\"wpb_text_column wpb_content_element\" >\n\t\t<div class=\"wpb_wrapper\">\n\t\t\t<p>&nbsp;<\/p>\n<p>&nbsp;<\/p>\n\n\t\t<\/div>\n\t<\/div>\n<\/div><\/div><\/div><\/div><\/div><\/div><\/div><\/div><div class=\"vc_row wpb_row vc_row-fluid\"><div class=\"wpb_column vc_column_container vc_col-sm-12\"><div class=\"vc_column-inner\"><div class=\"wpb_wrapper\">\n            <div class=\"widget kopa-article-list-11-widget\">\n                                    <div class=\"widget-title widget-title-s5 text-center\">\n                        <span><\/span>\n                                                <h2>AUDIT M\u00c9TROLOGIE<\/h2>\n                        \n                                            <\/div>\n                                    <!-- widget-title -->\n\n                <div class=\"widget-content\">\n\n                                        \n                <\/div>\n                <!-- widget-content -->\n            <\/div>\n        <\/div><\/div><\/div><\/div><div class=\"vc_row wpb_row vc_row-fluid\"><div class=\"wpb_column vc_column_container vc_col-sm-12\"><div class=\"vc_column-inner\"><div class=\"wpb_wrapper\">\n\t<div class=\"wpb_text_column wpb_content_element  vc_custom_1649332236292\" >\n\t\t<div class=\"wpb_wrapper\">\n\t\t\t<h5 style=\"text-align: left;\"><strong><span style=\"color: #000000;\">\u00a0 \u2714\ufe0f OBJECTIFS :<\/span><\/strong><\/h5>\n<ul>\n<li>Maitriser les outils d\u2019audit<\/li>\n<li>Conna\u00eetre les grands principes d\u2019un audit m\u00e9trologie<\/li>\n<li>Savoir \u00e9tablir un rapport d\u2019audit clair, concis et exploitable<\/li>\n<li>Savoir formuler des \u00e9carts techniques li\u00e9s \u00e0 la m\u00e9trologie<\/li>\n<\/ul>\n\n\t\t<\/div>\n\t<\/div>\n<\/div><\/div><\/div><\/div><div class=\"vc_row wpb_row vc_row-fluid\"><div class=\"wpb_column vc_column_container vc_col-sm-3\"><div class=\"vc_column-inner\"><div class=\"wpb_wrapper\">\n\t<div class=\"wpb_text_column wpb_content_element  vc_custom_1702044214313\" >\n\t\t<div class=\"wpb_wrapper\">\n\t\t\t<blockquote>\n<h5>\u23f2\ufe0f DUR\u00c9E :<\/h5>\n<\/blockquote>\n<ul>\n<li><strong><span style=\"color: #000000;\">2 days<\/span><\/strong><\/li>\n<li><strong><span style=\"color: #000000;\">12 heures<\/span><\/strong><\/li>\n<\/ul>\n<p>&nbsp;<\/p>\n<blockquote>\n<h5>\ud83d\udcdd PR\u00c9-REQUIS:<\/h5>\n<\/blockquote>\n<ul>\n<li><span style=\"color: #000000;\"><b>Aucun pr\u00e9-requis n\u00e9cessaire<\/b><\/span><\/li>\n<\/ul>\n<p>&nbsp;<\/p>\n<blockquote>\n<h5>\ud83d\udcc5 SESSIONS :<\/h5>\n<\/blockquote>\n<ul>\n<li><strong><span style=\"color: #000000;\">07 et 08 octobre 2024<\/span><\/strong><\/li>\n<\/ul>\n<p>&nbsp;<\/p>\n<blockquote>\n<h5>\ud83d\udcb6 FRAIS D&rsquo;INSCRIPTION\/PERSONNE:<\/h5>\n<\/blockquote>\n<ul>\n<li><strong><span style=\"color: #000000;\">290 \u20ac H.T (Membre CAFMET)<\/span><\/strong><\/li>\n<li><strong><span style=\"color: #000000;\">340 \u20ac H.T (Non membre CAFMET)<\/span><\/strong><\/li>\n<\/ul>\n<p style=\"text-align: left;\"><strong><span style=\"color: #000000;\">* les tarifs augmentent de 90 \u20ac H.T apr\u00e8s la date limite pr\u00e9cis\u00e9e dans le formulaire d&rsquo;inscription<\/span><\/strong><strong><span style=\"color: #000000;\">)<\/span><\/strong><\/p>\n<blockquote>\n<h5>\ud83d\udce2 PUBLIC VIS\u00c9 :<\/h5>\n<\/blockquote>\n<ul>\n<li><strong><span style=\"color: #000000;\">Techniciens &amp; ing\u00e9nieurs<\/span><\/strong><\/li>\n<\/ul>\n<p>&nbsp;<\/p>\n<h6 style=\"text-align: left;\"><a href=\"https:\/\/www.cafmet.com\/wp-content\/uploads\/2019\/05\/Catalogue-2024-2.pdf\" target=\"_blank\" rel=\"noopener\"><span style=\"color: #003366;\"><strong>\u00a0 \u00a0 \u00a0 \u00a0 \u00a0\u203a VOIR LES SESSIONS DU CATALOGUE 2024<\/strong><\/span><\/a><\/h6>\n<p>&nbsp;<\/p>\n<h6><span style=\"color: #000000;\">\u267f Personne en situation de handicap? Parlons-en !<\/span><\/h6>\n<p><span style=\"color: #000000;\">Rendez-vous par email <strong>:<a style=\"color: #000000;\" href=\"https:\/\/mail.google.com\/mail\/u\/0\/?fs=1&amp;tf=cm&amp;source=mailto&amp;to=contact%5B@%5Dcafmet.com\" target=\"_blank\" rel=\"noopener\"> contact[at]cafmet.com<\/a><\/strong><\/span><\/p>\n<p>&nbsp;<\/p>\n<p>&nbsp;<\/p>\n\n\t\t<\/div>\n\t<\/div>\n<\/div><\/div><\/div><div class=\"wpb_column vc_column_container vc_col-sm-9\"><div class=\"vc_column-inner\"><div class=\"wpb_wrapper\"><div class=\"vc_row wpb_row vc_inner vc_row-fluid\"><div class=\"wpb_column vc_column_container vc_col-sm-6\"><div class=\"vc_column-inner\"><div class=\"wpb_wrapper\">\n\t<div class=\"wpb_text_column wpb_content_element\" >\n\t\t<div class=\"wpb_wrapper\">\n\t\t\t<h6><span style=\"color: #800000;\"><strong>&gt; SESSION 1 : <\/strong><b>Principes de l\u2019audit m\u00e9trologie et r\u00e9f\u00e9rentiels (partie I)<\/b><\/span><\/h6>\n<p>&nbsp;<\/p>\n<p><strong>\ud83d\udcda<span style=\"color: #333333;\"> PROGRAMME\u00a0<\/span><\/strong><\/p>\n<ul>\n<li><span style=\"color: #000000;\">Rappels sur m\u00e9trologie\u00a0<\/span><\/li>\n<li><span style=\"color: #000000;\">Pr\u00e9sentation synth\u00e9tique des principaux r\u00e9f\u00e9rentiels li\u00e9s \u00e0 la m\u00e9trologie<\/span><\/li>\n<li><span style=\"color: #000000;\">Principes essentiels pour r\u00e9ussir un audit m\u00e9trologie<\/span><\/li>\n<li><span style=\"color: #000000;\">\u00c9tapes importantes \u00e0 ne pas oublier pour r\u00e9aliser un audit\u00a0<\/span><\/li>\n<li>Exemples d&rsquo;outils simples \u00e0 utiliser<\/li>\n<li>Exercices sur Excel<\/li>\n<\/ul>\n<p>&nbsp;<\/p>\n<h6><span style=\"color: #800000;\"><strong>&gt; SESSION 2 : AUDIT M\u00c9TROLOGIE SUIVANT LES R\u00c9F\u00c9RENTIELS ISO\/IEC 17025, ISO 15189 (PARTIE II)<\/strong><\/span><\/h6>\n<p><strong>\ud83d\udcda<span style=\"color: #333333;\"> PROGRAMME\u00a0<\/span><\/strong><\/p>\n<ul>\n<li><span style=\"color: #000000;\">Interpr\u00e9tation des exigences li\u00e9es \u00e0 la m\u00e9troligue et \u00e0 la tra\u00e7abilit\u00e9 m\u00e9trologie\u00a0<\/span><\/li>\n<li>Qu&rsquo;exigent les normes ISO\/IEC 17025 et ISO 15189 ?<\/li>\n<li>Retour detaill\u00e9 sur le contenu des documents opposables Cofrac (Exemples LAB REF 02, GEN REF 10, etc.)<\/li>\n<li>Qu&rsquo;exige le GEN REF 10 exactement ?<\/li>\n<li>Exercices et Quizz<\/li>\n<\/ul>\n<h6><\/h6>\n<p>&nbsp;<\/p>\n<h6><\/h6>\n\n\t\t<\/div>\n\t<\/div>\n<\/div><\/div><\/div><div class=\"wpb_column vc_column_container vc_col-sm-6\"><div class=\"vc_column-inner\"><div class=\"wpb_wrapper\">\n\t<div class=\"wpb_text_column wpb_content_element\" >\n\t\t<div class=\"wpb_wrapper\">\n\t\t\t<h6><span style=\"color: #800000;\"><strong>&gt; SESSION 3 :R\u00e9alisation en direct de plusieurs s\u00e9quences d&rsquo;audit m\u00e9trologie (partie III)<\/strong><\/span><\/h6>\n<p><strong>\ud83d\udcda<span style=\"color: #333333;\"> PROGRAMME\u00a0<\/span><\/strong><\/p>\n<ul>\n<li><span style=\"color: #000000;\">Rappel des outils d&rsquo;audit <\/span><\/li>\n<li>Les bonnes questions \u00e0 poser lors d&rsquo;un audit<\/li>\n<li>Fouille de donn\u00e9es et enregistrements attendus<\/li>\n<li>Dispositions attendues<\/li>\n<li>Observation de s\u00e9quence d&rsquo;audit en direct d&rsquo;un laboratoire d&rsquo;essais<\/li>\n<li>Discussion sur les s\u00e9quences<\/li>\n<li>Exercices et Quizz<\/li>\n<\/ul>\n<p>&nbsp;<\/p>\n<h6><span style=\"color: #800000;\"><strong>&gt; SESSION 4 : \u00c9laboration d&rsquo;un rapport d&rsquo;audit m\u00e9trologie (partie IV)\u00a0<\/strong><\/span><\/h6>\n<p><strong>\ud83d\udcda<span style=\"color: #333333;\"> PROGRAMME\u00a0<\/span><\/strong><\/p>\n<ul>\n<li><span style=\"color: #000000;\">Pr\u00e9sentation et discussion autour d&rsquo;exemples de fiches d&rsquo;\u00e9cart<\/span><\/li>\n<li>Contenu d&rsquo;un rapport d&rsquo;audit<\/li>\n<li>Retour sur les s\u00e9quences d&rsquo;audit<\/li>\n<li>Traitement de plusieurs \u00e9carts et pertinence des actions \u00e0 mettre en place<\/li>\n<li><span style=\"color: #000000;\">\u00a0Fonction de la m\u00e9trologie (ISO 10012)<\/span><\/li>\n<li><span style=\"color: #000000;\">Exigences des normes EN ISO\/IEC 17025 et ISO 15189<\/span><\/li>\n<li><span style=\"color: #000000;\">\u00a0Autres documents opposables des accr\u00e9diteurs :<\/span><\/li>\n<li><span style=\"color: #000000;\">Exemples LAB REF 02, GEN REF 10 du COFRAC, etc<\/span><\/li>\n<li><span style=\"color: #000000;\">Exercices et Quizz<\/span><\/li>\n<\/ul>\n\n\t\t<\/div>\n\t<\/div>\n<\/div><\/div><\/div><\/div><\/div><\/div><\/div><\/div><div class=\"vc_row wpb_row vc_row-fluid\"><div class=\"wpb_column vc_column_container vc_col-sm-6\"><div class=\"vc_column-inner\"><div class=\"wpb_wrapper\"><div class=\"vc_row wpb_row vc_inner vc_row-fluid\"><div class=\"wpb_column vc_column_container vc_col-sm-6\"><div class=\"vc_column-inner\"><div class=\"wpb_wrapper\"><div class=\"vc_btn3-container vc_btn3-center\" ><a class=\"vc_general vc_btn3 vc_btn3-size-lg vc_btn3-shape-rounded vc_btn3-style-outline vc_btn3-icon-left vc_btn3-color-primary\" href=\"https:\/\/www.cafmet.com\/wp-content\/uploads\/2019\/05\/Web-formation_Audit-metrologie-octobre-2023-1.pdf\" title=\"\" target=\"_blank\"><i class=\"vc_btn3-icon\"><\/i> DETAILED PROGRAM<\/a><\/div><\/div><\/div><\/div><div class=\"wpb_column vc_column_container vc_col-sm-6\"><div class=\"vc_column-inner\"><div class=\"wpb_wrapper\"><div class=\"vc_btn3-container vc_btn3-center\" ><a class=\"vc_general vc_btn3 vc_btn3-size-lg vc_btn3-shape-rounded vc_btn3-style-outline vc_btn3-icon-left vc_btn3-color-primary\" href=\"https:\/\/www.cafmet.com\/en\/inscription-aux-webformations\/\" title=\"\" target=\"_blank\"><i class=\"vc_btn3-icon fa fa-search-plus\"><\/i> REGISTER NOW<\/a><\/div><\/div><\/div><\/div><\/div><\/div><\/div><\/div><div class=\"wpb_column vc_column_container vc_col-sm-6\"><div class=\"vc_column-inner\"><div class=\"wpb_wrapper\"><\/div><\/div><\/div><\/div>\n<\/section>","protected":false},"excerpt":{"rendered":"&nbsp; &nbsp; AUDIT M\u00c9TROLOGIE \u00a0 \u2714\ufe0f OBJECTIFS : Maitriser les outils d\u2019audit Conna\u00eetre les grands principes d\u2019un audit m\u00e9trologie Savoir \u00e9tablir un rapport d\u2019audit clair, concis et exploitable Savoir formuler des \u00e9carts techniques li\u00e9s \u00e0 la m\u00e9trologie \u23f2\ufe0f DUR\u00c9E : 2 jours 12 heures &nbsp; \ud83d\udcdd PR\u00c9-REQUIS: Aucun pr\u00e9-requis n\u00e9cessaire &nbsp; \ud83d\udcc5 SESSIONS : 07","protected":false},"author":1,"featured_media":0,"parent":0,"menu_order":0,"comment_status":"closed","ping_status":"closed","template":"","meta":{"footnotes":"","_vp_format_video_url":"","_vp_image_focal_point":[]},"yoast_head":"<!-- This site is optimized with the Yoast SEO plugin v21.8 - https:\/\/yoast.com\/wordpress\/plugins\/seo\/ -->\n<title>Audit m\u00e9trologie<\/title>\n<meta name=\"description\" content=\"La web-formation &quot;Audit m\u00e9trologie&quot; est fond\u00e9e sur 4 objectifs. Vous trouverez cette web-formation 2 fois dans l&#039;ann\u00e9e.\" \/>\n<meta name=\"robots\" content=\"index, follow, max-snippet:-1, max-image-preview:large, max-video-preview:-1\" \/>\n<link rel=\"canonical\" href=\"https:\/\/www.cafmet.com\/en\/audit-metrologie-octobre-2023\/\" \/>\n<meta property=\"og:locale\" content=\"en_GB\" \/>\n<meta property=\"og:type\" content=\"article\" \/>\n<meta property=\"og:title\" content=\"Audit m\u00e9trologie\" \/>\n<meta property=\"og:description\" content=\"La web-formation &quot;Audit m\u00e9trologie&quot; est fond\u00e9e sur 4 objectifs. Vous trouverez cette web-formation 2 fois dans l&#039;ann\u00e9e.\" \/>\n<meta property=\"og:url\" content=\"https:\/\/www.cafmet.com\/en\/audit-metrologie-octobre-2023\/\" \/>\n<meta property=\"og:site_name\" content=\"CAFMET\" \/>\n<meta property=\"article:modified_time\" content=\"2023-12-08T14:04:15+00:00\" \/>\n<meta name=\"twitter:card\" content=\"summary_large_image\" \/>\n<meta name=\"twitter:label1\" content=\"Estimated reading time\" \/>\n\t<meta name=\"twitter:data1\" content=\"2 minutes\" \/>\n<script type=\"application\/ld+json\" class=\"yoast-schema-graph\">{\"@context\":\"https:\/\/schema.org\",\"@graph\":[{\"@type\":\"WebPage\",\"@id\":\"https:\/\/www.cafmet.com\/audit-metrologie-octobre-2023\/\",\"url\":\"https:\/\/www.cafmet.com\/audit-metrologie-octobre-2023\/\",\"name\":\"Audit m\u00e9trologie\",\"isPartOf\":{\"@id\":\"https:\/\/www.cafmet.com\/#website\"},\"datePublished\":\"2022-10-31T12:44:54+00:00\",\"dateModified\":\"2023-12-08T14:04:15+00:00\",\"description\":\"La web-formation \\\"Audit m\u00e9trologie\\\" est fond\u00e9e sur 4 objectifs. Vous trouverez cette web-formation 2 fois dans l'ann\u00e9e.\",\"breadcrumb\":{\"@id\":\"https:\/\/www.cafmet.com\/audit-metrologie-octobre-2023\/#breadcrumb\"},\"inLanguage\":\"en-GB\",\"potentialAction\":[{\"@type\":\"ReadAction\",\"target\":[\"https:\/\/www.cafmet.com\/audit-metrologie-octobre-2023\/\"]}]},{\"@type\":\"BreadcrumbList\",\"@id\":\"https:\/\/www.cafmet.com\/audit-metrologie-octobre-2023\/#breadcrumb\",\"itemListElement\":[{\"@type\":\"ListItem\",\"position\":1,\"name\":\"Accueil\",\"item\":\"https:\/\/www.cafmet.com\/\"},{\"@type\":\"ListItem\",\"position\":2,\"name\":\"Audit m\u00e9trologie octobre 2023\"}]},{\"@type\":\"WebSite\",\"@id\":\"https:\/\/www.cafmet.com\/#website\",\"url\":\"https:\/\/www.cafmet.com\/\",\"name\":\"CAFMET\",\"description\":\"\",\"potentialAction\":[{\"@type\":\"SearchAction\",\"target\":{\"@type\":\"EntryPoint\",\"urlTemplate\":\"https:\/\/www.cafmet.com\/?s={search_term_string}\"},\"query-input\":\"required name=search_term_string\"}],\"inLanguage\":\"en-GB\"}]}<\/script>\n<!-- \/ Yoast SEO plugin. -->","yoast_head_json":{"title":"Audit m\u00e9trologie","description":"La web-formation \"Audit m\u00e9trologie\" est fond\u00e9e sur 4 objectifs. Vous trouverez cette web-formation 2 fois dans l'ann\u00e9e.","robots":{"index":"index","follow":"follow","max-snippet":"max-snippet:-1","max-image-preview":"max-image-preview:large","max-video-preview":"max-video-preview:-1"},"canonical":"https:\/\/www.cafmet.com\/en\/audit-metrologie-octobre-2023\/","og_locale":"en_GB","og_type":"article","og_title":"Audit m\u00e9trologie","og_description":"La web-formation \"Audit m\u00e9trologie\" est fond\u00e9e sur 4 objectifs. Vous trouverez cette web-formation 2 fois dans l'ann\u00e9e.","og_url":"https:\/\/www.cafmet.com\/en\/audit-metrologie-octobre-2023\/","og_site_name":"CAFMET","article_modified_time":"2023-12-08T14:04:15+00:00","twitter_card":"summary_large_image","twitter_misc":{"Estimated reading time":"2 minutes"},"schema":{"@context":"https:\/\/schema.org","@graph":[{"@type":"WebPage","@id":"https:\/\/www.cafmet.com\/audit-metrologie-octobre-2023\/","url":"https:\/\/www.cafmet.com\/audit-metrologie-octobre-2023\/","name":"Audit m\u00e9trologie","isPartOf":{"@id":"https:\/\/www.cafmet.com\/#website"},"datePublished":"2022-10-31T12:44:54+00:00","dateModified":"2023-12-08T14:04:15+00:00","description":"La web-formation \"Audit m\u00e9trologie\" est fond\u00e9e sur 4 objectifs. Vous trouverez cette web-formation 2 fois dans l'ann\u00e9e.","breadcrumb":{"@id":"https:\/\/www.cafmet.com\/audit-metrologie-octobre-2023\/#breadcrumb"},"inLanguage":"en-GB","potentialAction":[{"@type":"ReadAction","target":["https:\/\/www.cafmet.com\/audit-metrologie-octobre-2023\/"]}]},{"@type":"BreadcrumbList","@id":"https:\/\/www.cafmet.com\/audit-metrologie-octobre-2023\/#breadcrumb","itemListElement":[{"@type":"ListItem","position":1,"name":"Accueil","item":"https:\/\/www.cafmet.com\/"},{"@type":"ListItem","position":2,"name":"Audit m\u00e9trologie octobre 2023"}]},{"@type":"WebSite","@id":"https:\/\/www.cafmet.com\/#website","url":"https:\/\/www.cafmet.com\/","name":"CAFMET","description":"","potentialAction":[{"@type":"SearchAction","target":{"@type":"EntryPoint","urlTemplate":"https:\/\/www.cafmet.com\/?s={search_term_string}"},"query-input":"required name=search_term_string"}],"inLanguage":"en-GB"}]}},"_links":{"self":[{"href":"https:\/\/www.cafmet.com\/en\/wp-json\/wp\/v2\/pages\/17613"}],"collection":[{"href":"https:\/\/www.cafmet.com\/en\/wp-json\/wp\/v2\/pages"}],"about":[{"href":"https:\/\/www.cafmet.com\/en\/wp-json\/wp\/v2\/types\/page"}],"author":[{"embeddable":true,"href":"https:\/\/www.cafmet.com\/en\/wp-json\/wp\/v2\/users\/1"}],"replies":[{"embeddable":true,"href":"https:\/\/www.cafmet.com\/en\/wp-json\/wp\/v2\/comments?post=17613"}],"version-history":[{"count":0,"href":"https:\/\/www.cafmet.com\/en\/wp-json\/wp\/v2\/pages\/17613\/revisions"}],"wp:attachment":[{"href":"https:\/\/www.cafmet.com\/en\/wp-json\/wp\/v2\/media?parent=17613"}],"curies":[{"name":"wp","href":"https:\/\/api.w.org\/{rel}","templated":true}]}}