{"id":17458,"date":"2022-09-23T16:25:54","date_gmt":"2022-09-23T14:25:54","guid":{"rendered":"https:\/\/www.cafmet.com\/?page_id=17458"},"modified":"2022-12-09T09:57:55","modified_gmt":"2022-12-09T08:57:55","slug":"management-qualite-dans-les-projets","status":"publish","type":"page","link":"https:\/\/www.cafmet.com\/en\/management-qualite-dans-les-projets\/","title":{"rendered":"Quality management in projects"},"content":{"rendered":"<section class=\"wpb-content-wrapper\"><div class=\"vc_row wpb_row vc_row-fluid\"><div class=\"wpb_column vc_column_container vc_col-sm-12\"><div class=\"vc_column-inner\"><div class=\"wpb_wrapper\">\n\t<div class=\"wpb_text_column wpb_content_element\" >\n\t\t<div class=\"wpb_wrapper\">\n\t\t\t<div class=\"wp-block-cover has-background-dim\"><img loading=\"lazy\" decoding=\"async\" width=\"2560\" height=\"1707\" class=\"wp-block-cover__image-background wp-image-17275\" src=\"https:\/\/www.cafmet.com\/wp-content\/uploads\/2022\/09\/pexels-roman-odintsov-4871011-scaled.jpg\" alt=\"\" data-object-fit=\"cover\" srcset=\"https:\/\/www.cafmet.com\/wp-content\/uploads\/2022\/09\/pexels-roman-odintsov-4871011-scaled.jpg 2560w, https:\/\/www.cafmet.com\/wp-content\/uploads\/2022\/09\/pexels-roman-odintsov-4871011-300x200.jpg 300w, https:\/\/www.cafmet.com\/wp-content\/uploads\/2022\/09\/pexels-roman-odintsov-4871011-1024x683.jpg 1024w, https:\/\/www.cafmet.com\/wp-content\/uploads\/2022\/09\/pexels-roman-odintsov-4871011-768x512.jpg 768w, https:\/\/www.cafmet.com\/wp-content\/uploads\/2022\/09\/pexels-roman-odintsov-4871011-1536x1024.jpg 1536w, https:\/\/www.cafmet.com\/wp-content\/uploads\/2022\/09\/pexels-roman-odintsov-4871011-2048x1365.jpg 2048w, https:\/\/www.cafmet.com\/wp-content\/uploads\/2022\/09\/pexels-roman-odintsov-4871011-18x12.jpg 18w, https:\/\/www.cafmet.com\/wp-content\/uploads\/2022\/09\/pexels-roman-odintsov-4871011-500x333.jpg 500w, https:\/\/www.cafmet.com\/wp-content\/uploads\/2022\/09\/pexels-roman-odintsov-4871011-800x533.jpg 800w, https:\/\/www.cafmet.com\/wp-content\/uploads\/2022\/09\/pexels-roman-odintsov-4871011-1280x853.jpg 1280w, https:\/\/www.cafmet.com\/wp-content\/uploads\/2022\/09\/pexels-roman-odintsov-4871011-1920x1280.jpg 1920w, https:\/\/www.cafmet.com\/wp-content\/uploads\/2022\/09\/pexels-roman-odintsov-4871011-600x400.jpg 600w\" sizes=\"(max-width: 2560px) 100vw, 2560px\" \/><\/p>\n<div class=\"wp-block-cover__inner-container is-layout-flow wp-block-cover-is-layout-flow\">\n<h1 class=\"has-text-align-center wp-block-heading\" style=\"font-size: 40px;\">Qualit\u00e9 dans les projets<\/h1>\n<p class=\"has-text-align-center\" style=\"font-size: 25px;\"><strong>TIME : 2 DAYS (14 HOURS)<\/strong><\/p>\n<\/div>\n<\/div>\n\n\t\t<\/div>\n\t<\/div>\n<\/div><\/div><\/div><\/div><div class=\"vc_row wpb_row vc_row-fluid\"><div class=\"wpb_column vc_column_container vc_col-sm-12\"><div class=\"vc_column-inner\"><div class=\"wpb_wrapper\"><div class=\"vc_separator wpb_content_element vc_separator_align_center vc_sep_width_20 vc_sep_shadow vc_sep_pos_align_center vc_separator_no_text vc_sep_color_black\" ><span class=\"vc_sep_holder vc_sep_holder_l\"><span class=\"vc_sep_line\"><\/span><\/span><span class=\"vc_sep_holder vc_sep_holder_r\"><span class=\"vc_sep_line\"><\/span><\/span>\n<\/div><\/div><\/div><\/div><\/div><div class=\"vc_row wpb_row vc_row-fluid\"><div class=\"wpb_column vc_column_container vc_col-sm-6\"><div class=\"vc_column-inner\"><div class=\"wpb_wrapper\">\n\t<div class=\"wpb_text_column wpb_content_element  vc_custom_1668699234804\" >\n\t\t<div class=\"wpb_wrapper\">\n\t\t\t<h2><span style=\"color: #000000;\"><strong><img loading=\"lazy\" decoding=\"async\" class=\"alignleft wp-image-17473\" src=\"https:\/\/www.cafmet.com\/wp-content\/uploads\/2022\/10\/image-programme-300x197.png\" alt=\"\" width=\"155\" height=\"102\" srcset=\"https:\/\/www.cafmet.com\/wp-content\/uploads\/2022\/10\/image-programme-300x197.png 300w, https:\/\/www.cafmet.com\/wp-content\/uploads\/2022\/10\/image-programme-1024x671.png 1024w, https:\/\/www.cafmet.com\/wp-content\/uploads\/2022\/10\/image-programme-768x503.png 768w, https:\/\/www.cafmet.com\/wp-content\/uploads\/2022\/10\/image-programme-18x12.png 18w, https:\/\/www.cafmet.com\/wp-content\/uploads\/2022\/10\/image-programme-500x328.png 500w, https:\/\/www.cafmet.com\/wp-content\/uploads\/2022\/10\/image-programme-800x524.png 800w, https:\/\/www.cafmet.com\/wp-content\/uploads\/2022\/10\/image-programme-600x393.png 600w, https:\/\/www.cafmet.com\/wp-content\/uploads\/2022\/10\/image-programme.png 1280w\" sizes=\"(max-width: 155px) 100vw, 155px\" \/>Program<\/strong><\/span><\/h2>\n<hr \/>\n<h5>\u00a0<\/h5>\n<h5>\u00a0<\/h5>\n<h5><em><span style=\"color: #000000;\">Concepts and definitions of project management<\/span><\/em><\/h5>\n<h5>\u00a0<\/h5>\n<h5><em><span style=\"color: #000000;\">Normative context: standards applicable to project management and quality assurance<\/span><\/em><\/h5>\n<h5>\u00a0<\/h5>\n<h5><em><span style=\"color: #000000;\">Roles and activities of the quality assurance manager<\/span><\/em><\/h5>\n<h5>\u00a0<\/h5>\n<h5><em><span style=\"color: #000000;\">D\u00e9finition\u00a0 et mise en oeuvre du plan assurance qualit\u00e9 d&rsquo;un projet<\/span><\/em><\/h5>\n<h5>\u00a0<\/h5>\n<h5><em>Tools for project quality assurance<\/em><\/h5>\n<p>&nbsp;<\/p>\n<h5><em>Project risk analysis<\/em><\/h5>\n<h5>\u00a0<\/h5>\n<h5><em>\u00c9valuation et mesures d&rsquo;am\u00e9lioration<\/em><\/h5>\n<h5>\u00a0<\/h5>\n<h5><em>\u00c9tudes de cas et retours d&rsquo;exp\u00e9riences<\/em><\/h5>\n<p>&nbsp;<\/p>\n\n\t\t<\/div>\n\t<\/div>\n\n\t<div class=\"wpb_text_column wpb_content_element  vc_custom_1668699290059\" >\n\t\t<div class=\"wpb_wrapper\">\n\t\t\t<h2><span style=\"color: #000000;\"><strong><img loading=\"lazy\" decoding=\"async\" class=\"alignleft wp-image-17477\" src=\"https:\/\/www.cafmet.com\/wp-content\/uploads\/2022\/10\/image-modalite-devaluation-300x300.png\" alt=\"\" width=\"84\" height=\"84\" srcset=\"https:\/\/www.cafmet.com\/wp-content\/uploads\/2022\/10\/image-modalite-devaluation-300x300.png 300w, https:\/\/www.cafmet.com\/wp-content\/uploads\/2022\/10\/image-modalite-devaluation-1024x1024.png 1024w, https:\/\/www.cafmet.com\/wp-content\/uploads\/2022\/10\/image-modalite-devaluation-150x150.png 150w, https:\/\/www.cafmet.com\/wp-content\/uploads\/2022\/10\/image-modalite-devaluation-768x768.png 768w, https:\/\/www.cafmet.com\/wp-content\/uploads\/2022\/10\/image-modalite-devaluation-1536x1536.png 1536w, https:\/\/www.cafmet.com\/wp-content\/uploads\/2022\/10\/image-modalite-devaluation-12x12.png 12w, https:\/\/www.cafmet.com\/wp-content\/uploads\/2022\/10\/image-modalite-devaluation-500x500.png 500w, https:\/\/www.cafmet.com\/wp-content\/uploads\/2022\/10\/image-modalite-devaluation-800x800.png 800w, https:\/\/www.cafmet.com\/wp-content\/uploads\/2022\/10\/image-modalite-devaluation-1280x1280.png 1280w, https:\/\/www.cafmet.com\/wp-content\/uploads\/2022\/10\/image-modalite-devaluation-40x40.png 40w, https:\/\/www.cafmet.com\/wp-content\/uploads\/2022\/10\/image-modalite-devaluation-175x175.png 175w, https:\/\/www.cafmet.com\/wp-content\/uploads\/2022\/10\/image-modalite-devaluation-70x70.png 70w, https:\/\/www.cafmet.com\/wp-content\/uploads\/2022\/10\/image-modalite-devaluation-255x255.png 255w, https:\/\/www.cafmet.com\/wp-content\/uploads\/2022\/10\/image-modalite-devaluation-278x278.png 278w, https:\/\/www.cafmet.com\/wp-content\/uploads\/2022\/10\/image-modalite-devaluation-600x600.png 600w, https:\/\/www.cafmet.com\/wp-content\/uploads\/2022\/10\/image-modalite-devaluation-100x100.png 100w, https:\/\/www.cafmet.com\/wp-content\/uploads\/2022\/10\/image-modalite-devaluation.png 1920w\" sizes=\"(max-width: 84px) 100vw, 84px\" \/>Evaluation methods<\/strong><\/span><\/h2>\n<hr \/>\n<h5>\u00a0<\/h5>\n<h5><em><span style=\"color: #000000;\">Quizzes are offered to evaluate the acquisition of your skills<\/span><\/em><\/h5>\n<p>&nbsp;<\/p>\n\n\t\t<\/div>\n\t<\/div>\n\n\t<div class=\"wpb_text_column wpb_content_element  vc_custom_1668699363010\" >\n\t\t<div class=\"wpb_wrapper\">\n\t\t\t<h2><span style=\"color: #000000;\"><strong><img loading=\"lazy\" decoding=\"async\" class=\"alignleft wp-image-17479\" src=\"https:\/\/www.cafmet.com\/wp-content\/uploads\/2022\/10\/image-prerequis-300x230.jpg\" alt=\"\" width=\"85\" height=\"65\" srcset=\"https:\/\/www.cafmet.com\/wp-content\/uploads\/2022\/10\/image-prerequis-300x230.jpg 300w, https:\/\/www.cafmet.com\/wp-content\/uploads\/2022\/10\/image-prerequis-16x12.jpg 16w, https:\/\/www.cafmet.com\/wp-content\/uploads\/2022\/10\/image-prerequis-500x383.jpg 500w, https:\/\/www.cafmet.com\/wp-content\/uploads\/2022\/10\/image-prerequis-224x175.jpg 224w, https:\/\/www.cafmet.com\/wp-content\/uploads\/2022\/10\/image-prerequis-600x459.jpg 600w, https:\/\/www.cafmet.com\/wp-content\/uploads\/2022\/10\/image-prerequis.jpg 640w\" sizes=\"(max-width: 85px) 100vw, 85px\" \/>Prerequisites<\/strong><\/span><\/h2>\n<hr \/>\n<h5>\u00a0<\/h5>\n<h5><em><span style=\"color: #000000;\">No prerequisites required<\/span><\/em><\/h5>\n<p>&nbsp;<\/p>\n\n\t\t<\/div>\n\t<\/div>\n\n\t<div class=\"wpb_text_column wpb_content_element  vc_custom_1670576269047\" >\n\t\t<div class=\"wpb_wrapper\">\n\t\t\t<h2><span style=\"color: #000000;\">Rate<\/span><\/h2>\n<hr \/>\n<h4 style=\"text-align: center;\"><em><strong>1 420\u20ac HT * **<\/strong><\/em><\/h4>\n<p>&nbsp;<\/p>\n<h5><em>* A 15% discount is given to CAFMET members<\/em><\/h5>\n<h5><em>** For distance learning, a 10% discount is applied<\/em><\/h5>\n<p>&nbsp;<\/p>\n\n\t\t<\/div>\n\t<\/div>\n<\/div><\/div><\/div><div class=\"wpb_column vc_column_container vc_col-sm-6\"><div class=\"vc_column-inner\"><div class=\"wpb_wrapper\">\n\t<div class=\"wpb_text_column wpb_content_element  vc_custom_1670576141750\" >\n\t\t<div class=\"wpb_wrapper\">\n\t\t\t<h2><span style=\"color: #000000;\"><strong><img loading=\"lazy\" decoding=\"async\" class=\"alignleft wp-image-17476\" src=\"https:\/\/www.cafmet.com\/wp-content\/uploads\/2022\/10\/Image-outils-pedagogiques-176x300.png\" alt=\"\" width=\"60\" height=\"102\" srcset=\"https:\/\/www.cafmet.com\/wp-content\/uploads\/2022\/10\/Image-outils-pedagogiques-176x300.png 176w, https:\/\/www.cafmet.com\/wp-content\/uploads\/2022\/10\/Image-outils-pedagogiques-601x1024.png 601w, https:\/\/www.cafmet.com\/wp-content\/uploads\/2022\/10\/Image-outils-pedagogiques-7x12.png 7w, https:\/\/www.cafmet.com\/wp-content\/uploads\/2022\/10\/Image-outils-pedagogiques-500x852.png 500w, https:\/\/www.cafmet.com\/wp-content\/uploads\/2022\/10\/Image-outils-pedagogiques-600x1023.png 600w, https:\/\/www.cafmet.com\/wp-content\/uploads\/2022\/10\/Image-outils-pedagogiques.png 751w\" sizes=\"(max-width: 60px) 100vw, 60px\" \/>Teaching aids<\/strong><\/span><\/h2>\n<hr \/>\n<h5>\u00a0<\/h5>\n<h5><em><span style=\"color: #000000;\">Presentations<\/span><\/em><\/h5>\n<h6>\u00a0<\/h6>\n<h5><em>Workshops<\/em><\/h5>\n<h6>\u00a0<\/h6>\n<h5><em><span style=\"color: #000000;\">Exercises<\/span><\/em><\/h5>\n<h6>\u00a0<\/h6>\n<h5><em>Exchanges and discussions<\/em><\/h5>\n<p>&nbsp;<\/p>\n<h5><em>File given to each participant<\/em><\/h5>\n<p>&nbsp;<\/p>\n\n\t\t<\/div>\n\t<\/div>\n\n\t<div class=\"wpb_text_column wpb_content_element  vc_custom_1668699328155\" >\n\t\t<div class=\"wpb_wrapper\">\n\t\t\t<h2><span style=\"color: #000000;\"><strong><img loading=\"lazy\" decoding=\"async\" class=\"alignleft wp-image-17480\" src=\"https:\/\/www.cafmet.com\/wp-content\/uploads\/2022\/10\/image-objectifs-300x300.png\" alt=\"\" width=\"84\" height=\"84\" srcset=\"https:\/\/www.cafmet.com\/wp-content\/uploads\/2022\/10\/image-objectifs-300x300.png 300w, https:\/\/www.cafmet.com\/wp-content\/uploads\/2022\/10\/image-objectifs-1024x1024.png 1024w, https:\/\/www.cafmet.com\/wp-content\/uploads\/2022\/10\/image-objectifs-150x150.png 150w, https:\/\/www.cafmet.com\/wp-content\/uploads\/2022\/10\/image-objectifs-768x768.png 768w, https:\/\/www.cafmet.com\/wp-content\/uploads\/2022\/10\/image-objectifs-1536x1536.png 1536w, https:\/\/www.cafmet.com\/wp-content\/uploads\/2022\/10\/image-objectifs-12x12.png 12w, https:\/\/www.cafmet.com\/wp-content\/uploads\/2022\/10\/image-objectifs-500x500.png 500w, https:\/\/www.cafmet.com\/wp-content\/uploads\/2022\/10\/image-objectifs-800x800.png 800w, https:\/\/www.cafmet.com\/wp-content\/uploads\/2022\/10\/image-objectifs-1280x1280.png 1280w, https:\/\/www.cafmet.com\/wp-content\/uploads\/2022\/10\/image-objectifs-40x40.png 40w, https:\/\/www.cafmet.com\/wp-content\/uploads\/2022\/10\/image-objectifs-175x175.png 175w, https:\/\/www.cafmet.com\/wp-content\/uploads\/2022\/10\/image-objectifs-70x70.png 70w, https:\/\/www.cafmet.com\/wp-content\/uploads\/2022\/10\/image-objectifs-255x255.png 255w, https:\/\/www.cafmet.com\/wp-content\/uploads\/2022\/10\/image-objectifs-278x278.png 278w, https:\/\/www.cafmet.com\/wp-content\/uploads\/2022\/10\/image-objectifs-600x600.png 600w, https:\/\/www.cafmet.com\/wp-content\/uploads\/2022\/10\/image-objectifs-100x100.png 100w, https:\/\/www.cafmet.com\/wp-content\/uploads\/2022\/10\/image-objectifs.png 1920w\" sizes=\"(max-width: 84px) 100vw, 84px\" \/>Targets<\/strong><\/span><\/h2>\n<hr \/>\n<h5>\u00a0<\/h5>\n<h5><em><span style=\"color: #000000;\">Deploying a quality assurance plan in a project<\/span><\/em><\/h5>\n<h5>\u00a0<\/h5>\n<h5><em><span style=\"color: #000000;\">Participate in the quality control of a project<\/span><\/em><\/h5>\n<h5>\u00a0<\/h5>\n<h5><em><span style=\"color: #000000;\">Know the normative references applicable to project management<\/span><\/em><\/h5>\n<p>&nbsp;<\/p>\n\n\t\t<\/div>\n\t<\/div>\n\n\t<div class=\"wpb_text_column wpb_content_element  vc_custom_1668699387555\" >\n\t\t<div class=\"wpb_wrapper\">\n\t\t\t<h2><span style=\"color: #000000;\"><strong><img loading=\"lazy\" decoding=\"async\" class=\"alignleft wp-image-17481\" src=\"https:\/\/www.cafmet.com\/wp-content\/uploads\/2022\/10\/image-public-vise-300x194.jpg\" alt=\"\" width=\"102\" height=\"66\" srcset=\"https:\/\/www.cafmet.com\/wp-content\/uploads\/2022\/10\/image-public-vise-300x194.jpg 300w, https:\/\/www.cafmet.com\/wp-content\/uploads\/2022\/10\/image-public-vise-1024x662.jpg 1024w, https:\/\/www.cafmet.com\/wp-content\/uploads\/2022\/10\/image-public-vise-768x496.jpg 768w, https:\/\/www.cafmet.com\/wp-content\/uploads\/2022\/10\/image-public-vise-1536x993.jpg 1536w, https:\/\/www.cafmet.com\/wp-content\/uploads\/2022\/10\/image-public-vise-18x12.jpg 18w, https:\/\/www.cafmet.com\/wp-content\/uploads\/2022\/10\/image-public-vise-500x323.jpg 500w, https:\/\/www.cafmet.com\/wp-content\/uploads\/2022\/10\/image-public-vise-800x517.jpg 800w, https:\/\/www.cafmet.com\/wp-content\/uploads\/2022\/10\/image-public-vise-1280x827.jpg 1280w, https:\/\/www.cafmet.com\/wp-content\/uploads\/2022\/10\/image-public-vise-600x388.jpg 600w, https:\/\/www.cafmet.com\/wp-content\/uploads\/2022\/10\/image-public-vise.jpg 1920w\" sizes=\"(max-width: 102px) 100vw, 102px\" \/>Target audience<\/strong><\/span><\/h2>\n<hr \/>\n<h5>\u00a0<\/h5>\n<h5><em><span style=\"color: #000000;\">Project Managers<\/span><\/em><\/h5>\n<h5>\u00a0<\/h5>\n<h5><span style=\"color: #000000;\"><em>Project Quality Assurance Managers<\/em><\/span><\/h5>\n<h5>\u00a0<\/h5>\n<h5><span style=\"color: #000000;\"><em>Members of a project team<\/em><\/span><\/h5>\n<p>&nbsp;<\/p>\n<h5><span style=\"color: #000000;\"><em>Any interested person<\/em><\/span><\/h5>\n<p>&nbsp;<\/p>\n\n\t\t<\/div>\n\t<\/div>\n<\/div><\/div><\/div><\/div><div class=\"vc_row wpb_row vc_row-fluid\"><div class=\"wpb_column vc_column_container vc_col-sm-12\"><div class=\"vc_column-inner\"><div class=\"wpb_wrapper\"><div class=\"vc_btn3-container vc_btn3-inline\" ><a class=\"vc_general vc_btn3 vc_btn3-size-md vc_btn3-shape-rounded vc_btn3-style-modern vc_btn3-color-primary\" href=\"https:\/\/www.cafmet.com\/en\/17156-2\/\" title=\"Ma\u00eetrise statistique des processus\">Retour aux formations \"Projets et M\u00e9thodes\"<\/a><\/div><\/div><\/div><\/div><\/div><\/section>","protected":false},"excerpt":{"rendered":"Qualit\u00e9 dans les projets DUREE : 2 JOURS (14 heures) Programme \u00a0 \u00a0 Concepts et d\u00e9finitions du management de projet \u00a0 Contexte normatif : r\u00e9f\u00e9rentiels applicables au management et \u00e0 l'assurance qualit\u00e9 des projets \u00a0 R\u00f4les et activit\u00e9s du responsable assurance qualit\u00e9 \u00a0 D\u00e9finition\u00a0 et mise en oeuvre du plan assurance qualit\u00e9 d'un projet \u00a0","protected":false},"author":1,"featured_media":0,"parent":0,"menu_order":0,"comment_status":"closed","ping_status":"closed","template":"","meta":{"footnotes":"","_vp_format_video_url":"","_vp_image_focal_point":[]},"yoast_head":"<!-- This site is optimized with the Yoast SEO plugin v21.8 - https:\/\/yoast.com\/wordpress\/plugins\/seo\/ -->\n<title>Management qualit\u00e9 dans les projets - CAFMET<\/title>\n<meta name=\"robots\" content=\"index, follow, max-snippet:-1, max-image-preview:large, max-video-preview:-1\" \/>\n<link rel=\"canonical\" href=\"https:\/\/www.cafmet.com\/en\/management-qualite-dans-les-projets\/\" \/>\n<meta property=\"og:locale\" content=\"en_GB\" \/>\n<meta property=\"og:type\" content=\"article\" \/>\n<meta property=\"og:title\" content=\"Management qualit\u00e9 dans les projets - CAFMET\" \/>\n<meta property=\"og:url\" content=\"https:\/\/www.cafmet.com\/en\/management-qualite-dans-les-projets\/\" \/>\n<meta property=\"og:site_name\" content=\"CAFMET\" \/>\n<meta property=\"article:modified_time\" content=\"2022-12-09T08:57:55+00:00\" \/>\n<meta property=\"og:image\" content=\"https:\/\/www.cafmet.com\/wp-content\/uploads\/2022\/09\/pexels-roman-odintsov-4871011-scaled.jpg\" \/>\n<meta name=\"twitter:card\" content=\"summary_large_image\" \/>\n<meta name=\"twitter:label1\" content=\"Estimated reading time\" \/>\n\t<meta name=\"twitter:data1\" content=\"3 minutes\" \/>\n<script type=\"application\/ld+json\" class=\"yoast-schema-graph\">{\"@context\":\"https:\/\/schema.org\",\"@graph\":[{\"@type\":\"WebPage\",\"@id\":\"https:\/\/www.cafmet.com\/management-qualite-dans-les-projets\/\",\"url\":\"https:\/\/www.cafmet.com\/management-qualite-dans-les-projets\/\",\"name\":\"Management qualit\u00e9 dans les projets - CAFMET\",\"isPartOf\":{\"@id\":\"https:\/\/www.cafmet.com\/#website\"},\"datePublished\":\"2022-09-23T14:25:54+00:00\",\"dateModified\":\"2022-12-09T08:57:55+00:00\",\"breadcrumb\":{\"@id\":\"https:\/\/www.cafmet.com\/management-qualite-dans-les-projets\/#breadcrumb\"},\"inLanguage\":\"en-GB\",\"potentialAction\":[{\"@type\":\"ReadAction\",\"target\":[\"https:\/\/www.cafmet.com\/management-qualite-dans-les-projets\/\"]}]},{\"@type\":\"BreadcrumbList\",\"@id\":\"https:\/\/www.cafmet.com\/management-qualite-dans-les-projets\/#breadcrumb\",\"itemListElement\":[{\"@type\":\"ListItem\",\"position\":1,\"name\":\"Accueil\",\"item\":\"https:\/\/www.cafmet.com\/\"},{\"@type\":\"ListItem\",\"position\":2,\"name\":\"Management qualit\u00e9 dans les projets\"}]},{\"@type\":\"WebSite\",\"@id\":\"https:\/\/www.cafmet.com\/#website\",\"url\":\"https:\/\/www.cafmet.com\/\",\"name\":\"CAFMET\",\"description\":\"\",\"potentialAction\":[{\"@type\":\"SearchAction\",\"target\":{\"@type\":\"EntryPoint\",\"urlTemplate\":\"https:\/\/www.cafmet.com\/?s={search_term_string}\"},\"query-input\":\"required name=search_term_string\"}],\"inLanguage\":\"en-GB\"}]}<\/script>\n<!-- \/ Yoast SEO plugin. -->","yoast_head_json":{"title":"Management qualit\u00e9 dans les projets - CAFMET","robots":{"index":"index","follow":"follow","max-snippet":"max-snippet:-1","max-image-preview":"max-image-preview:large","max-video-preview":"max-video-preview:-1"},"canonical":"https:\/\/www.cafmet.com\/en\/management-qualite-dans-les-projets\/","og_locale":"en_GB","og_type":"article","og_title":"Management qualit\u00e9 dans les projets - CAFMET","og_url":"https:\/\/www.cafmet.com\/en\/management-qualite-dans-les-projets\/","og_site_name":"CAFMET","article_modified_time":"2022-12-09T08:57:55+00:00","og_image":[{"url":"https:\/\/www.cafmet.com\/wp-content\/uploads\/2022\/09\/pexels-roman-odintsov-4871011-scaled.jpg"}],"twitter_card":"summary_large_image","twitter_misc":{"Estimated reading time":"3 minutes"},"schema":{"@context":"https:\/\/schema.org","@graph":[{"@type":"WebPage","@id":"https:\/\/www.cafmet.com\/management-qualite-dans-les-projets\/","url":"https:\/\/www.cafmet.com\/management-qualite-dans-les-projets\/","name":"Management qualit\u00e9 dans les projets - CAFMET","isPartOf":{"@id":"https:\/\/www.cafmet.com\/#website"},"datePublished":"2022-09-23T14:25:54+00:00","dateModified":"2022-12-09T08:57:55+00:00","breadcrumb":{"@id":"https:\/\/www.cafmet.com\/management-qualite-dans-les-projets\/#breadcrumb"},"inLanguage":"en-GB","potentialAction":[{"@type":"ReadAction","target":["https:\/\/www.cafmet.com\/management-qualite-dans-les-projets\/"]}]},{"@type":"BreadcrumbList","@id":"https:\/\/www.cafmet.com\/management-qualite-dans-les-projets\/#breadcrumb","itemListElement":[{"@type":"ListItem","position":1,"name":"Accueil","item":"https:\/\/www.cafmet.com\/"},{"@type":"ListItem","position":2,"name":"Management qualit\u00e9 dans les projets"}]},{"@type":"WebSite","@id":"https:\/\/www.cafmet.com\/#website","url":"https:\/\/www.cafmet.com\/","name":"CAFMET","description":"","potentialAction":[{"@type":"SearchAction","target":{"@type":"EntryPoint","urlTemplate":"https:\/\/www.cafmet.com\/?s={search_term_string}"},"query-input":"required name=search_term_string"}],"inLanguage":"en-GB"}]}},"_links":{"self":[{"href":"https:\/\/www.cafmet.com\/en\/wp-json\/wp\/v2\/pages\/17458"}],"collection":[{"href":"https:\/\/www.cafmet.com\/en\/wp-json\/wp\/v2\/pages"}],"about":[{"href":"https:\/\/www.cafmet.com\/en\/wp-json\/wp\/v2\/types\/page"}],"author":[{"embeddable":true,"href":"https:\/\/www.cafmet.com\/en\/wp-json\/wp\/v2\/users\/1"}],"replies":[{"embeddable":true,"href":"https:\/\/www.cafmet.com\/en\/wp-json\/wp\/v2\/comments?post=17458"}],"version-history":[{"count":0,"href":"https:\/\/www.cafmet.com\/en\/wp-json\/wp\/v2\/pages\/17458\/revisions"}],"wp:attachment":[{"href":"https:\/\/www.cafmet.com\/en\/wp-json\/wp\/v2\/media?parent=17458"}],"curies":[{"name":"wp","href":"https:\/\/api.w.org\/{rel}","templated":true}]}}