{"id":17415,"date":"2022-09-23T14:35:22","date_gmt":"2022-09-23T12:35:22","guid":{"rendered":"https:\/\/www.cafmet.com\/?page_id=17415"},"modified":"2022-12-08T15:53:18","modified_gmt":"2022-12-08T14:53:18","slug":"la-fonction-metrologie-dans-lentreprise","status":"publish","type":"page","link":"https:\/\/www.cafmet.com\/en\/la-fonction-metrologie-dans-lentreprise\/","title":{"rendered":"The metrology function in the company"},"content":{"rendered":"<section class=\"wpb-content-wrapper\"><div class=\"vc_row wpb_row vc_row-fluid\"><div class=\"wpb_column vc_column_container vc_col-sm-12\"><div class=\"vc_column-inner\"><div class=\"wpb_wrapper\">\n\t<div class=\"wpb_text_column wpb_content_element\" >\n\t\t<div class=\"wpb_wrapper\">\n\t\t\t<div class=\"wp-block-cover has-background-dim\"><img loading=\"lazy\" decoding=\"async\" width=\"1024\" height=\"683\" class=\"wp-block-cover__image-background wp-image-17275\" src=\"https:\/\/www.cafmet.com\/wp-content\/uploads\/2022\/09\/pexels-roman-odintsov-4871011-1024x683.jpg\" alt=\"\" data-object-fit=\"cover\" srcset=\"https:\/\/www.cafmet.com\/wp-content\/uploads\/2022\/09\/pexels-roman-odintsov-4871011-1024x683.jpg 1024w, https:\/\/www.cafmet.com\/wp-content\/uploads\/2022\/09\/pexels-roman-odintsov-4871011-300x200.jpg 300w, https:\/\/www.cafmet.com\/wp-content\/uploads\/2022\/09\/pexels-roman-odintsov-4871011-768x512.jpg 768w, https:\/\/www.cafmet.com\/wp-content\/uploads\/2022\/09\/pexels-roman-odintsov-4871011-1536x1024.jpg 1536w, https:\/\/www.cafmet.com\/wp-content\/uploads\/2022\/09\/pexels-roman-odintsov-4871011-2048x1365.jpg 2048w, https:\/\/www.cafmet.com\/wp-content\/uploads\/2022\/09\/pexels-roman-odintsov-4871011-18x12.jpg 18w, https:\/\/www.cafmet.com\/wp-content\/uploads\/2022\/09\/pexels-roman-odintsov-4871011-500x333.jpg 500w, https:\/\/www.cafmet.com\/wp-content\/uploads\/2022\/09\/pexels-roman-odintsov-4871011-800x533.jpg 800w, https:\/\/www.cafmet.com\/wp-content\/uploads\/2022\/09\/pexels-roman-odintsov-4871011-1280x853.jpg 1280w, https:\/\/www.cafmet.com\/wp-content\/uploads\/2022\/09\/pexels-roman-odintsov-4871011-1920x1280.jpg 1920w, https:\/\/www.cafmet.com\/wp-content\/uploads\/2022\/09\/pexels-roman-odintsov-4871011-600x400.jpg 600w\" sizes=\"(max-width: 1024px) 100vw, 1024px\" \/><\/p>\n<div class=\"wp-block-cover__inner-container is-layout-flow wp-block-cover-is-layout-flow\">\n<h1 class=\"has-text-align-center wp-block-heading\" style=\"font-size: 40px;\">Metrology function in the company<\/h1>\n<p class=\"has-text-align-center\" style=\"font-size: 25px;\"><strong>TIME : 2 DAYS (14 HOURS)<\/strong><\/p>\n<\/div>\n<\/div>\n\n\t\t<\/div>\n\t<\/div>\n<\/div><\/div><\/div><\/div><div class=\"vc_row wpb_row vc_row-fluid\"><div class=\"wpb_column vc_column_container vc_col-sm-12\"><div class=\"vc_column-inner\"><div class=\"wpb_wrapper\"><div class=\"vc_separator wpb_content_element vc_separator_align_center vc_sep_width_20 vc_sep_shadow vc_sep_pos_align_center vc_separator_no_text vc_sep_color_black\" ><span class=\"vc_sep_holder vc_sep_holder_l\"><span class=\"vc_sep_line\"><\/span><\/span><span class=\"vc_sep_holder vc_sep_holder_r\"><span class=\"vc_sep_line\"><\/span><\/span>\n<\/div><\/div><\/div><\/div><\/div><div class=\"vc_row wpb_row vc_row-fluid\"><div class=\"wpb_column vc_column_container vc_col-sm-6\"><div class=\"vc_column-inner\"><div class=\"wpb_wrapper\">\n\t<div class=\"wpb_text_column wpb_content_element  vc_custom_1668612708631\" >\n\t\t<div class=\"wpb_wrapper\">\n\t\t\t<h2><span style=\"color: #000000;\"><strong><img loading=\"lazy\" decoding=\"async\" class=\"alignleft wp-image-17473\" src=\"https:\/\/www.cafmet.com\/wp-content\/uploads\/2022\/10\/image-programme-300x197.png\" alt=\"\" width=\"155\" height=\"102\" srcset=\"https:\/\/www.cafmet.com\/wp-content\/uploads\/2022\/10\/image-programme-300x197.png 300w, https:\/\/www.cafmet.com\/wp-content\/uploads\/2022\/10\/image-programme-1024x671.png 1024w, https:\/\/www.cafmet.com\/wp-content\/uploads\/2022\/10\/image-programme-768x503.png 768w, https:\/\/www.cafmet.com\/wp-content\/uploads\/2022\/10\/image-programme-18x12.png 18w, https:\/\/www.cafmet.com\/wp-content\/uploads\/2022\/10\/image-programme-500x328.png 500w, https:\/\/www.cafmet.com\/wp-content\/uploads\/2022\/10\/image-programme-800x524.png 800w, https:\/\/www.cafmet.com\/wp-content\/uploads\/2022\/10\/image-programme-600x393.png 600w, https:\/\/www.cafmet.com\/wp-content\/uploads\/2022\/10\/image-programme.png 1280w\" sizes=\"(max-width: 155px) 100vw, 155px\" \/>Program<\/strong><\/span><\/h2>\n<hr \/>\n<h5>\u00a0<\/h5>\n<h5>\u00a0<\/h5>\n<h5><em>The fundamentals of metrology<\/em><\/h5>\n<p>&nbsp;<\/p>\n<h5><em>Presentation and interpretation of the requirements of the<\/em><br \/><em>ISO 10012 standard<\/em><\/h5>\n<p>&nbsp;<\/p>\n<h5><em>Management of a metrological park, follow-up and monitoring<\/em><br \/><em>of measuring equipment<\/em><\/h5>\n<p>&nbsp;<\/p>\n<h5><em>Calibration and verification of a measuring device<\/em><br \/><em>in-house with a competent body<\/em><\/h5>\n<p>&nbsp;<\/p>\n<h5><em>Evaluation of a measurement uncertainty of a measuring device<\/em><br \/><em>and monitoring of its drift<\/em><\/h5>\n<p>&nbsp;<\/p>\n<h5><em>Practical work : case studies<\/em><\/h5>\n\n\t\t<\/div>\n\t<\/div>\n\n\t<div class=\"wpb_text_column wpb_content_element  vc_custom_1668612793950\" >\n\t\t<div class=\"wpb_wrapper\">\n\t\t\t<h2><span style=\"color: #000000;\"><strong><img loading=\"lazy\" decoding=\"async\" class=\"alignnone wp-image-17477\" src=\"https:\/\/www.cafmet.com\/wp-content\/uploads\/2022\/10\/image-modalite-devaluation-300x300.png\" alt=\"\" width=\"84\" height=\"84\" srcset=\"https:\/\/www.cafmet.com\/wp-content\/uploads\/2022\/10\/image-modalite-devaluation-300x300.png 300w, https:\/\/www.cafmet.com\/wp-content\/uploads\/2022\/10\/image-modalite-devaluation-1024x1024.png 1024w, https:\/\/www.cafmet.com\/wp-content\/uploads\/2022\/10\/image-modalite-devaluation-150x150.png 150w, https:\/\/www.cafmet.com\/wp-content\/uploads\/2022\/10\/image-modalite-devaluation-768x768.png 768w, https:\/\/www.cafmet.com\/wp-content\/uploads\/2022\/10\/image-modalite-devaluation-1536x1536.png 1536w, https:\/\/www.cafmet.com\/wp-content\/uploads\/2022\/10\/image-modalite-devaluation-12x12.png 12w, https:\/\/www.cafmet.com\/wp-content\/uploads\/2022\/10\/image-modalite-devaluation-500x500.png 500w, https:\/\/www.cafmet.com\/wp-content\/uploads\/2022\/10\/image-modalite-devaluation-800x800.png 800w, https:\/\/www.cafmet.com\/wp-content\/uploads\/2022\/10\/image-modalite-devaluation-1280x1280.png 1280w, https:\/\/www.cafmet.com\/wp-content\/uploads\/2022\/10\/image-modalite-devaluation-40x40.png 40w, https:\/\/www.cafmet.com\/wp-content\/uploads\/2022\/10\/image-modalite-devaluation-175x175.png 175w, https:\/\/www.cafmet.com\/wp-content\/uploads\/2022\/10\/image-modalite-devaluation-70x70.png 70w, https:\/\/www.cafmet.com\/wp-content\/uploads\/2022\/10\/image-modalite-devaluation-255x255.png 255w, https:\/\/www.cafmet.com\/wp-content\/uploads\/2022\/10\/image-modalite-devaluation-278x278.png 278w, https:\/\/www.cafmet.com\/wp-content\/uploads\/2022\/10\/image-modalite-devaluation-600x600.png 600w, https:\/\/www.cafmet.com\/wp-content\/uploads\/2022\/10\/image-modalite-devaluation-100x100.png 100w, https:\/\/www.cafmet.com\/wp-content\/uploads\/2022\/10\/image-modalite-devaluation.png 1920w\" sizes=\"(max-width: 84px) 100vw, 84px\" \/>\u00a0 \u00a0Evaluation methods<\/strong><\/span><\/h2>\n<hr \/>\n<h5><em>QCM are offered to evaluate the acquisition of your skills<\/em><\/h5>\n\n\t\t<\/div>\n\t<\/div>\n\n\t<div class=\"wpb_text_column wpb_content_element  vc_custom_1668612841637\" >\n\t\t<div class=\"wpb_wrapper\">\n\t\t\t<h2><span style=\"color: #000000;\"><strong><img loading=\"lazy\" decoding=\"async\" class=\"alignnone wp-image-17479\" src=\"https:\/\/www.cafmet.com\/wp-content\/uploads\/2022\/10\/image-prerequis-300x230.jpg\" alt=\"\" width=\"85\" height=\"65\" srcset=\"https:\/\/www.cafmet.com\/wp-content\/uploads\/2022\/10\/image-prerequis-300x230.jpg 300w, https:\/\/www.cafmet.com\/wp-content\/uploads\/2022\/10\/image-prerequis-16x12.jpg 16w, https:\/\/www.cafmet.com\/wp-content\/uploads\/2022\/10\/image-prerequis-500x383.jpg 500w, https:\/\/www.cafmet.com\/wp-content\/uploads\/2022\/10\/image-prerequis-224x175.jpg 224w, https:\/\/www.cafmet.com\/wp-content\/uploads\/2022\/10\/image-prerequis-600x459.jpg 600w, https:\/\/www.cafmet.com\/wp-content\/uploads\/2022\/10\/image-prerequis.jpg 640w\" sizes=\"(max-width: 85px) 100vw, 85px\" \/>\u00a0 Prerequisites<\/strong><\/span><\/h2>\n<hr \/>\n<h5><em>Notions in metrology and quality management\u00a0<\/em><\/h5>\n\n\t\t<\/div>\n\t<\/div>\n\n\t<div class=\"wpb_text_column wpb_content_element  vc_custom_1670511191007\" >\n\t\t<div class=\"wpb_wrapper\">\n\t\t\t<h2><span style=\"color: #000000;\"><strong>\u00a0Rate<\/strong><\/span><\/h2>\n<hr \/>\n<h4 style=\"text-align: center;\"><strong><i>1 420\u20ac HT * **<\/i><\/strong><\/h4>\n<p>&nbsp;<\/p>\n<h5><em>* A 15% discount is given to CAFMET members<\/em><\/h5>\n<h5><em>** For distance learning, a 10% discount is applied<\/em><\/h5>\n\n\t\t<\/div>\n\t<\/div>\n<\/div><\/div><\/div><div class=\"wpb_column vc_column_container vc_col-sm-6\"><div class=\"vc_column-inner\"><div class=\"wpb_wrapper\">\n\t<div class=\"wpb_text_column wpb_content_element  vc_custom_1670511077910\" >\n\t\t<div class=\"wpb_wrapper\">\n\t\t\t<h2><span style=\"color: #000000;\"><strong><img loading=\"lazy\" decoding=\"async\" class=\"alignleft wp-image-17476\" src=\"https:\/\/www.cafmet.com\/wp-content\/uploads\/2022\/10\/Image-outils-pedagogiques-176x300.png\" alt=\"\" width=\"60\" height=\"102\" srcset=\"https:\/\/www.cafmet.com\/wp-content\/uploads\/2022\/10\/Image-outils-pedagogiques-176x300.png 176w, https:\/\/www.cafmet.com\/wp-content\/uploads\/2022\/10\/Image-outils-pedagogiques-601x1024.png 601w, https:\/\/www.cafmet.com\/wp-content\/uploads\/2022\/10\/Image-outils-pedagogiques-7x12.png 7w, https:\/\/www.cafmet.com\/wp-content\/uploads\/2022\/10\/Image-outils-pedagogiques-500x852.png 500w, https:\/\/www.cafmet.com\/wp-content\/uploads\/2022\/10\/Image-outils-pedagogiques-600x1023.png 600w, https:\/\/www.cafmet.com\/wp-content\/uploads\/2022\/10\/Image-outils-pedagogiques.png 751w\" sizes=\"(max-width: 60px) 100vw, 60px\" \/>Teaching aids<\/strong><\/span><\/h2>\n<hr \/>\n<h5>\u00a0<\/h5>\n<h5><em>Presentations<\/em><\/h5>\n<h6>\u00a0<\/h6>\n<h5><em>Exercises<\/em><\/h5>\n<h6>\u00a0<\/h6>\n<h5><em>Practical work\u00a0<\/em><\/h5>\n<h6>\u00a0<\/h6>\n<h5><em>Exchanges<\/em><\/h5>\n<h6>\u00a0<\/h6>\n<h5><em>File given to each participant<\/em><\/h5>\n\n\t\t<\/div>\n\t<\/div>\n\n\t<div class=\"wpb_text_column wpb_content_element  vc_custom_1668613018387\" >\n\t\t<div class=\"wpb_wrapper\">\n\t\t\t<h2><span style=\"color: #000000;\"><strong><img loading=\"lazy\" decoding=\"async\" class=\"alignnone wp-image-17480\" src=\"https:\/\/www.cafmet.com\/wp-content\/uploads\/2022\/10\/image-objectifs-300x300.png\" alt=\"\" width=\"84\" height=\"84\" srcset=\"https:\/\/www.cafmet.com\/wp-content\/uploads\/2022\/10\/image-objectifs-300x300.png 300w, https:\/\/www.cafmet.com\/wp-content\/uploads\/2022\/10\/image-objectifs-1024x1024.png 1024w, https:\/\/www.cafmet.com\/wp-content\/uploads\/2022\/10\/image-objectifs-150x150.png 150w, https:\/\/www.cafmet.com\/wp-content\/uploads\/2022\/10\/image-objectifs-768x768.png 768w, https:\/\/www.cafmet.com\/wp-content\/uploads\/2022\/10\/image-objectifs-1536x1536.png 1536w, https:\/\/www.cafmet.com\/wp-content\/uploads\/2022\/10\/image-objectifs-12x12.png 12w, https:\/\/www.cafmet.com\/wp-content\/uploads\/2022\/10\/image-objectifs-500x500.png 500w, https:\/\/www.cafmet.com\/wp-content\/uploads\/2022\/10\/image-objectifs-800x800.png 800w, https:\/\/www.cafmet.com\/wp-content\/uploads\/2022\/10\/image-objectifs-1280x1280.png 1280w, https:\/\/www.cafmet.com\/wp-content\/uploads\/2022\/10\/image-objectifs-40x40.png 40w, https:\/\/www.cafmet.com\/wp-content\/uploads\/2022\/10\/image-objectifs-175x175.png 175w, https:\/\/www.cafmet.com\/wp-content\/uploads\/2022\/10\/image-objectifs-70x70.png 70w, https:\/\/www.cafmet.com\/wp-content\/uploads\/2022\/10\/image-objectifs-255x255.png 255w, https:\/\/www.cafmet.com\/wp-content\/uploads\/2022\/10\/image-objectifs-278x278.png 278w, https:\/\/www.cafmet.com\/wp-content\/uploads\/2022\/10\/image-objectifs-600x600.png 600w, https:\/\/www.cafmet.com\/wp-content\/uploads\/2022\/10\/image-objectifs-100x100.png 100w, https:\/\/www.cafmet.com\/wp-content\/uploads\/2022\/10\/image-objectifs.png 1920w\" sizes=\"(max-width: 84px) 100vw, 84px\" \/> Targets<\/strong><\/span><\/h2>\n<hr \/>\n<h5><em>To know the interest of the control of the metrology in<\/em><br \/><em>a company <\/em><\/h5>\n<h5>\u00a0<\/h5>\n<h5><em>Understand the requirements of ISO 10012<\/em><\/h5>\n<h5>\u00a0<\/h5>\n<h5><em>Understand the measurement management system<\/em><\/h5>\n\n\t\t<\/div>\n\t<\/div>\n\n\t<div class=\"wpb_text_column wpb_content_element  vc_custom_1670511129247\" >\n\t\t<div class=\"wpb_wrapper\">\n\t\t\t<div id=\"main-content\">\n<div id=\"upside-page-content\">\n<div class=\"vc_row wpb_row vc_row-fluid\">\n<div class=\"wpb_column vc_column_container vc_col-sm-6\">\n<div class=\"vc_column-inner\">\n<div class=\"wpb_wrapper\">\n<div class=\"wpb_text_column wpb_content_element  vc_custom_1663854615350\">\n<div class=\"wpb_wrapper\">\n<h2><span style=\"color: #000000;\"><strong><img loading=\"lazy\" decoding=\"async\" class=\"alignnone wp-image-17481\" src=\"https:\/\/www.cafmet.com\/wp-content\/uploads\/2022\/10\/image-public-vise-300x194.jpg\" alt=\"\" width=\"102\" height=\"66\" srcset=\"https:\/\/www.cafmet.com\/wp-content\/uploads\/2022\/10\/image-public-vise-300x194.jpg 300w, https:\/\/www.cafmet.com\/wp-content\/uploads\/2022\/10\/image-public-vise-1024x662.jpg 1024w, https:\/\/www.cafmet.com\/wp-content\/uploads\/2022\/10\/image-public-vise-768x496.jpg 768w, https:\/\/www.cafmet.com\/wp-content\/uploads\/2022\/10\/image-public-vise-1536x993.jpg 1536w, https:\/\/www.cafmet.com\/wp-content\/uploads\/2022\/10\/image-public-vise-18x12.jpg 18w, https:\/\/www.cafmet.com\/wp-content\/uploads\/2022\/10\/image-public-vise-500x323.jpg 500w, https:\/\/www.cafmet.com\/wp-content\/uploads\/2022\/10\/image-public-vise-800x517.jpg 800w, https:\/\/www.cafmet.com\/wp-content\/uploads\/2022\/10\/image-public-vise-1280x827.jpg 1280w, https:\/\/www.cafmet.com\/wp-content\/uploads\/2022\/10\/image-public-vise-600x388.jpg 600w, https:\/\/www.cafmet.com\/wp-content\/uploads\/2022\/10\/image-public-vise.jpg 1920w\" sizes=\"(max-width: 102px) 100vw, 102px\" \/>\u00a0 Target audience<\/strong><\/span><\/h2>\n<hr \/>\n<h5><em>Metrology manager and assistants<\/em><\/h5>\n<h5>\u00a0<\/h5>\n<h5><em>Quality and technical managers<\/em><\/h5>\n<h5>\u00a0<\/h5>\n<h5><em>Ing\u00e9nieurs, techniciens<\/em><\/h5>\n<p>&nbsp;<\/p>\n<h5><em>Any interested public<\/em><\/h5>\n<\/div>\n<\/div>\n<\/div>\n<\/div>\n<\/div>\n<\/div>\n<\/div>\n<\/div>\n\n\t\t<\/div>\n\t<\/div>\n<\/div><\/div><\/div><\/div><div class=\"vc_row wpb_row vc_row-fluid\"><div class=\"wpb_column vc_column_container vc_col-sm-12\"><div class=\"vc_column-inner\"><div class=\"wpb_wrapper\"><div class=\"vc_btn3-container  wpb_animate_when_almost_visible wpb_flipInX flipInX vc_btn3-inline\" ><a class=\"vc_general vc_btn3 vc_btn3-size-md vc_btn3-shape-rounded vc_btn3-style-modern vc_btn3-color-info\" href=\"https:\/\/www.cafmet.com\/en\/metrologie\/\" title=\"\">Back to \"Metrology\" training<\/a><\/div><\/div><\/div><\/div><\/div><\/section>","protected":false},"excerpt":{"rendered":"Fonction m\u00e9trologie dans l'entreprise DUREE : 2 JOURS (14 heures) Programme \u00a0 \u00a0 Les fondamentaux de la m\u00e9trologie &nbsp; Pr\u00e9sentation et interpr\u00e9tation des exigences de lanorme ISO 10012 &nbsp; Gestion d\u2019un parc m\u00e9trologique, suivi et surveillancedes \u00e9quipements de mesure &nbsp; \u00c9talonnage et v\u00e9rification d\u2019un appareil de mesure eninterne aupr\u00e8s d\u2019un organisme comp\u00e9tent &nbsp; \u00c9valuation d\u2019une","protected":false},"author":1,"featured_media":0,"parent":0,"menu_order":0,"comment_status":"closed","ping_status":"closed","template":"","meta":{"footnotes":"","_vp_format_video_url":"","_vp_image_focal_point":[]},"yoast_head":"<!-- This site is optimized with the Yoast SEO plugin v21.8 - https:\/\/yoast.com\/wordpress\/plugins\/seo\/ -->\n<title>La fonction m\u00e9trologie dans l&#039;entreprise - CAFMET<\/title>\n<meta name=\"robots\" content=\"index, follow, max-snippet:-1, max-image-preview:large, max-video-preview:-1\" \/>\n<link rel=\"canonical\" href=\"https:\/\/www.cafmet.com\/en\/la-fonction-metrologie-dans-lentreprise\/\" \/>\n<meta property=\"og:locale\" content=\"en_GB\" \/>\n<meta property=\"og:type\" content=\"article\" \/>\n<meta property=\"og:title\" content=\"La fonction m\u00e9trologie dans l&#039;entreprise - CAFMET\" \/>\n<meta property=\"og:url\" content=\"https:\/\/www.cafmet.com\/en\/la-fonction-metrologie-dans-lentreprise\/\" \/>\n<meta property=\"og:site_name\" content=\"CAFMET\" \/>\n<meta property=\"article:modified_time\" content=\"2022-12-08T14:53:18+00:00\" \/>\n<meta property=\"og:image\" content=\"https:\/\/www.cafmet.com\/wp-content\/uploads\/2022\/09\/pexels-roman-odintsov-4871011-1024x683.jpg\" \/>\n<meta name=\"twitter:card\" content=\"summary_large_image\" \/>\n<meta name=\"twitter:label1\" content=\"Estimated reading time\" \/>\n\t<meta name=\"twitter:data1\" content=\"3 minutes\" \/>\n<script type=\"application\/ld+json\" class=\"yoast-schema-graph\">{\"@context\":\"https:\/\/schema.org\",\"@graph\":[{\"@type\":\"WebPage\",\"@id\":\"https:\/\/www.cafmet.com\/la-fonction-metrologie-dans-lentreprise\/\",\"url\":\"https:\/\/www.cafmet.com\/la-fonction-metrologie-dans-lentreprise\/\",\"name\":\"La fonction m\u00e9trologie dans l'entreprise - CAFMET\",\"isPartOf\":{\"@id\":\"https:\/\/www.cafmet.com\/#website\"},\"datePublished\":\"2022-09-23T12:35:22+00:00\",\"dateModified\":\"2022-12-08T14:53:18+00:00\",\"breadcrumb\":{\"@id\":\"https:\/\/www.cafmet.com\/la-fonction-metrologie-dans-lentreprise\/#breadcrumb\"},\"inLanguage\":\"en-GB\",\"potentialAction\":[{\"@type\":\"ReadAction\",\"target\":[\"https:\/\/www.cafmet.com\/la-fonction-metrologie-dans-lentreprise\/\"]}]},{\"@type\":\"BreadcrumbList\",\"@id\":\"https:\/\/www.cafmet.com\/la-fonction-metrologie-dans-lentreprise\/#breadcrumb\",\"itemListElement\":[{\"@type\":\"ListItem\",\"position\":1,\"name\":\"Accueil\",\"item\":\"https:\/\/www.cafmet.com\/\"},{\"@type\":\"ListItem\",\"position\":2,\"name\":\"La fonction m\u00e9trologie dans l&rsquo;entreprise\"}]},{\"@type\":\"WebSite\",\"@id\":\"https:\/\/www.cafmet.com\/#website\",\"url\":\"https:\/\/www.cafmet.com\/\",\"name\":\"CAFMET\",\"description\":\"\",\"potentialAction\":[{\"@type\":\"SearchAction\",\"target\":{\"@type\":\"EntryPoint\",\"urlTemplate\":\"https:\/\/www.cafmet.com\/?s={search_term_string}\"},\"query-input\":\"required name=search_term_string\"}],\"inLanguage\":\"en-GB\"}]}<\/script>\n<!-- \/ Yoast SEO plugin. -->","yoast_head_json":{"title":"La fonction m\u00e9trologie dans l'entreprise - CAFMET","robots":{"index":"index","follow":"follow","max-snippet":"max-snippet:-1","max-image-preview":"max-image-preview:large","max-video-preview":"max-video-preview:-1"},"canonical":"https:\/\/www.cafmet.com\/en\/la-fonction-metrologie-dans-lentreprise\/","og_locale":"en_GB","og_type":"article","og_title":"La fonction m\u00e9trologie dans l'entreprise - CAFMET","og_url":"https:\/\/www.cafmet.com\/en\/la-fonction-metrologie-dans-lentreprise\/","og_site_name":"CAFMET","article_modified_time":"2022-12-08T14:53:18+00:00","og_image":[{"url":"https:\/\/www.cafmet.com\/wp-content\/uploads\/2022\/09\/pexels-roman-odintsov-4871011-1024x683.jpg"}],"twitter_card":"summary_large_image","twitter_misc":{"Estimated reading time":"3 minutes"},"schema":{"@context":"https:\/\/schema.org","@graph":[{"@type":"WebPage","@id":"https:\/\/www.cafmet.com\/la-fonction-metrologie-dans-lentreprise\/","url":"https:\/\/www.cafmet.com\/la-fonction-metrologie-dans-lentreprise\/","name":"La fonction m\u00e9trologie dans l'entreprise - CAFMET","isPartOf":{"@id":"https:\/\/www.cafmet.com\/#website"},"datePublished":"2022-09-23T12:35:22+00:00","dateModified":"2022-12-08T14:53:18+00:00","breadcrumb":{"@id":"https:\/\/www.cafmet.com\/la-fonction-metrologie-dans-lentreprise\/#breadcrumb"},"inLanguage":"en-GB","potentialAction":[{"@type":"ReadAction","target":["https:\/\/www.cafmet.com\/la-fonction-metrologie-dans-lentreprise\/"]}]},{"@type":"BreadcrumbList","@id":"https:\/\/www.cafmet.com\/la-fonction-metrologie-dans-lentreprise\/#breadcrumb","itemListElement":[{"@type":"ListItem","position":1,"name":"Accueil","item":"https:\/\/www.cafmet.com\/"},{"@type":"ListItem","position":2,"name":"La fonction m\u00e9trologie dans l&rsquo;entreprise"}]},{"@type":"WebSite","@id":"https:\/\/www.cafmet.com\/#website","url":"https:\/\/www.cafmet.com\/","name":"CAFMET","description":"","potentialAction":[{"@type":"SearchAction","target":{"@type":"EntryPoint","urlTemplate":"https:\/\/www.cafmet.com\/?s={search_term_string}"},"query-input":"required name=search_term_string"}],"inLanguage":"en-GB"}]}},"_links":{"self":[{"href":"https:\/\/www.cafmet.com\/en\/wp-json\/wp\/v2\/pages\/17415"}],"collection":[{"href":"https:\/\/www.cafmet.com\/en\/wp-json\/wp\/v2\/pages"}],"about":[{"href":"https:\/\/www.cafmet.com\/en\/wp-json\/wp\/v2\/types\/page"}],"author":[{"embeddable":true,"href":"https:\/\/www.cafmet.com\/en\/wp-json\/wp\/v2\/users\/1"}],"replies":[{"embeddable":true,"href":"https:\/\/www.cafmet.com\/en\/wp-json\/wp\/v2\/comments?post=17415"}],"version-history":[{"count":0,"href":"https:\/\/www.cafmet.com\/en\/wp-json\/wp\/v2\/pages\/17415\/revisions"}],"wp:attachment":[{"href":"https:\/\/www.cafmet.com\/en\/wp-json\/wp\/v2\/media?parent=17415"}],"curies":[{"name":"wp","href":"https:\/\/api.w.org\/{rel}","templated":true}]}}