{"id":17387,"date":"2022-09-23T13:25:12","date_gmt":"2022-09-23T11:25:12","guid":{"rendered":"https:\/\/www.cafmet.com\/?page_id=17387"},"modified":"2022-12-08T16:47:59","modified_gmt":"2022-12-08T15:47:59","slug":"maitrise-statistique-des-processus","status":"publish","type":"page","link":"https:\/\/www.cafmet.com\/en\/maitrise-statistique-des-processus\/","title":{"rendered":"Ma\u00eetrise statistique des processus"},"content":{"rendered":"<section class=\"wpb-content-wrapper\"><div class=\"vc_row wpb_row vc_row-fluid\"><div class=\"wpb_column vc_column_container vc_col-sm-12\"><div class=\"vc_column-inner\"><div class=\"wpb_wrapper\">\n\t<div class=\"wpb_text_column wpb_content_element\" >\n\t\t<div class=\"wpb_wrapper\">\n\t\t\t<div class=\"wp-block-cover has-background-dim\">\n<p><img loading=\"lazy\" decoding=\"async\" width=\"2560\" height=\"1707\" class=\"wp-block-cover__image-background wp-image-17275\" src=\"https:\/\/www.cafmet.com\/wp-content\/uploads\/2022\/09\/pexels-roman-odintsov-4871011-scaled.jpg\" alt=\"\" data-object-fit=\"cover\" srcset=\"https:\/\/www.cafmet.com\/wp-content\/uploads\/2022\/09\/pexels-roman-odintsov-4871011-scaled.jpg 2560w, https:\/\/www.cafmet.com\/wp-content\/uploads\/2022\/09\/pexels-roman-odintsov-4871011-300x200.jpg 300w, https:\/\/www.cafmet.com\/wp-content\/uploads\/2022\/09\/pexels-roman-odintsov-4871011-1024x683.jpg 1024w, https:\/\/www.cafmet.com\/wp-content\/uploads\/2022\/09\/pexels-roman-odintsov-4871011-768x512.jpg 768w, https:\/\/www.cafmet.com\/wp-content\/uploads\/2022\/09\/pexels-roman-odintsov-4871011-1536x1024.jpg 1536w, https:\/\/www.cafmet.com\/wp-content\/uploads\/2022\/09\/pexels-roman-odintsov-4871011-2048x1365.jpg 2048w, https:\/\/www.cafmet.com\/wp-content\/uploads\/2022\/09\/pexels-roman-odintsov-4871011-18x12.jpg 18w, https:\/\/www.cafmet.com\/wp-content\/uploads\/2022\/09\/pexels-roman-odintsov-4871011-500x333.jpg 500w, https:\/\/www.cafmet.com\/wp-content\/uploads\/2022\/09\/pexels-roman-odintsov-4871011-800x533.jpg 800w, https:\/\/www.cafmet.com\/wp-content\/uploads\/2022\/09\/pexels-roman-odintsov-4871011-1280x853.jpg 1280w, https:\/\/www.cafmet.com\/wp-content\/uploads\/2022\/09\/pexels-roman-odintsov-4871011-1920x1280.jpg 1920w, https:\/\/www.cafmet.com\/wp-content\/uploads\/2022\/09\/pexels-roman-odintsov-4871011-600x400.jpg 600w\" sizes=\"(max-width: 2560px) 100vw, 2560px\" \/><\/p>\n<div class=\"wp-block-cover__inner-container is-layout-flow wp-block-cover-is-layout-flow\">\n<h1 class=\"has-text-align-center wp-block-heading\" style=\"font-size: 40px;\">Ma\u00eetrise statistique des proc\u00e9d\u00e9s<\/h1>\n<p class=\"has-text-align-center\" style=\"font-size: 25px;\"><strong>TIME: 3 DAYS (21 hours)<\/strong><\/p>\n<\/div>\n<\/div>\n\n\t\t<\/div>\n\t<\/div>\n<\/div><\/div><\/div><\/div><div class=\"vc_row wpb_row vc_row-fluid\"><div class=\"wpb_column vc_column_container vc_col-sm-6\"><div class=\"vc_column-inner\"><div class=\"wpb_wrapper\">\n\t<div class=\"wpb_text_column wpb_content_element  vc_custom_1670514184521\" >\n\t\t<div class=\"wpb_wrapper\">\n\t\t\t<h2><span style=\"color: #000000;\"><strong><img loading=\"lazy\" decoding=\"async\" class=\"alignleft wp-image-17473\" src=\"https:\/\/www.cafmet.com\/wp-content\/uploads\/2022\/10\/image-programme-300x197.png\" alt=\"\" width=\"155\" height=\"102\" srcset=\"https:\/\/www.cafmet.com\/wp-content\/uploads\/2022\/10\/image-programme-300x197.png 300w, https:\/\/www.cafmet.com\/wp-content\/uploads\/2022\/10\/image-programme-1024x671.png 1024w, https:\/\/www.cafmet.com\/wp-content\/uploads\/2022\/10\/image-programme-768x503.png 768w, https:\/\/www.cafmet.com\/wp-content\/uploads\/2022\/10\/image-programme-18x12.png 18w, https:\/\/www.cafmet.com\/wp-content\/uploads\/2022\/10\/image-programme-500x328.png 500w, https:\/\/www.cafmet.com\/wp-content\/uploads\/2022\/10\/image-programme-800x524.png 800w, https:\/\/www.cafmet.com\/wp-content\/uploads\/2022\/10\/image-programme-600x393.png 600w, https:\/\/www.cafmet.com\/wp-content\/uploads\/2022\/10\/image-programme.png 1280w\" sizes=\"(max-width: 155px) 100vw, 155px\" \/>Program<\/strong><\/span><\/h2>\n<hr \/>\n<h5>\u00a0<\/h5>\n<h5>\u00a0<\/h5>\n<h5><em><span style=\"color: #000000;\">Basic concepts of descriptive statistics<\/span><\/em><\/h5>\n<h5>\u00a0<\/h5>\n<h5><em><span style=\"color: #000000;\">D\u00e9roul\u00e9 des 5 phases de la mise en place du MSP sur un processus donn\u00e9<\/span><\/em><\/h5>\n<h5>\u00a0<\/h5>\n<h5><em><span style=\"color: #000000;\">Determination of the preliminary capability of the manufacturing process<\/span><\/em><\/h5>\n<h5>\u00a0<\/h5>\n<h5><em><span style=\"color: #000000;\">Construction of control charts<\/span><\/em><\/h5>\n<h5>\u00a0<\/h5>\n<h5><em>Control by control card<\/em><\/h5>\n<h5>\u00a0<\/h5>\n<h5><em>Determination of the long-term capability of the manufacturing process<\/em><\/h5>\n<p>&nbsp;<\/p>\n<h5><em>Applications sur Excel<\/em><\/h5>\n<p>&nbsp;<\/p>\n\n\t\t<\/div>\n\t<\/div>\n\n\t<div class=\"wpb_text_column wpb_content_element  vc_custom_1668697770980\" >\n\t\t<div class=\"wpb_wrapper\">\n\t\t\t<h2><span style=\"color: #000000;\"><strong><img loading=\"lazy\" decoding=\"async\" class=\"alignleft wp-image-17477\" src=\"https:\/\/www.cafmet.com\/wp-content\/uploads\/2022\/10\/image-modalite-devaluation-300x300.png\" alt=\"\" width=\"84\" height=\"84\" srcset=\"https:\/\/www.cafmet.com\/wp-content\/uploads\/2022\/10\/image-modalite-devaluation-300x300.png 300w, https:\/\/www.cafmet.com\/wp-content\/uploads\/2022\/10\/image-modalite-devaluation-1024x1024.png 1024w, https:\/\/www.cafmet.com\/wp-content\/uploads\/2022\/10\/image-modalite-devaluation-150x150.png 150w, https:\/\/www.cafmet.com\/wp-content\/uploads\/2022\/10\/image-modalite-devaluation-768x768.png 768w, https:\/\/www.cafmet.com\/wp-content\/uploads\/2022\/10\/image-modalite-devaluation-1536x1536.png 1536w, https:\/\/www.cafmet.com\/wp-content\/uploads\/2022\/10\/image-modalite-devaluation-12x12.png 12w, https:\/\/www.cafmet.com\/wp-content\/uploads\/2022\/10\/image-modalite-devaluation-500x500.png 500w, https:\/\/www.cafmet.com\/wp-content\/uploads\/2022\/10\/image-modalite-devaluation-800x800.png 800w, https:\/\/www.cafmet.com\/wp-content\/uploads\/2022\/10\/image-modalite-devaluation-1280x1280.png 1280w, https:\/\/www.cafmet.com\/wp-content\/uploads\/2022\/10\/image-modalite-devaluation-40x40.png 40w, https:\/\/www.cafmet.com\/wp-content\/uploads\/2022\/10\/image-modalite-devaluation-175x175.png 175w, https:\/\/www.cafmet.com\/wp-content\/uploads\/2022\/10\/image-modalite-devaluation-70x70.png 70w, https:\/\/www.cafmet.com\/wp-content\/uploads\/2022\/10\/image-modalite-devaluation-255x255.png 255w, https:\/\/www.cafmet.com\/wp-content\/uploads\/2022\/10\/image-modalite-devaluation-278x278.png 278w, https:\/\/www.cafmet.com\/wp-content\/uploads\/2022\/10\/image-modalite-devaluation-600x600.png 600w, https:\/\/www.cafmet.com\/wp-content\/uploads\/2022\/10\/image-modalite-devaluation-100x100.png 100w, https:\/\/www.cafmet.com\/wp-content\/uploads\/2022\/10\/image-modalite-devaluation.png 1920w\" sizes=\"(max-width: 84px) 100vw, 84px\" \/>Evaluation methods<\/strong><\/span><\/h2>\n<hr \/>\n<h5>\u00a0<\/h5>\n<h5><em><span style=\"color: #000000;\">Quizzes are offered to evaluate the acquisition of your skills<\/span><\/em><\/h5>\n<p>&nbsp;<\/p>\n\n\t\t<\/div>\n\t<\/div>\n\n\t<div class=\"wpb_text_column wpb_content_element  vc_custom_1670514377954\" >\n\t\t<div class=\"wpb_wrapper\">\n\t\t\t<h2><span style=\"color: #000000;\"><strong><img loading=\"lazy\" decoding=\"async\" class=\"alignleft wp-image-17479\" src=\"https:\/\/www.cafmet.com\/wp-content\/uploads\/2022\/10\/image-prerequis-300x230.jpg\" alt=\"\" width=\"85\" height=\"65\" srcset=\"https:\/\/www.cafmet.com\/wp-content\/uploads\/2022\/10\/image-prerequis-300x230.jpg 300w, https:\/\/www.cafmet.com\/wp-content\/uploads\/2022\/10\/image-prerequis-16x12.jpg 16w, https:\/\/www.cafmet.com\/wp-content\/uploads\/2022\/10\/image-prerequis-500x383.jpg 500w, https:\/\/www.cafmet.com\/wp-content\/uploads\/2022\/10\/image-prerequis-224x175.jpg 224w, https:\/\/www.cafmet.com\/wp-content\/uploads\/2022\/10\/image-prerequis-600x459.jpg 600w, https:\/\/www.cafmet.com\/wp-content\/uploads\/2022\/10\/image-prerequis.jpg 640w\" sizes=\"(max-width: 85px) 100vw, 85px\" \/>Prerequisites<\/strong><\/span><\/h2>\n<hr \/>\n<h5>\u00a0<\/h5>\n<h5><em><span style=\"color: #000000;\">Level BTEC scientific with basic knowledge of Excel<\/span><\/em><\/h5>\n<p>&nbsp;<\/p>\n\n\t\t<\/div>\n\t<\/div>\n\n\t<div class=\"wpb_text_column wpb_content_element  vc_custom_1670514432248\" >\n\t\t<div class=\"wpb_wrapper\">\n\t\t\t<h2><span style=\"color: #000000;\"><strong>Rate<\/strong><\/span><\/h2>\n<hr \/>\n<h4 style=\"text-align: center;\"><em><strong>2 130\u20ac HT * **<\/strong><\/em><\/h4>\n<h5>\u00a0<\/h5>\n<h5>* A 15% discount is given to CAFMET members<\/h5>\n<h5>** For distance learning, a 10% discount is applied<\/h5>\n<p>&nbsp;<\/p>\n\n\t\t<\/div>\n\t<\/div>\n<\/div><\/div><\/div><div class=\"wpb_column vc_column_container vc_col-sm-6\"><div class=\"vc_column-inner\"><div class=\"wpb_wrapper\">\n\t<div class=\"wpb_text_column wpb_content_element  vc_custom_1670514213993\" >\n\t\t<div class=\"wpb_wrapper\">\n\t\t\t<h2><span style=\"color: #000000;\"><strong><img loading=\"lazy\" decoding=\"async\" class=\"alignleft wp-image-17476\" src=\"https:\/\/www.cafmet.com\/wp-content\/uploads\/2022\/10\/Image-outils-pedagogiques-176x300.png\" alt=\"\" width=\"60\" height=\"102\" srcset=\"https:\/\/www.cafmet.com\/wp-content\/uploads\/2022\/10\/Image-outils-pedagogiques-176x300.png 176w, https:\/\/www.cafmet.com\/wp-content\/uploads\/2022\/10\/Image-outils-pedagogiques-601x1024.png 601w, https:\/\/www.cafmet.com\/wp-content\/uploads\/2022\/10\/Image-outils-pedagogiques-7x12.png 7w, https:\/\/www.cafmet.com\/wp-content\/uploads\/2022\/10\/Image-outils-pedagogiques-500x852.png 500w, https:\/\/www.cafmet.com\/wp-content\/uploads\/2022\/10\/Image-outils-pedagogiques-600x1023.png 600w, https:\/\/www.cafmet.com\/wp-content\/uploads\/2022\/10\/Image-outils-pedagogiques.png 751w\" sizes=\"(max-width: 60px) 100vw, 60px\" \/>Teaching aids<\/strong><\/span><\/h2>\n<hr \/>\n<h5>\u00a0<\/h5>\n<h5><em><span style=\"color: #000000;\">Presentations<\/span><\/em><\/h5>\n<h6>\u00a0<\/h6>\n<h5><em>Pratical exercices<\/em><\/h5>\n<h6>\u00a0<\/h6>\n<h5><em><span style=\"color: #000000;\">Exchanges<\/span><\/em><\/h5>\n<h6>\u00a0<\/h6>\n<h5><em>File given to each participant<\/em><\/h5>\n<h6>\u00a0<\/h6>\n<h5><strong><em>Provide a laptop computer for each participant<\/em><\/strong><\/h5>\n<p>&nbsp;<\/p>\n\n\t\t<\/div>\n\t<\/div>\n\n\t<div class=\"wpb_text_column wpb_content_element  vc_custom_1670514310969\" >\n\t\t<div class=\"wpb_wrapper\">\n\t\t\t<h2><span style=\"color: #000000;\"><strong><img loading=\"lazy\" decoding=\"async\" class=\"alignleft wp-image-17480\" src=\"https:\/\/www.cafmet.com\/wp-content\/uploads\/2022\/10\/image-objectifs-300x300.png\" alt=\"\" width=\"84\" height=\"84\" srcset=\"https:\/\/www.cafmet.com\/wp-content\/uploads\/2022\/10\/image-objectifs-300x300.png 300w, https:\/\/www.cafmet.com\/wp-content\/uploads\/2022\/10\/image-objectifs-1024x1024.png 1024w, https:\/\/www.cafmet.com\/wp-content\/uploads\/2022\/10\/image-objectifs-150x150.png 150w, https:\/\/www.cafmet.com\/wp-content\/uploads\/2022\/10\/image-objectifs-768x768.png 768w, https:\/\/www.cafmet.com\/wp-content\/uploads\/2022\/10\/image-objectifs-1536x1536.png 1536w, https:\/\/www.cafmet.com\/wp-content\/uploads\/2022\/10\/image-objectifs-12x12.png 12w, https:\/\/www.cafmet.com\/wp-content\/uploads\/2022\/10\/image-objectifs-500x500.png 500w, https:\/\/www.cafmet.com\/wp-content\/uploads\/2022\/10\/image-objectifs-800x800.png 800w, https:\/\/www.cafmet.com\/wp-content\/uploads\/2022\/10\/image-objectifs-1280x1280.png 1280w, https:\/\/www.cafmet.com\/wp-content\/uploads\/2022\/10\/image-objectifs-40x40.png 40w, https:\/\/www.cafmet.com\/wp-content\/uploads\/2022\/10\/image-objectifs-175x175.png 175w, https:\/\/www.cafmet.com\/wp-content\/uploads\/2022\/10\/image-objectifs-70x70.png 70w, https:\/\/www.cafmet.com\/wp-content\/uploads\/2022\/10\/image-objectifs-255x255.png 255w, https:\/\/www.cafmet.com\/wp-content\/uploads\/2022\/10\/image-objectifs-278x278.png 278w, https:\/\/www.cafmet.com\/wp-content\/uploads\/2022\/10\/image-objectifs-600x600.png 600w, https:\/\/www.cafmet.com\/wp-content\/uploads\/2022\/10\/image-objectifs-100x100.png 100w, https:\/\/www.cafmet.com\/wp-content\/uploads\/2022\/10\/image-objectifs.png 1920w\" sizes=\"(max-width: 84px) 100vw, 84px\" \/>Targets<\/strong><\/span><\/h2>\n<hr \/>\n<h5>\u00a0<\/h5>\n<h5><em><span style=\"color: #000000;\">Conna\u00eetre des bases en statistiques<\/span><\/em><\/h5>\n<h5>\u00a0<\/h5>\n<h5><em><span style=\"color: #000000;\">Savoir \u00e9valuer la capabilit\u00e9 du processus de fabrication<\/span><\/em><\/h5>\n<h5>\u00a0<\/h5>\n<h5><em><span style=\"color: #000000;\">Mettre en place des cartes de contr\u00f4le\u00a0<\/span><\/em><\/h5>\n<p>&nbsp;<\/p>\n<h5><em>Analyser et exploiter les r\u00e9sultats obtenus<\/em><\/h5>\n<p>&nbsp;<\/p>\n\n\t\t<\/div>\n\t<\/div>\n\n\t<div class=\"wpb_text_column wpb_content_element  vc_custom_1670514346121\" >\n\t\t<div class=\"wpb_wrapper\">\n\t\t\t<h2><span style=\"color: #000000;\"><strong><img loading=\"lazy\" decoding=\"async\" class=\"alignleft wp-image-17481\" src=\"https:\/\/www.cafmet.com\/wp-content\/uploads\/2022\/10\/image-public-vise-300x194.jpg\" alt=\"\" width=\"102\" height=\"66\" srcset=\"https:\/\/www.cafmet.com\/wp-content\/uploads\/2022\/10\/image-public-vise-300x194.jpg 300w, https:\/\/www.cafmet.com\/wp-content\/uploads\/2022\/10\/image-public-vise-1024x662.jpg 1024w, https:\/\/www.cafmet.com\/wp-content\/uploads\/2022\/10\/image-public-vise-768x496.jpg 768w, https:\/\/www.cafmet.com\/wp-content\/uploads\/2022\/10\/image-public-vise-1536x993.jpg 1536w, https:\/\/www.cafmet.com\/wp-content\/uploads\/2022\/10\/image-public-vise-18x12.jpg 18w, https:\/\/www.cafmet.com\/wp-content\/uploads\/2022\/10\/image-public-vise-500x323.jpg 500w, https:\/\/www.cafmet.com\/wp-content\/uploads\/2022\/10\/image-public-vise-800x517.jpg 800w, https:\/\/www.cafmet.com\/wp-content\/uploads\/2022\/10\/image-public-vise-1280x827.jpg 1280w, https:\/\/www.cafmet.com\/wp-content\/uploads\/2022\/10\/image-public-vise-600x388.jpg 600w, https:\/\/www.cafmet.com\/wp-content\/uploads\/2022\/10\/image-public-vise.jpg 1920w\" sizes=\"(max-width: 102px) 100vw, 102px\" \/>Target audience<\/strong><\/span><\/h2>\n<hr \/>\n<h5>\u00a0<\/h5>\n<h5><em><span style=\"color: #000000;\">Tout professionnel\u00a0<\/span><\/em><\/h5>\n<h5>\u00a0<\/h5>\n<h5><span style=\"color: #000000;\"><em>Techniciens et ing\u00e9nieurs qualit\u00e9, m\u00e9thodes,- industrialisation, production, fabrication<\/em><\/span><\/h5>\n<h5>\u00a0<\/h5>\n<h5><span style=\"color: #000000;\"><em>Any interested public<\/em><\/span><\/h5>\n<p>&nbsp;<\/p>\n\n\t\t<\/div>\n\t<\/div>\n<\/div><\/div><\/div><\/div><div class=\"vc_row wpb_row vc_row-fluid\"><div class=\"wpb_column vc_column_container vc_col-sm-12\"><div class=\"vc_column-inner\"><div class=\"wpb_wrapper\"><div class=\"vc_btn3-container  wpb_animate_when_almost_visible wpb_flipInX flipInX vc_btn3-inline\" ><a class=\"vc_general vc_btn3 vc_btn3-size-md vc_btn3-shape-rounded vc_btn3-style-modern vc_btn3-color-info\" href=\"https:\/\/www.cafmet.com\/en\/formations-statistiques-et-outils\/\" title=\"\">Retour aux informations \"Statistiques et Outils\" <\/a><\/div><\/div><\/div><\/div><\/div><\/section>","protected":false},"excerpt":{"rendered":"Ma\u00eetrise statistique des proc\u00e9d\u00e9s DUREE : 3 JOURS (21 heures) Programme \u00a0 \u00a0 Notions de base de statistique descriptive \u00a0 D\u00e9roul\u00e9 des 5 phases de la mise en place du MSP sur un processus donn\u00e9 \u00a0 D\u00e9termination de la capabilit\u00e9 pr\u00e9liminaire du processus de fabrication \u00a0 Construction des cartes de contr\u00f4le \u00a0 Pilotage par carte","protected":false},"author":1,"featured_media":0,"parent":0,"menu_order":0,"comment_status":"closed","ping_status":"closed","template":"","meta":{"footnotes":"","_vp_format_video_url":"","_vp_image_focal_point":[]},"yoast_head":"<!-- This site is optimized with the Yoast SEO plugin v21.8 - https:\/\/yoast.com\/wordpress\/plugins\/seo\/ -->\n<title>Ma\u00eetrise statistique des processus - CAFMET<\/title>\n<meta name=\"robots\" content=\"index, follow, max-snippet:-1, max-image-preview:large, max-video-preview:-1\" \/>\n<link rel=\"canonical\" href=\"https:\/\/www.cafmet.com\/en\/maitrise-statistique-des-processus\/\" \/>\n<meta property=\"og:locale\" content=\"en_GB\" \/>\n<meta property=\"og:type\" content=\"article\" \/>\n<meta property=\"og:title\" content=\"Ma\u00eetrise statistique des processus - CAFMET\" \/>\n<meta property=\"og:url\" content=\"https:\/\/www.cafmet.com\/en\/maitrise-statistique-des-processus\/\" \/>\n<meta property=\"og:site_name\" content=\"CAFMET\" \/>\n<meta property=\"article:modified_time\" content=\"2022-12-08T15:47:59+00:00\" \/>\n<meta property=\"og:image\" content=\"https:\/\/www.cafmet.com\/wp-content\/uploads\/2022\/09\/pexels-roman-odintsov-4871011-scaled.jpg\" \/>\n<meta name=\"twitter:card\" content=\"summary_large_image\" \/>\n<meta name=\"twitter:label1\" content=\"Estimated reading time\" \/>\n\t<meta name=\"twitter:data1\" content=\"3 minutes\" \/>\n<script type=\"application\/ld+json\" class=\"yoast-schema-graph\">{\"@context\":\"https:\/\/schema.org\",\"@graph\":[{\"@type\":\"WebPage\",\"@id\":\"https:\/\/www.cafmet.com\/maitrise-statistique-des-processus\/\",\"url\":\"https:\/\/www.cafmet.com\/maitrise-statistique-des-processus\/\",\"name\":\"Ma\u00eetrise statistique des processus - CAFMET\",\"isPartOf\":{\"@id\":\"https:\/\/www.cafmet.com\/#website\"},\"datePublished\":\"2022-09-23T11:25:12+00:00\",\"dateModified\":\"2022-12-08T15:47:59+00:00\",\"breadcrumb\":{\"@id\":\"https:\/\/www.cafmet.com\/maitrise-statistique-des-processus\/#breadcrumb\"},\"inLanguage\":\"en-GB\",\"potentialAction\":[{\"@type\":\"ReadAction\",\"target\":[\"https:\/\/www.cafmet.com\/maitrise-statistique-des-processus\/\"]}]},{\"@type\":\"BreadcrumbList\",\"@id\":\"https:\/\/www.cafmet.com\/maitrise-statistique-des-processus\/#breadcrumb\",\"itemListElement\":[{\"@type\":\"ListItem\",\"position\":1,\"name\":\"Accueil\",\"item\":\"https:\/\/www.cafmet.com\/\"},{\"@type\":\"ListItem\",\"position\":2,\"name\":\"Ma\u00eetrise statistique des processus\"}]},{\"@type\":\"WebSite\",\"@id\":\"https:\/\/www.cafmet.com\/#website\",\"url\":\"https:\/\/www.cafmet.com\/\",\"name\":\"CAFMET\",\"description\":\"\",\"potentialAction\":[{\"@type\":\"SearchAction\",\"target\":{\"@type\":\"EntryPoint\",\"urlTemplate\":\"https:\/\/www.cafmet.com\/?s={search_term_string}\"},\"query-input\":\"required name=search_term_string\"}],\"inLanguage\":\"en-GB\"}]}<\/script>\n<!-- \/ Yoast SEO plugin. -->","yoast_head_json":{"title":"Ma\u00eetrise statistique des processus - CAFMET","robots":{"index":"index","follow":"follow","max-snippet":"max-snippet:-1","max-image-preview":"max-image-preview:large","max-video-preview":"max-video-preview:-1"},"canonical":"https:\/\/www.cafmet.com\/en\/maitrise-statistique-des-processus\/","og_locale":"en_GB","og_type":"article","og_title":"Ma\u00eetrise statistique des processus - CAFMET","og_url":"https:\/\/www.cafmet.com\/en\/maitrise-statistique-des-processus\/","og_site_name":"CAFMET","article_modified_time":"2022-12-08T15:47:59+00:00","og_image":[{"url":"https:\/\/www.cafmet.com\/wp-content\/uploads\/2022\/09\/pexels-roman-odintsov-4871011-scaled.jpg"}],"twitter_card":"summary_large_image","twitter_misc":{"Estimated reading time":"3 minutes"},"schema":{"@context":"https:\/\/schema.org","@graph":[{"@type":"WebPage","@id":"https:\/\/www.cafmet.com\/maitrise-statistique-des-processus\/","url":"https:\/\/www.cafmet.com\/maitrise-statistique-des-processus\/","name":"Ma\u00eetrise statistique des processus - CAFMET","isPartOf":{"@id":"https:\/\/www.cafmet.com\/#website"},"datePublished":"2022-09-23T11:25:12+00:00","dateModified":"2022-12-08T15:47:59+00:00","breadcrumb":{"@id":"https:\/\/www.cafmet.com\/maitrise-statistique-des-processus\/#breadcrumb"},"inLanguage":"en-GB","potentialAction":[{"@type":"ReadAction","target":["https:\/\/www.cafmet.com\/maitrise-statistique-des-processus\/"]}]},{"@type":"BreadcrumbList","@id":"https:\/\/www.cafmet.com\/maitrise-statistique-des-processus\/#breadcrumb","itemListElement":[{"@type":"ListItem","position":1,"name":"Accueil","item":"https:\/\/www.cafmet.com\/"},{"@type":"ListItem","position":2,"name":"Ma\u00eetrise statistique des processus"}]},{"@type":"WebSite","@id":"https:\/\/www.cafmet.com\/#website","url":"https:\/\/www.cafmet.com\/","name":"CAFMET","description":"","potentialAction":[{"@type":"SearchAction","target":{"@type":"EntryPoint","urlTemplate":"https:\/\/www.cafmet.com\/?s={search_term_string}"},"query-input":"required name=search_term_string"}],"inLanguage":"en-GB"}]}},"_links":{"self":[{"href":"https:\/\/www.cafmet.com\/en\/wp-json\/wp\/v2\/pages\/17387"}],"collection":[{"href":"https:\/\/www.cafmet.com\/en\/wp-json\/wp\/v2\/pages"}],"about":[{"href":"https:\/\/www.cafmet.com\/en\/wp-json\/wp\/v2\/types\/page"}],"author":[{"embeddable":true,"href":"https:\/\/www.cafmet.com\/en\/wp-json\/wp\/v2\/users\/1"}],"replies":[{"embeddable":true,"href":"https:\/\/www.cafmet.com\/en\/wp-json\/wp\/v2\/comments?post=17387"}],"version-history":[{"count":0,"href":"https:\/\/www.cafmet.com\/en\/wp-json\/wp\/v2\/pages\/17387\/revisions"}],"wp:attachment":[{"href":"https:\/\/www.cafmet.com\/en\/wp-json\/wp\/v2\/media?parent=17387"}],"curies":[{"name":"wp","href":"https:\/\/api.w.org\/{rel}","templated":true}]}}