{"id":17209,"date":"2022-09-21T11:38:53","date_gmt":"2022-09-21T09:38:53","guid":{"rendered":"https:\/\/www.cafmet.com\/?page_id=17209"},"modified":"2023-07-26T10:50:18","modified_gmt":"2023-07-26T08:50:18","slug":"formations-statistiques-et-outils","status":"publish","type":"page","link":"https:\/\/www.cafmet.com\/en\/formations-statistiques-et-outils\/","title":{"rendered":"Formations statistiques et outils"},"content":{"rendered":"<section class=\"wpb-content-wrapper\"><div class=\"vc_row wpb_row vc_row-fluid\"><div class=\"wpb_column vc_column_container vc_col-sm-12\"><div class=\"vc_column-inner\"><div class=\"wpb_wrapper\">\n\t<div class=\"wpb_text_column wpb_content_element\" >\n\t\t<div class=\"wpb_wrapper\">\n\t\t\t<div class=\"wp-block-cover has-background-dim\">\n<img loading=\"lazy\" decoding=\"async\" width=\"2560\" height=\"1707\" class=\"wp-block-cover__image-background wp-image-17210\" alt=\"\" src=\"https:\/\/www.cafmet.com\/wp-content\/uploads\/2022\/09\/Stats-scaled.jpg\" data-object-fit=\"cover\" srcset=\"https:\/\/www.cafmet.com\/wp-content\/uploads\/2022\/09\/Stats-scaled.jpg 2560w, https:\/\/www.cafmet.com\/wp-content\/uploads\/2022\/09\/Stats-300x200.jpg 300w, https:\/\/www.cafmet.com\/wp-content\/uploads\/2022\/09\/Stats-1024x683.jpg 1024w, https:\/\/www.cafmet.com\/wp-content\/uploads\/2022\/09\/Stats-768x512.jpg 768w\" sizes=\"(max-width: 2560px) 100vw, 2560px\" \/><\/p>\n<div class=\"wp-block-cover__inner-container is-layout-flow wp-block-cover-is-layout-flow\">\n<h1 class=\"has-text-align-center wp-block-heading\" style=\"font-size:55px\">Statistics and tools<\/h1>\n<\/div>\n<\/div>\n<hr class=\"wp-block-separator has-text-color has-background has-white-background-color has-white-color\"\/>\n<h1 class=\"has-text-align-center wp-block-heading\" style=\"font-size:25px\"><strong><em>Click on the training of your choice to obtain more information on it ! <\/em><\/strong><\/h1>\n\n\t\t<\/div>\n\t<\/div>\n<\/div><\/div><\/div><\/div><div class=\"vc_row wpb_row vc_row-fluid\"><div class=\"wpb_column vc_column_container vc_col-sm-12\"><div class=\"vc_column-inner\"><div class=\"wpb_wrapper\"><div class=\"vc_separator wpb_content_element vc_separator_align_center vc_sep_width_20 vc_sep_shadow vc_sep_pos_align_center vc_separator_no_text vc_sep_color_black\" ><span class=\"vc_sep_holder vc_sep_holder_l\"><span class=\"vc_sep_line\"><\/span><\/span><span class=\"vc_sep_holder vc_sep_holder_r\"><span class=\"vc_sep_line\"><\/span><\/span>\n<\/div><div class=\"vc_empty_space\"   style=\"height: 55px\"><span class=\"vc_empty_space_inner\"><\/span><\/div><\/div><\/div><\/div><\/div><div class=\"vc_row wpb_row vc_row-fluid\"><div class=\"wpb_column vc_column_container vc_col-sm-6\"><div class=\"vc_column-inner\"><div class=\"wpb_wrapper\"><div class=\"vc_btn3-container  wpb_animate_when_almost_visible wpb_flipInX flipInX vc_btn3-center\" ><a class=\"vc_general vc_btn3 vc_btn3-size-lg vc_btn3-shape-rounded vc_btn3-style-flat vc_btn3-block vc_btn3-color-primary\" href=\"https:\/\/www.cafmet.com\/en\/les-plans-dexperiences\/\" title=\"\">Plans d'exp\u00e9riences<\/a><\/div><\/div><\/div><\/div><div class=\"wpb_column vc_column_container vc_col-sm-6\"><div class=\"vc_column-inner\"><div class=\"wpb_wrapper\"><div class=\"vc_btn3-container  wpb_animate_when_almost_visible wpb_flipInX flipInX vc_btn3-center\" ><a class=\"vc_general vc_btn3 vc_btn3-size-lg vc_btn3-shape-rounded vc_btn3-style-flat vc_btn3-block vc_btn3-color-primary\" href=\"https:\/\/www.cafmet.com\/en\/outils-statistiques-appliques-pour-la-mesure\/\" title=\"\">Outils statistiques appliqu\u00e9s aux essais et aux analyses<\/a><\/div><\/div><\/div><\/div><\/div><div class=\"vc_row wpb_row vc_row-fluid\"><div class=\"wpb_column vc_column_container vc_col-sm-6\"><div class=\"vc_column-inner\"><div class=\"wpb_wrapper\"><div class=\"vc_btn3-container  wpb_animate_when_almost_visible wpb_flipInX flipInX vc_btn3-center\" ><a class=\"vc_general vc_btn3 vc_btn3-size-lg vc_btn3-shape-rounded vc_btn3-style-flat vc_btn3-block vc_btn3-color-primary\" href=\"https:\/\/www.cafmet.com\/en\/maitrise-statistique-des-processus\/\" title=\"\">Ma\u00eetrise statistique des proc\u00e9d\u00e9s<\/a><\/div><\/div><\/div><\/div><div class=\"wpb_column vc_column_container vc_col-sm-6\"><div class=\"vc_column-inner\"><div class=\"wpb_wrapper\"><div class=\"vc_btn3-container  wpb_animate_when_almost_visible wpb_flipInX flipInX vc_btn3-center\" ><a class=\"vc_general vc_btn3 vc_btn3-size-lg vc_btn3-shape-rounded vc_btn3-style-flat vc_btn3-block vc_btn3-color-primary\" href=\"https:\/\/www.cafmet.com\/en\/techniques-dechantillonnage-pour-controle-qualite\/\" title=\"\">Sampling techniques for quality control<\/a><\/div><\/div><\/div><\/div><\/div><div class=\"vc_row wpb_row vc_row-fluid\"><div class=\"wpb_column vc_column_container vc_col-sm-12\"><div class=\"vc_column-inner\"><div class=\"wpb_wrapper\"><div class=\"vc_btn3-container  wpb_animate_when_almost_visible wpb_flipInX flipInX vc_btn3-inline\" ><a class=\"vc_general vc_btn3 vc_btn3-size-sm vc_btn3-shape-square vc_btn3-style-modern vc_btn3-color-info\" href=\"https:\/\/www.cafmet.com\/en\/formation-metrologie-cafmet\/formations-en-presentiel\/\" title=\"\">Back to home<\/a><\/div><\/div><\/div><\/div><\/div><div class=\"vc_row wpb_row vc_row-fluid\"><div class=\"wpb_column vc_column_container vc_col-sm-12\"><div class=\"vc_column-inner\"><div class=\"wpb_wrapper\"><\/div><\/div><\/div><\/div><div class=\"vc_row wpb_row vc_row-fluid\"><div class=\"wpb_column vc_column_container vc_col-sm-12\"><div class=\"vc_column-inner\"><div class=\"wpb_wrapper\">\n\t<div class=\"wpb_text_column wpb_content_element\" >\n\t\t<div class=\"wpb_wrapper\">\n\t\t\t<h3 style=\"text-align: center;\"><strong>OUR QUALITY<\/strong><\/h3>\n<p>&nbsp;<\/p>\n<h6 style=\"text-align: center;\"><strong>CAFMET has been recognized in the training industry for many years<\/strong><\/h6>\n<h6 style=\"text-align: center;\">Official registration number <strong>52 49 03105 49<\/strong><\/h6>\n<h6 style=\"text-align: center;\">certification issued for training courses <strong>n\u00b0 2200011.1<\/strong><\/h6>\n<p><img loading=\"lazy\" decoding=\"async\" class=\"wp-image-16687 aligncenter\" src=\"https:\/\/www.cafmet.com\/wp-content\/uploads\/2022\/02\/LogoQualiopi-Marianne-150dpi-31-300x161.jpg\" alt=\"\" width=\"273\" height=\"147\" srcset=\"https:\/\/www.cafmet.com\/wp-content\/uploads\/2022\/02\/LogoQualiopi-Marianne-150dpi-31-300x161.jpg 300w, https:\/\/www.cafmet.com\/wp-content\/uploads\/2022\/02\/LogoQualiopi-Marianne-150dpi-31-18x10.jpg 18w, https:\/\/www.cafmet.com\/wp-content\/uploads\/2022\/02\/LogoQualiopi-Marianne-150dpi-31-276x150.jpg 276w, https:\/\/www.cafmet.com\/wp-content\/uploads\/2022\/02\/LogoQualiopi-Marianne-150dpi-31.jpg 317w\" sizes=\"(max-width: 273px) 100vw, 273px\" \/><\/p>\n<h6 style=\"text-align: center;\"><strong>The quality certification was issued under the following category of action : TRAINING ACTION<\/strong><\/h6>\n<h6 style=\"text-align: center;\"><strong>Given the heterogeneous nature of the sector, the French government has created a reliable and unique benchmark to certify the quality of the delivery process of actions contributing to the development of skills. The process of awarding the QUALIOPI mark is rigorous and standardized. It allows for certification issued by accredited certification bodies on the basis of a single national reference system.<\/strong><\/h6>\n\n\t\t<\/div>\n\t<\/div>\n<\/div><\/div><\/div><\/div><div class=\"vc_row wpb_row vc_row-fluid\"><div class=\"wpb_column vc_column_container vc_col-sm-12\"><div class=\"vc_column-inner\"><div class=\"wpb_wrapper\"><div class=\"vc_empty_space  vc_custom_1663752642132\"   style=\"height: 32px\"><span class=\"vc_empty_space_inner\"><\/span><\/div><\/div><\/div><\/div><\/div><div class=\"vc_row wpb_row vc_row-fluid\"><div class=\"wpb_column vc_column_container vc_col-sm-12\"><div class=\"vc_column-inner\"><div class=\"wpb_wrapper\"><div class=\"vc_empty_space\"   style=\"height: 75px\"><span class=\"vc_empty_space_inner\"><\/span><\/div><\/div><\/div><\/div><\/div>\n<\/section>","protected":false},"excerpt":{"rendered":"Statistiques et Outils Cliquez sur la formation de votre choix pour obtenir plus d'informations sur celle-ci ! Plans d'exp\u00e9riencesOutils statistiques appliqu\u00e9s aux essais et aux analysesMa\u00eetrise statistique des proc\u00e9d\u00e9sTechniques d'\u00e9chantillonnage pour contr\u00f4le qualit\u00e9Retour \u00e0 l'accueil NOTRE QUALIT\u00c9 &nbsp; CAFMET est reconnu dans le milieu de la formation depuis de nombreuses ann\u00e9es Num\u00e9ro d'enregistrement officiel :","protected":false},"author":1,"featured_media":0,"parent":0,"menu_order":0,"comment_status":"closed","ping_status":"closed","template":"","meta":{"footnotes":"","_vp_format_video_url":"","_vp_image_focal_point":[]},"yoast_head":"<!-- This site is optimized with the Yoast SEO plugin v21.8 - https:\/\/yoast.com\/wordpress\/plugins\/seo\/ -->\n<title>Formations statistiques et outils - CAFMET<\/title>\n<meta name=\"robots\" content=\"index, follow, max-snippet:-1, max-image-preview:large, max-video-preview:-1\" \/>\n<link rel=\"canonical\" href=\"https:\/\/www.cafmet.com\/en\/formations-statistiques-et-outils\/\" \/>\n<meta property=\"og:locale\" content=\"en_GB\" \/>\n<meta property=\"og:type\" content=\"article\" \/>\n<meta property=\"og:title\" content=\"Formations statistiques et outils - CAFMET\" \/>\n<meta property=\"og:url\" content=\"https:\/\/www.cafmet.com\/en\/formations-statistiques-et-outils\/\" \/>\n<meta property=\"og:site_name\" content=\"CAFMET\" \/>\n<meta property=\"article:modified_time\" content=\"2023-07-26T08:50:18+00:00\" \/>\n<meta property=\"og:image\" content=\"https:\/\/www.cafmet.com\/wp-content\/uploads\/2022\/09\/Stats-scaled.jpg\" \/>\n<meta name=\"twitter:card\" content=\"summary_large_image\" \/>\n<meta name=\"twitter:label1\" content=\"Estimated reading time\" \/>\n\t<meta name=\"twitter:data1\" content=\"2 minutes\" \/>\n<script type=\"application\/ld+json\" class=\"yoast-schema-graph\">{\"@context\":\"https:\/\/schema.org\",\"@graph\":[{\"@type\":\"WebPage\",\"@id\":\"https:\/\/www.cafmet.com\/formations-statistiques-et-outils\/\",\"url\":\"https:\/\/www.cafmet.com\/formations-statistiques-et-outils\/\",\"name\":\"Formations statistiques et outils - CAFMET\",\"isPartOf\":{\"@id\":\"https:\/\/www.cafmet.com\/#website\"},\"datePublished\":\"2022-09-21T09:38:53+00:00\",\"dateModified\":\"2023-07-26T08:50:18+00:00\",\"breadcrumb\":{\"@id\":\"https:\/\/www.cafmet.com\/formations-statistiques-et-outils\/#breadcrumb\"},\"inLanguage\":\"en-GB\",\"potentialAction\":[{\"@type\":\"ReadAction\",\"target\":[\"https:\/\/www.cafmet.com\/formations-statistiques-et-outils\/\"]}]},{\"@type\":\"BreadcrumbList\",\"@id\":\"https:\/\/www.cafmet.com\/formations-statistiques-et-outils\/#breadcrumb\",\"itemListElement\":[{\"@type\":\"ListItem\",\"position\":1,\"name\":\"Accueil\",\"item\":\"https:\/\/www.cafmet.com\/\"},{\"@type\":\"ListItem\",\"position\":2,\"name\":\"Formations statistiques et outils\"}]},{\"@type\":\"WebSite\",\"@id\":\"https:\/\/www.cafmet.com\/#website\",\"url\":\"https:\/\/www.cafmet.com\/\",\"name\":\"CAFMET\",\"description\":\"\",\"potentialAction\":[{\"@type\":\"SearchAction\",\"target\":{\"@type\":\"EntryPoint\",\"urlTemplate\":\"https:\/\/www.cafmet.com\/?s={search_term_string}\"},\"query-input\":\"required name=search_term_string\"}],\"inLanguage\":\"en-GB\"}]}<\/script>\n<!-- \/ Yoast SEO plugin. -->","yoast_head_json":{"title":"Formations statistiques et outils - CAFMET","robots":{"index":"index","follow":"follow","max-snippet":"max-snippet:-1","max-image-preview":"max-image-preview:large","max-video-preview":"max-video-preview:-1"},"canonical":"https:\/\/www.cafmet.com\/en\/formations-statistiques-et-outils\/","og_locale":"en_GB","og_type":"article","og_title":"Formations statistiques et outils - CAFMET","og_url":"https:\/\/www.cafmet.com\/en\/formations-statistiques-et-outils\/","og_site_name":"CAFMET","article_modified_time":"2023-07-26T08:50:18+00:00","og_image":[{"url":"https:\/\/www.cafmet.com\/wp-content\/uploads\/2022\/09\/Stats-scaled.jpg"}],"twitter_card":"summary_large_image","twitter_misc":{"Estimated reading time":"2 minutes"},"schema":{"@context":"https:\/\/schema.org","@graph":[{"@type":"WebPage","@id":"https:\/\/www.cafmet.com\/formations-statistiques-et-outils\/","url":"https:\/\/www.cafmet.com\/formations-statistiques-et-outils\/","name":"Formations statistiques et outils - CAFMET","isPartOf":{"@id":"https:\/\/www.cafmet.com\/#website"},"datePublished":"2022-09-21T09:38:53+00:00","dateModified":"2023-07-26T08:50:18+00:00","breadcrumb":{"@id":"https:\/\/www.cafmet.com\/formations-statistiques-et-outils\/#breadcrumb"},"inLanguage":"en-GB","potentialAction":[{"@type":"ReadAction","target":["https:\/\/www.cafmet.com\/formations-statistiques-et-outils\/"]}]},{"@type":"BreadcrumbList","@id":"https:\/\/www.cafmet.com\/formations-statistiques-et-outils\/#breadcrumb","itemListElement":[{"@type":"ListItem","position":1,"name":"Accueil","item":"https:\/\/www.cafmet.com\/"},{"@type":"ListItem","position":2,"name":"Formations statistiques et outils"}]},{"@type":"WebSite","@id":"https:\/\/www.cafmet.com\/#website","url":"https:\/\/www.cafmet.com\/","name":"CAFMET","description":"","potentialAction":[{"@type":"SearchAction","target":{"@type":"EntryPoint","urlTemplate":"https:\/\/www.cafmet.com\/?s={search_term_string}"},"query-input":"required name=search_term_string"}],"inLanguage":"en-GB"}]}},"_links":{"self":[{"href":"https:\/\/www.cafmet.com\/en\/wp-json\/wp\/v2\/pages\/17209"}],"collection":[{"href":"https:\/\/www.cafmet.com\/en\/wp-json\/wp\/v2\/pages"}],"about":[{"href":"https:\/\/www.cafmet.com\/en\/wp-json\/wp\/v2\/types\/page"}],"author":[{"embeddable":true,"href":"https:\/\/www.cafmet.com\/en\/wp-json\/wp\/v2\/users\/1"}],"replies":[{"embeddable":true,"href":"https:\/\/www.cafmet.com\/en\/wp-json\/wp\/v2\/comments?post=17209"}],"version-history":[{"count":0,"href":"https:\/\/www.cafmet.com\/en\/wp-json\/wp\/v2\/pages\/17209\/revisions"}],"wp:attachment":[{"href":"https:\/\/www.cafmet.com\/en\/wp-json\/wp\/v2\/media?parent=17209"}],"curies":[{"name":"wp","href":"https:\/\/api.w.org\/{rel}","templated":true}]}}