{"id":17156,"date":"2022-09-20T15:47:13","date_gmt":"2022-09-20T13:47:13","guid":{"rendered":"https:\/\/www.cafmet.com\/?page_id=17156"},"modified":"2023-07-26T10:51:22","modified_gmt":"2023-07-26T08:51:22","slug":"17156-2","status":"publish","type":"page","link":"https:\/\/www.cafmet.com\/en\/17156-2\/","title":{"rendered":"Projects and Methods"},"content":{"rendered":"<section class=\"wpb-content-wrapper\"><div class=\"vc_row wpb_row vc_row-fluid\"><div class=\"wpb_column vc_column_container vc_col-sm-12\"><div class=\"vc_column-inner\"><div class=\"wpb_wrapper\">\n\t<div class=\"wpb_text_column wpb_content_element\" >\n\t\t<div class=\"wpb_wrapper\">\n\t\t\t<div class=\"wp-block-cover has-cyan-bluish-gray-background-color has-background-dim\">\n<img loading=\"lazy\" decoding=\"async\" width=\"2560\" height=\"1707\" class=\"wp-block-cover__image-background wp-image-17157\" alt=\"\" src=\"https:\/\/www.cafmet.com\/wp-content\/uploads\/2022\/09\/Projets-scaled.jpg\" data-object-fit=\"cover\" srcset=\"https:\/\/www.cafmet.com\/wp-content\/uploads\/2022\/09\/Projets-scaled.jpg 2560w, https:\/\/www.cafmet.com\/wp-content\/uploads\/2022\/09\/Projets-300x200.jpg 300w, https:\/\/www.cafmet.com\/wp-content\/uploads\/2022\/09\/Projets-1024x683.jpg 1024w, https:\/\/www.cafmet.com\/wp-content\/uploads\/2022\/09\/Projets-768x512.jpg 768w, https:\/\/www.cafmet.com\/wp-content\/uploads\/2022\/09\/Projets-1536x1024.jpg 1536w, https:\/\/www.cafmet.com\/wp-content\/uploads\/2022\/09\/Projets-2048x1365.jpg 2048w, https:\/\/www.cafmet.com\/wp-content\/uploads\/2022\/09\/Projets-18x12.jpg 18w, https:\/\/www.cafmet.com\/wp-content\/uploads\/2022\/09\/Projets-500x333.jpg 500w, https:\/\/www.cafmet.com\/wp-content\/uploads\/2022\/09\/Projets-800x533.jpg 800w, https:\/\/www.cafmet.com\/wp-content\/uploads\/2022\/09\/Projets-1280x853.jpg 1280w, https:\/\/www.cafmet.com\/wp-content\/uploads\/2022\/09\/Projets-1920x1280.jpg 1920w, https:\/\/www.cafmet.com\/wp-content\/uploads\/2022\/09\/Projets-600x400.jpg 600w\" sizes=\"(max-width: 2560px) 100vw, 2560px\" \/><\/p>\n<div class=\"wp-block-cover__inner-container is-layout-flow wp-block-cover-is-layout-flow\">\n<h1 class=\"has-text-align-center wp-block-heading\" style=\"font-size:55px\"><strong>Projects and Methods<\/strong><\/h1>\n<\/div>\n<\/div>\n<hr class=\"wp-block-separator has-text-color has-background has-white-background-color has-white-color\"\/>\n<h1 class=\"has-text-align-center wp-block-heading\" style=\"font-size:25px\"><strong><em>Click on the training of your choice to obtain more information on it ! <\/em><\/strong><\/h1>\n\n\t\t<\/div>\n\t<\/div>\n<div class=\"vc_separator wpb_content_element vc_separator_align_center vc_sep_width_20 vc_sep_shadow vc_sep_pos_align_center vc_separator_no_text vc_sep_color_black\" ><span class=\"vc_sep_holder vc_sep_holder_l\"><span class=\"vc_sep_line\"><\/span><\/span><span class=\"vc_sep_holder vc_sep_holder_r\"><span class=\"vc_sep_line\"><\/span><\/span>\n<\/div><div class=\"vc_empty_space\"   style=\"height: 55px\"><span class=\"vc_empty_space_inner\"><\/span><\/div><\/div><\/div><\/div><\/div><div class=\"vc_row wpb_row vc_row-fluid\"><div class=\"wpb_column vc_column_container vc_col-sm-6\"><div class=\"vc_column-inner\"><div class=\"wpb_wrapper\"><div class=\"vc_btn3-container  wpb_animate_when_almost_visible wpb_flipInX flipInX vc_btn3-center\" ><a class=\"vc_general vc_btn3 vc_btn3-size-lg vc_btn3-shape-rounded vc_btn3-style-flat vc_btn3-block vc_btn3-color-primary\" href=\"https:\/\/www.cafmet.com\/en\/planification-operationnelle-de-projets\/\" title=\"\">Operational project planning<\/a><\/div><\/div><\/div><\/div><div class=\"wpb_column vc_column_container vc_col-sm-6\"><div class=\"vc_column-inner\"><div class=\"wpb_wrapper\"><div class=\"vc_btn3-container  wpb_animate_when_almost_visible wpb_flipInX flipInX vc_btn3-center\" ><a class=\"vc_general vc_btn3 vc_btn3-size-lg vc_btn3-shape-rounded vc_btn3-style-flat vc_btn3-block vc_btn3-color-primary\" href=\"https:\/\/www.cafmet.com\/en\/logiciels-de-gestion-de-projets\/\" title=\"\">Project management software<\/a><\/div><\/div><\/div><\/div><\/div><div class=\"vc_row wpb_row vc_row-fluid\"><div class=\"wpb_column vc_column_container vc_col-sm-6\"><div class=\"vc_column-inner\"><div class=\"wpb_wrapper\"><div class=\"vc_btn3-container  wpb_animate_when_almost_visible wpb_flipInX flipInX vc_btn3-center\" ><a class=\"vc_general vc_btn3 vc_btn3-size-lg vc_btn3-shape-rounded vc_btn3-style-flat vc_btn3-block vc_btn3-color-primary\" href=\"https:\/\/www.cafmet.com\/en\/certification-smap\/\" title=\"\">Certification SMAP<\/a><\/div><\/div><\/div><\/div><div class=\"wpb_column vc_column_container vc_col-sm-6\"><div class=\"vc_column-inner\"><div class=\"wpb_wrapper\"><div class=\"vc_btn3-container  wpb_animate_when_almost_visible wpb_flipInX flipInX vc_btn3-center\" ><a class=\"vc_general vc_btn3 vc_btn3-size-lg vc_btn3-shape-rounded vc_btn3-style-flat vc_btn3-block vc_btn3-color-primary\" href=\"https:\/\/www.cafmet.com\/en\/management-qualite-dans-les-projets\/\" title=\"\">Qualit\u00e9 dans les projets<\/a><\/div><\/div><\/div><\/div><\/div><div class=\"vc_row wpb_row vc_row-fluid\"><div class=\"wpb_column vc_column_container vc_col-sm-12\"><div class=\"vc_column-inner\"><div class=\"wpb_wrapper\"><div class=\"vc_btn3-container  wpb_animate_when_almost_visible wpb_flipInX flipInX vc_btn3-inline\" ><a class=\"vc_general vc_btn3 vc_btn3-size-md vc_btn3-shape-rounded vc_btn3-style-modern vc_btn3-color-info\" href=\"https:\/\/www.cafmet.com\/en\/formation-metrologie-cafmet\/formations-en-presentiel\/\" title=\"\">Back to home<\/a><\/div><\/div><\/div><\/div><\/div><div class=\"vc_row wpb_row vc_row-fluid\"><div class=\"wpb_column vc_column_container vc_col-sm-12\"><div class=\"vc_column-inner\"><div class=\"wpb_wrapper\">\n\t<div class=\"wpb_text_column wpb_content_element\" >\n\t\t<div class=\"wpb_wrapper\">\n\t\t\t<h3 style=\"text-align: center;\"><strong>OUR QUALITY<\/strong><\/h3>\n<h6 style=\"text-align: center;\"><strong>CAFMET has been recognized in the training industry for many years<\/strong><\/h6>\n<h6 style=\"text-align: center;\">Official registration number :&nbsp;<strong>52 49 03105 49<\/strong><\/h6>\n<h6 style=\"text-align: center;\">certification issued for training courses&nbsp;<strong>n\u00b0 2200011.1<\/strong><\/h6>\n<p style=\"text-align: center;\"><img loading=\"lazy\" decoding=\"async\" class=\"wp-image-16687 aligncenter\" src=\"https:\/\/www.cafmet.com\/wp-content\/uploads\/2022\/02\/LogoQualiopi-Marianne-150dpi-31-300x161.jpg\" sizes=\"(max-width: 273px) 100vw, 273px\" srcset=\"https:\/\/www.cafmet.com\/wp-content\/uploads\/2022\/02\/LogoQualiopi-Marianne-150dpi-31-300x161.jpg 300w, https:\/\/www.cafmet.com\/wp-content\/uploads\/2022\/02\/LogoQualiopi-Marianne-150dpi-31-18x10.jpg 18w, https:\/\/www.cafmet.com\/wp-content\/uploads\/2022\/02\/LogoQualiopi-Marianne-150dpi-31-276x150.jpg 276w, https:\/\/www.cafmet.com\/wp-content\/uploads\/2022\/02\/LogoQualiopi-Marianne-150dpi-31.jpg 317w\" alt=\"\" width=\"273\" height=\"147\"><\/p>\n<h6 style=\"text-align: center;\"><strong>The quality certification was issued under the following category of action : TRAINING ACTIONS<\/strong><\/h6>\n<h6 style=\"text-align: center;\"><strong>Given the heterogeneous market in the sector, the French State has created a reliable and unique benchmark to certify the quality of the process for issuing actions contributing to skills development. The process for awarding the QUALIOPI brand is rigorous and standardized. It makes it possible to obtain certification issued by accredited certifying bodies on the basis of the single national reference system.<\/strong><\/h6>\n\n\t\t<\/div>\n\t<\/div>\n<\/div><\/div><\/div><\/div><div class=\"vc_row wpb_row vc_row-fluid\"><div class=\"wpb_column vc_column_container vc_col-sm-12\"><div class=\"vc_column-inner\"><div class=\"wpb_wrapper\"><div class=\"vc_empty_space  vc_custom_1663766478724\"   style=\"height: 32px\"><span class=\"vc_empty_space_inner\"><\/span><\/div><\/div><\/div><\/div><\/div><div class=\"vc_row wpb_row vc_row-fluid\"><div class=\"wpb_column vc_column_container vc_col-sm-12\"><div class=\"vc_column-inner\"><div class=\"wpb_wrapper\"><div class=\"vc_empty_space\"   style=\"height: 75px\"><span class=\"vc_empty_space_inner\"><\/span><\/div><\/div><\/div><\/div><\/div>\n<\/section>","protected":false},"excerpt":{"rendered":"Projets et M\u00e9thodes Cliquez sur la formation de votre choix pour obtenir plus d'informations sur celle-ci ! Planification op\u00e9rationnelle de projetsLogiciels de gestion de projetCertification SMAPQualit\u00e9 dans les projetsRetour \u00e0 l'accueil NOTRE QUALIT\u00c9 CAFMET est reconnu dans le milieu de la formation depuis de nombreuses ann\u00e9es Num\u00e9ro d\u2019enregistrement officiel :&nbsp;52 49 03105 49 Certification d\u00e9livr\u00e9e","protected":false},"author":1,"featured_media":0,"parent":0,"menu_order":0,"comment_status":"closed","ping_status":"closed","template":"","meta":{"footnotes":"","_vp_format_video_url":"","_vp_image_focal_point":[]},"yoast_head":"<!-- This site is optimized with the Yoast SEO plugin v21.8 - https:\/\/yoast.com\/wordpress\/plugins\/seo\/ -->\n<title>Projets et M\u00e9thodes - CAFMET<\/title>\n<meta name=\"robots\" content=\"index, follow, max-snippet:-1, max-image-preview:large, max-video-preview:-1\" \/>\n<link rel=\"canonical\" href=\"https:\/\/www.cafmet.com\/en\/17156-2\/\" \/>\n<meta property=\"og:locale\" content=\"en_GB\" \/>\n<meta property=\"og:type\" content=\"article\" \/>\n<meta property=\"og:title\" content=\"Projets et M\u00e9thodes - CAFMET\" \/>\n<meta property=\"og:url\" content=\"https:\/\/www.cafmet.com\/en\/17156-2\/\" \/>\n<meta property=\"og:site_name\" content=\"CAFMET\" \/>\n<meta property=\"article:modified_time\" content=\"2023-07-26T08:51:22+00:00\" \/>\n<meta property=\"og:image\" content=\"https:\/\/www.cafmet.com\/wp-content\/uploads\/2022\/09\/Projets-scaled.jpg\" \/>\n<meta name=\"twitter:card\" content=\"summary_large_image\" \/>\n<meta name=\"twitter:label1\" content=\"Estimated reading time\" \/>\n\t<meta name=\"twitter:data1\" content=\"2 minutes\" \/>\n<script type=\"application\/ld+json\" class=\"yoast-schema-graph\">{\"@context\":\"https:\/\/schema.org\",\"@graph\":[{\"@type\":\"WebPage\",\"@id\":\"https:\/\/www.cafmet.com\/17156-2\/\",\"url\":\"https:\/\/www.cafmet.com\/17156-2\/\",\"name\":\"Projets et M\u00e9thodes - CAFMET\",\"isPartOf\":{\"@id\":\"https:\/\/www.cafmet.com\/#website\"},\"datePublished\":\"2022-09-20T13:47:13+00:00\",\"dateModified\":\"2023-07-26T08:51:22+00:00\",\"breadcrumb\":{\"@id\":\"https:\/\/www.cafmet.com\/17156-2\/#breadcrumb\"},\"inLanguage\":\"en-GB\",\"potentialAction\":[{\"@type\":\"ReadAction\",\"target\":[\"https:\/\/www.cafmet.com\/17156-2\/\"]}]},{\"@type\":\"BreadcrumbList\",\"@id\":\"https:\/\/www.cafmet.com\/17156-2\/#breadcrumb\",\"itemListElement\":[{\"@type\":\"ListItem\",\"position\":1,\"name\":\"Accueil\",\"item\":\"https:\/\/www.cafmet.com\/\"},{\"@type\":\"ListItem\",\"position\":2,\"name\":\"Projets et M\u00e9thodes\"}]},{\"@type\":\"WebSite\",\"@id\":\"https:\/\/www.cafmet.com\/#website\",\"url\":\"https:\/\/www.cafmet.com\/\",\"name\":\"CAFMET\",\"description\":\"\",\"potentialAction\":[{\"@type\":\"SearchAction\",\"target\":{\"@type\":\"EntryPoint\",\"urlTemplate\":\"https:\/\/www.cafmet.com\/?s={search_term_string}\"},\"query-input\":\"required name=search_term_string\"}],\"inLanguage\":\"en-GB\"}]}<\/script>\n<!-- \/ Yoast SEO plugin. -->","yoast_head_json":{"title":"Projets et M\u00e9thodes - CAFMET","robots":{"index":"index","follow":"follow","max-snippet":"max-snippet:-1","max-image-preview":"max-image-preview:large","max-video-preview":"max-video-preview:-1"},"canonical":"https:\/\/www.cafmet.com\/en\/17156-2\/","og_locale":"en_GB","og_type":"article","og_title":"Projets et M\u00e9thodes - CAFMET","og_url":"https:\/\/www.cafmet.com\/en\/17156-2\/","og_site_name":"CAFMET","article_modified_time":"2023-07-26T08:51:22+00:00","og_image":[{"url":"https:\/\/www.cafmet.com\/wp-content\/uploads\/2022\/09\/Projets-scaled.jpg"}],"twitter_card":"summary_large_image","twitter_misc":{"Estimated reading time":"2 minutes"},"schema":{"@context":"https:\/\/schema.org","@graph":[{"@type":"WebPage","@id":"https:\/\/www.cafmet.com\/17156-2\/","url":"https:\/\/www.cafmet.com\/17156-2\/","name":"Projets et M\u00e9thodes - CAFMET","isPartOf":{"@id":"https:\/\/www.cafmet.com\/#website"},"datePublished":"2022-09-20T13:47:13+00:00","dateModified":"2023-07-26T08:51:22+00:00","breadcrumb":{"@id":"https:\/\/www.cafmet.com\/17156-2\/#breadcrumb"},"inLanguage":"en-GB","potentialAction":[{"@type":"ReadAction","target":["https:\/\/www.cafmet.com\/17156-2\/"]}]},{"@type":"BreadcrumbList","@id":"https:\/\/www.cafmet.com\/17156-2\/#breadcrumb","itemListElement":[{"@type":"ListItem","position":1,"name":"Accueil","item":"https:\/\/www.cafmet.com\/"},{"@type":"ListItem","position":2,"name":"Projets et M\u00e9thodes"}]},{"@type":"WebSite","@id":"https:\/\/www.cafmet.com\/#website","url":"https:\/\/www.cafmet.com\/","name":"CAFMET","description":"","potentialAction":[{"@type":"SearchAction","target":{"@type":"EntryPoint","urlTemplate":"https:\/\/www.cafmet.com\/?s={search_term_string}"},"query-input":"required name=search_term_string"}],"inLanguage":"en-GB"}]}},"_links":{"self":[{"href":"https:\/\/www.cafmet.com\/en\/wp-json\/wp\/v2\/pages\/17156"}],"collection":[{"href":"https:\/\/www.cafmet.com\/en\/wp-json\/wp\/v2\/pages"}],"about":[{"href":"https:\/\/www.cafmet.com\/en\/wp-json\/wp\/v2\/types\/page"}],"author":[{"embeddable":true,"href":"https:\/\/www.cafmet.com\/en\/wp-json\/wp\/v2\/users\/1"}],"replies":[{"embeddable":true,"href":"https:\/\/www.cafmet.com\/en\/wp-json\/wp\/v2\/comments?post=17156"}],"version-history":[{"count":0,"href":"https:\/\/www.cafmet.com\/en\/wp-json\/wp\/v2\/pages\/17156\/revisions"}],"wp:attachment":[{"href":"https:\/\/www.cafmet.com\/en\/wp-json\/wp\/v2\/media?parent=17156"}],"curies":[{"name":"wp","href":"https:\/\/api.w.org\/{rel}","templated":true}]}}