{"id":16875,"date":"2022-04-05T17:13:50","date_gmt":"2022-04-05T15:13:50","guid":{"rendered":"https:\/\/www.cafmet.com\/?page_id=16875"},"modified":"2024-05-30T14:00:57","modified_gmt":"2024-05-30T12:00:57","slug":"certification-responsable-metrologie","status":"publish","type":"page","link":"https:\/\/www.cafmet.com\/en\/certification-responsable-metrologie\/","title":{"rendered":"Certification Metrology Manager"},"content":{"rendered":"<section class=\"wpb-content-wrapper\"><div class=\"vc_row wpb_row vc_row-fluid\"><div class=\"wpb_column vc_column_container vc_col-sm-12\"><div class=\"vc_column-inner\"><div class=\"wpb_wrapper\">\n\t<div class=\"wpb_text_column wpb_content_element\" >\n\t\t<div class=\"wpb_wrapper\">\n\t\t\t<p><!-- \/wp:paragraph --><!-- wp:shortcode --><div class=\"elements-box\"><div class=\"element-title text-center\">\n                            <span><\/span>\n                            <h2>CERTIFICATION: METROLOGY MANAGER<\/h2>\n                            <p><\/p>\n<p><\/p>\n                        <\/div><\/div>\n<p>&nbsp;<\/p>\n<h4 class=\"has-text-align-center\">Would you like to have your skills recognized as a Metrology Manager ?<\/h4>\n<h4 class=\"has-text-align-center\">Get certified by our organization and then receive a certification.<\/h4>\n\n\t\t<\/div>\n\t<\/div>\n<div class=\"vc_btn3-container vc_btn3-center\" ><a style=\"background-color:#ff8f1b; color:#ffffff;\" class=\"vc_general vc_btn3 vc_btn3-size-lg vc_btn3-shape-rounded vc_btn3-style-custom\" href=\"https:\/\/www.cafmet.com\/en\/formulaire-de-demande-de-certification\/\" title=\"\" target=\"_blank\">Register<\/a><\/div>\n\t<div class=\"wpb_text_column wpb_content_element\" >\n\t\t<div class=\"wpb_wrapper\">\n\t\t\t<p><!-- wp:paragraph --><\/p>\n\n\t\t<\/div>\n\t<\/div>\n<\/div><\/div><\/div><\/div><div class=\"vc_row wpb_row vc_row-fluid\"><div class=\"wpb_column vc_column_container vc_col-sm-12\"><div class=\"vc_column-inner\"><div class=\"wpb_wrapper\">\n\t<div class=\"wpb_text_column wpb_content_element  vc_custom_1700659117552\" >\n\t\t<div class=\"wpb_wrapper\">\n\t\t\t<p>&nbsp;<\/p>\n<ul>\n<li>\n<h3>Metrology Manager<\/h3>\n<\/li>\n<\/ul>\n<p>&nbsp;<\/p>\n<h5 style=\"text-align: center;\">A Metrology Manager is the guarantor of the proper operation of all measuring equipment and materials used. He\/she ensures the reliability of measurements in the production process, applies current metrology standards and guidelines, and contributes his\/her knowledge to develop the metrology function within the organization.<\/h5>\n<blockquote class=\"wp-block-quote; style=\">\n<p class=\"has-black-color has-text-color\" style=\"padding-left: 100px; font-size: 18px;\"><\/blockquote>\n\n\t\t<\/div>\n\t<\/div>\n<div class=\"vc_empty_space\"   style=\"height: 50px\"><span class=\"vc_empty_space_inner\"><\/span><\/div>\n\t<div class=\"wpb_text_column wpb_content_element\" >\n\t\t<div class=\"wpb_wrapper\">\n\t\t\t<h4><\/h4>\n<h4 class=\"has-text-align-center\"><strong>How to get certified by CAFMET ?<\/strong><\/h4>\n\n\t\t<\/div>\n\t<\/div>\n<div class=\"vc_empty_space\"   style=\"height: 50px\"><span class=\"vc_empty_space_inner\"><\/span><\/div>\n\t<div  class=\"wpb_single_image wpb_content_element vc_align_center\">\n\t\t\n\t\t<figure class=\"wpb_wrapper vc_figure\">\n\t\t\t<div class=\"vc_single_image-wrapper   vc_box_border_grey\"><img loading=\"lazy\" decoding=\"async\" width=\"2415\" height=\"600\" src=\"https:\/\/www.cafmet.com\/wp-content\/uploads\/2024\/05\/Examen-de-recevabilite.jpg\" class=\"vc_single_image-img attachment-full\" alt=\"\" title=\"Examination of admissibility\" srcset=\"https:\/\/www.cafmet.com\/wp-content\/uploads\/2024\/05\/Examen-de-recevabilite.jpg 2415w, https:\/\/www.cafmet.com\/wp-content\/uploads\/2024\/05\/Examen-de-recevabilite-300x75.jpg 300w, https:\/\/www.cafmet.com\/wp-content\/uploads\/2024\/05\/Examen-de-recevabilite-1024x254.jpg 1024w, https:\/\/www.cafmet.com\/wp-content\/uploads\/2024\/05\/Examen-de-recevabilite-768x191.jpg 768w, https:\/\/www.cafmet.com\/wp-content\/uploads\/2024\/05\/Examen-de-recevabilite-1536x382.jpg 1536w, https:\/\/www.cafmet.com\/wp-content\/uploads\/2024\/05\/Examen-de-recevabilite-2048x509.jpg 2048w, https:\/\/www.cafmet.com\/wp-content\/uploads\/2024\/05\/Examen-de-recevabilite-18x4.jpg 18w, https:\/\/www.cafmet.com\/wp-content\/uploads\/2024\/05\/Examen-de-recevabilite-500x124.jpg 500w, https:\/\/www.cafmet.com\/wp-content\/uploads\/2024\/05\/Examen-de-recevabilite-800x199.jpg 800w, https:\/\/www.cafmet.com\/wp-content\/uploads\/2024\/05\/Examen-de-recevabilite-1280x318.jpg 1280w, https:\/\/www.cafmet.com\/wp-content\/uploads\/2024\/05\/Examen-de-recevabilite-1920x477.jpg 1920w, https:\/\/www.cafmet.com\/wp-content\/uploads\/2024\/05\/Examen-de-recevabilite-1320x328.jpg 1320w\" sizes=\"(max-width: 2415px) 100vw, 2415px\" \/><\/div>\n\t\t<\/figure>\n\t<\/div>\n<div class=\"vc_empty_space\"   style=\"height: 50px\"><span class=\"vc_empty_space_inner\"><\/span><\/div>\n\t<div class=\"wpb_text_column wpb_content_element\" >\n\t\t<div class=\"wpb_wrapper\">\n\t\t\t<h4 class=\"has-text-align-center\"><strong>Discover all certifications offered by CAFMET.<\/strong><\/h4>\n\n\t\t<\/div>\n\t<\/div>\n\n\t<div class=\"wpb_text_column wpb_content_element\" >\n\t\t<div class=\"wpb_wrapper\">\n\t\t\t<div class=\"wp-block-column\">\n<p>&nbsp;<\/p>\n<p class=\"has-text-align-center\" style=\"font-size: 30px;\">Responsable Qualit\u00e9\u00a0 \u00a0 \u00a0 \u00a0 \u00a0 \u00a0 \u00a0 \u00a0 \u00a0 \u00a0Responsable M\u00e9trologie<\/p>\n<\/div>\n\n\t\t<\/div>\n\t<\/div>\n<div class=\"vc_btn3-container vc_btn3-center\" ><a style=\"background-color:#ff8f1b; color:#ffffff;\" class=\"vc_general vc_btn3 vc_btn3-size-lg vc_btn3-shape-rounded vc_btn3-style-custom\" href=\"https:\/\/www.cafmet.com\/en\/la-certification-de-personnes\/\" title=\"\" target=\"_blank\">Learn more<\/a><\/div><div class=\"vc_empty_space\"   style=\"height: 50px\"><span class=\"vc_empty_space_inner\"><\/span><\/div>\n\t<div class=\"wpb_text_column wpb_content_element\" >\n\t\t<div class=\"wpb_wrapper\">\n\t\t\t<h4>\u00a0<\/h4>\n<h4 class=\"has-text-align-center\" style=\"text-align: center;\"><strong>Vous voulez obtenir plus d&rsquo;informations ? Contactez-nous : contact@cafmet.com<\/strong><\/h4>\n\n\t\t<\/div>\n\t<\/div>\n<\/div><\/div><\/div><\/div>\n<\/section>","protected":false},"excerpt":{"rendered":"CERTIFICATION : RESPONSABLE M\u00c9TROLOGIE &nbsp; Vous souhaitez faire reconna\u00eetre vos comp\u00e9tences en tant que Responsable M\u00e9trologie ? Faites-vous certifier par notre organisme et recevez ensuite une certification. Inscription &nbsp; Responsable M\u00e9trologie &nbsp; Un Responsable M\u00e9trologie est le garant du bon fonctionnement de l'ensemble des \u00e9quipements et mat\u00e9riels de mesures utilis\u00e9s. Ainsi il assure la fiabilit\u00e9","protected":false},"author":1,"featured_media":0,"parent":0,"menu_order":0,"comment_status":"closed","ping_status":"closed","template":"","meta":{"footnotes":"","_vp_format_video_url":"","_vp_image_focal_point":[]},"yoast_head":"<!-- This site is optimized with the Yoast SEO plugin v21.8 - https:\/\/yoast.com\/wordpress\/plugins\/seo\/ -->\n<title>Certification Responsable M\u00e9trologie - CAFMET<\/title>\n<meta name=\"robots\" content=\"index, follow, max-snippet:-1, max-image-preview:large, max-video-preview:-1\" \/>\n<link rel=\"canonical\" href=\"https:\/\/www.cafmet.com\/en\/certification-responsable-metrologie\/\" \/>\n<meta property=\"og:locale\" content=\"en_GB\" \/>\n<meta property=\"og:type\" content=\"article\" \/>\n<meta property=\"og:title\" content=\"Certification Responsable M\u00e9trologie - CAFMET\" \/>\n<meta property=\"og:url\" content=\"https:\/\/www.cafmet.com\/en\/certification-responsable-metrologie\/\" \/>\n<meta property=\"og:site_name\" content=\"CAFMET\" \/>\n<meta property=\"article:modified_time\" content=\"2024-05-30T12:00:57+00:00\" \/>\n<meta name=\"twitter:card\" content=\"summary_large_image\" \/>\n<meta name=\"twitter:label1\" content=\"Estimated reading time\" \/>\n\t<meta name=\"twitter:data1\" content=\"2 minutes\" \/>\n<script type=\"application\/ld+json\" class=\"yoast-schema-graph\">{\"@context\":\"https:\/\/schema.org\",\"@graph\":[{\"@type\":\"WebPage\",\"@id\":\"https:\/\/www.cafmet.com\/certification-responsable-metrologie\/\",\"url\":\"https:\/\/www.cafmet.com\/certification-responsable-metrologie\/\",\"name\":\"Certification Responsable M\u00e9trologie - CAFMET\",\"isPartOf\":{\"@id\":\"https:\/\/www.cafmet.com\/#website\"},\"datePublished\":\"2022-04-05T15:13:50+00:00\",\"dateModified\":\"2024-05-30T12:00:57+00:00\",\"breadcrumb\":{\"@id\":\"https:\/\/www.cafmet.com\/certification-responsable-metrologie\/#breadcrumb\"},\"inLanguage\":\"en-GB\",\"potentialAction\":[{\"@type\":\"ReadAction\",\"target\":[\"https:\/\/www.cafmet.com\/certification-responsable-metrologie\/\"]}]},{\"@type\":\"BreadcrumbList\",\"@id\":\"https:\/\/www.cafmet.com\/certification-responsable-metrologie\/#breadcrumb\",\"itemListElement\":[{\"@type\":\"ListItem\",\"position\":1,\"name\":\"Accueil\",\"item\":\"https:\/\/www.cafmet.com\/\"},{\"@type\":\"ListItem\",\"position\":2,\"name\":\"Certification Responsable M\u00e9trologie\"}]},{\"@type\":\"WebSite\",\"@id\":\"https:\/\/www.cafmet.com\/#website\",\"url\":\"https:\/\/www.cafmet.com\/\",\"name\":\"CAFMET\",\"description\":\"\",\"potentialAction\":[{\"@type\":\"SearchAction\",\"target\":{\"@type\":\"EntryPoint\",\"urlTemplate\":\"https:\/\/www.cafmet.com\/?s={search_term_string}\"},\"query-input\":\"required name=search_term_string\"}],\"inLanguage\":\"en-GB\"}]}<\/script>\n<!-- \/ Yoast SEO plugin. -->","yoast_head_json":{"title":"Certification Responsable M\u00e9trologie - CAFMET","robots":{"index":"index","follow":"follow","max-snippet":"max-snippet:-1","max-image-preview":"max-image-preview:large","max-video-preview":"max-video-preview:-1"},"canonical":"https:\/\/www.cafmet.com\/en\/certification-responsable-metrologie\/","og_locale":"en_GB","og_type":"article","og_title":"Certification Responsable M\u00e9trologie - CAFMET","og_url":"https:\/\/www.cafmet.com\/en\/certification-responsable-metrologie\/","og_site_name":"CAFMET","article_modified_time":"2024-05-30T12:00:57+00:00","twitter_card":"summary_large_image","twitter_misc":{"Estimated reading time":"2 minutes"},"schema":{"@context":"https:\/\/schema.org","@graph":[{"@type":"WebPage","@id":"https:\/\/www.cafmet.com\/certification-responsable-metrologie\/","url":"https:\/\/www.cafmet.com\/certification-responsable-metrologie\/","name":"Certification Responsable M\u00e9trologie - CAFMET","isPartOf":{"@id":"https:\/\/www.cafmet.com\/#website"},"datePublished":"2022-04-05T15:13:50+00:00","dateModified":"2024-05-30T12:00:57+00:00","breadcrumb":{"@id":"https:\/\/www.cafmet.com\/certification-responsable-metrologie\/#breadcrumb"},"inLanguage":"en-GB","potentialAction":[{"@type":"ReadAction","target":["https:\/\/www.cafmet.com\/certification-responsable-metrologie\/"]}]},{"@type":"BreadcrumbList","@id":"https:\/\/www.cafmet.com\/certification-responsable-metrologie\/#breadcrumb","itemListElement":[{"@type":"ListItem","position":1,"name":"Accueil","item":"https:\/\/www.cafmet.com\/"},{"@type":"ListItem","position":2,"name":"Certification Responsable M\u00e9trologie"}]},{"@type":"WebSite","@id":"https:\/\/www.cafmet.com\/#website","url":"https:\/\/www.cafmet.com\/","name":"CAFMET","description":"","potentialAction":[{"@type":"SearchAction","target":{"@type":"EntryPoint","urlTemplate":"https:\/\/www.cafmet.com\/?s={search_term_string}"},"query-input":"required name=search_term_string"}],"inLanguage":"en-GB"}]}},"_links":{"self":[{"href":"https:\/\/www.cafmet.com\/en\/wp-json\/wp\/v2\/pages\/16875"}],"collection":[{"href":"https:\/\/www.cafmet.com\/en\/wp-json\/wp\/v2\/pages"}],"about":[{"href":"https:\/\/www.cafmet.com\/en\/wp-json\/wp\/v2\/types\/page"}],"author":[{"embeddable":true,"href":"https:\/\/www.cafmet.com\/en\/wp-json\/wp\/v2\/users\/1"}],"replies":[{"embeddable":true,"href":"https:\/\/www.cafmet.com\/en\/wp-json\/wp\/v2\/comments?post=16875"}],"version-history":[{"count":0,"href":"https:\/\/www.cafmet.com\/en\/wp-json\/wp\/v2\/pages\/16875\/revisions"}],"wp:attachment":[{"href":"https:\/\/www.cafmet.com\/en\/wp-json\/wp\/v2\/media?parent=16875"}],"curies":[{"name":"wp","href":"https:\/\/api.w.org\/{rel}","templated":true}]}}