{"id":16282,"date":"2021-11-12T16:21:16","date_gmt":"2021-11-12T15:21:16","guid":{"rendered":"https:\/\/www.cafmet.com\/?page_id=16282"},"modified":"2025-05-04T10:40:29","modified_gmt":"2025-05-04T08:40:29","slug":"nos-web-formations-3","status":"publish","type":"page","link":"https:\/\/www.cafmet.com\/en\/formation-metrologie-cafmet\/nos-web-formations-3\/","title":{"rendered":"WEB-FORMATIONS"},"content":{"rendered":"<section class=\"wpb-content-wrapper\"><div class=\"vc_row wpb_row vc_row-fluid\"><div class=\"wpb_column vc_column_container vc_col-sm-12\"><div class=\"vc_column-inner\"><div class=\"wpb_wrapper\">\n            <div class=\"widget kopa-article-list-11-widget\">\n                                    <div class=\"widget-title widget-title-s5 text-center\">\n                        <span><\/span>\n                                                <h2>OUR WEB-FORMATIONS<\/h2>\n                        \n                                            <\/div>\n                                    <!-- widget-title -->\n\n                <div class=\"widget-content\">\n\n                                        \n                <\/div>\n                <!-- widget-content -->\n            <\/div>\n        <\/div><\/div><\/div><\/div><div class=\"vc_row wpb_row vc_row-fluid\"><div class=\"wpb_column vc_column_container vc_col-sm-4\"><div class=\"vc_column-inner\"><div class=\"wpb_wrapper\">\n\t<div class=\"wpb_text_column wpb_content_element\" >\n\t\t<div class=\"wpb_wrapper\">\n\t\t\t<p>&nbsp;<\/p>\n<h5 style=\"text-align: center;\"><span style=\"color: #333333;\"><strong>Dates : <span style=\"color: #ff0000;\">2024, September 23-26<\/span><\/strong><\/span><\/h5>\n<h5 style=\"text-align: center;\"><span style=\"color: #333333;\">Time : 12 hours<\/span><\/h5>\n<p style=\"text-align: center;\"><a href=\"https:\/\/www.cafmet.com\/en\/qualite-et-metrologie-dans-les-laboratoires-septembre-2023\/\" target=\"_blank\" rel=\"noopener\"><img loading=\"lazy\" decoding=\"async\" class=\"aligncenter wp-image-16535 size-medium\" src=\"https:\/\/www.cafmet.com\/wp-content\/uploads\/2022\/01\/Qualite-et-metrologie-dans-les-laboratoires-300x300.png\" alt=\"\" width=\"300\" height=\"300\" srcset=\"https:\/\/www.cafmet.com\/wp-content\/uploads\/2022\/01\/Qualite-et-metrologie-dans-les-laboratoires-300x300.png 300w, https:\/\/www.cafmet.com\/wp-content\/uploads\/2022\/01\/Qualite-et-metrologie-dans-les-laboratoires-150x150.png 150w, https:\/\/www.cafmet.com\/wp-content\/uploads\/2022\/01\/Qualite-et-metrologie-dans-les-laboratoires-12x12.png 12w, https:\/\/www.cafmet.com\/wp-content\/uploads\/2022\/01\/Qualite-et-metrologie-dans-les-laboratoires-40x40.png 40w, https:\/\/www.cafmet.com\/wp-content\/uploads\/2022\/01\/Qualite-et-metrologie-dans-les-laboratoires-175x175.png 175w, https:\/\/www.cafmet.com\/wp-content\/uploads\/2022\/01\/Qualite-et-metrologie-dans-les-laboratoires-70x70.png 70w, https:\/\/www.cafmet.com\/wp-content\/uploads\/2022\/01\/Qualite-et-metrologie-dans-les-laboratoires-255x255.png 255w, https:\/\/www.cafmet.com\/wp-content\/uploads\/2022\/01\/Qualite-et-metrologie-dans-les-laboratoires-278x278.png 278w, https:\/\/www.cafmet.com\/wp-content\/uploads\/2022\/01\/Qualite-et-metrologie-dans-les-laboratoires-100x100.png 100w, https:\/\/www.cafmet.com\/wp-content\/uploads\/2022\/01\/Qualite-et-metrologie-dans-les-laboratoires.png 400w\" sizes=\"(max-width: 300px) 100vw, 300px\" \/><\/a><\/p>\n<p style=\"text-align: center;\"><a href=\"https:\/\/www.cafmet.com\/en\/qualite-et-metrologie-dans-les-laboratoires-septembre-2023\/\" target=\"_blank\" rel=\"noopener\"><strong>To learn more click above !<\/strong><\/a><\/p>\n\n\t\t<\/div>\n\t<\/div>\n<\/div><\/div><\/div><div class=\"wpb_column vc_column_container vc_col-sm-4\"><div class=\"vc_column-inner\"><div class=\"wpb_wrapper\">\n\t<div class=\"wpb_text_column wpb_content_element\" >\n\t\t<div class=\"wpb_wrapper\">\n\t\t\t<h5 style=\"text-align: center;\"><span style=\"color: #333333;\"><strong>Dates : <span style=\"color: #ff0000;\">2024, October 07-08<\/span><\/strong><\/span><\/h5>\n<h5 style=\"text-align: center;\"><span style=\"color: #333333;\">Time : 12 hours<\/span><\/h5>\n<p style=\"text-align: center;\"><a href=\"https:\/\/www.cafmet.com\/en\/audit-metrologie-octobre-2023\/\" target=\"_blank\" rel=\"noopener\"><img loading=\"lazy\" decoding=\"async\" class=\"wp-image-16537 aligncenter\" src=\"https:\/\/www.cafmet.com\/wp-content\/uploads\/2022\/01\/Audit-metrologie-300x300.png\" alt=\"\" width=\"300\" height=\"300\" srcset=\"https:\/\/www.cafmet.com\/wp-content\/uploads\/2022\/01\/Audit-metrologie-300x300.png 300w, https:\/\/www.cafmet.com\/wp-content\/uploads\/2022\/01\/Audit-metrologie-150x150.png 150w, https:\/\/www.cafmet.com\/wp-content\/uploads\/2022\/01\/Audit-metrologie-12x12.png 12w, https:\/\/www.cafmet.com\/wp-content\/uploads\/2022\/01\/Audit-metrologie-40x40.png 40w, https:\/\/www.cafmet.com\/wp-content\/uploads\/2022\/01\/Audit-metrologie-175x175.png 175w, https:\/\/www.cafmet.com\/wp-content\/uploads\/2022\/01\/Audit-metrologie-70x70.png 70w, https:\/\/www.cafmet.com\/wp-content\/uploads\/2022\/01\/Audit-metrologie-255x255.png 255w, https:\/\/www.cafmet.com\/wp-content\/uploads\/2022\/01\/Audit-metrologie-278x278.png 278w, https:\/\/www.cafmet.com\/wp-content\/uploads\/2022\/01\/Audit-metrologie-100x100.png 100w, https:\/\/www.cafmet.com\/wp-content\/uploads\/2022\/01\/Audit-metrologie.png 400w\" sizes=\"(max-width: 300px) 100vw, 300px\" \/><\/a><\/p>\n<p style=\"text-align: center;\"><a href=\"https:\/\/www.cafmet.com\/en\/qualite-et-metrologie-dans-les-laboratoires-septembre-2023\/\" target=\"_blank\" rel=\"noopener\"><strong>To learn more click above !<\/strong><\/a><\/p>\n\n\t\t<\/div>\n\t<\/div>\n<\/div><\/div><\/div><div class=\"wpb_column vc_column_container vc_col-sm-4\"><div class=\"vc_column-inner\"><div class=\"wpb_wrapper\">\n\t<div class=\"wpb_text_column wpb_content_element\" >\n\t\t<div class=\"wpb_wrapper\">\n\t\t\t\n\t\t<\/div>\n\t<\/div>\n<\/div><\/div><\/div><\/div><div class=\"vc_row wpb_row vc_row-fluid\"><div class=\"wpb_column vc_column_container vc_col-sm-4\"><div class=\"vc_column-inner\"><div class=\"wpb_wrapper\">\n\t<div class=\"wpb_text_column wpb_content_element\" >\n\t\t<div class=\"wpb_wrapper\">\n\t\t\t<h5 style=\"text-align: center;\"><span style=\"color: #333333;\"><strong>Dates : <span style=\"color: #ff0000;\">2024, December 02-05<\/span><\/strong><\/span><\/h5>\n<h5 style=\"text-align: center;\"><span style=\"color: #333333;\">Time : 12 hours<\/span><\/h5>\n<h5 style=\"text-align: center;\"><a href=\"https:\/\/www.cafmet.com\/en\/?page_id=18770\/&amp;preview=true\" target=\"_blank\" rel=\"noopener\"><img loading=\"lazy\" decoding=\"async\" class=\"alignnone wp-image-18016 size-medium\" src=\"https:\/\/www.cafmet.com\/wp-content\/uploads\/2022\/12\/page1--298x300.png\" alt=\"\" width=\"298\" height=\"300\" srcset=\"https:\/\/www.cafmet.com\/wp-content\/uploads\/2022\/12\/page1--298x300.png 298w, https:\/\/www.cafmet.com\/wp-content\/uploads\/2022\/12\/page1--1018x1024.png 1018w, https:\/\/www.cafmet.com\/wp-content\/uploads\/2022\/12\/page1--150x150.png 150w, https:\/\/www.cafmet.com\/wp-content\/uploads\/2022\/12\/page1--768x773.png 768w, https:\/\/www.cafmet.com\/wp-content\/uploads\/2022\/12\/page1--12x12.png 12w, https:\/\/www.cafmet.com\/wp-content\/uploads\/2022\/12\/page1--500x503.png 500w, https:\/\/www.cafmet.com\/wp-content\/uploads\/2022\/12\/page1--800x805.png 800w, https:\/\/www.cafmet.com\/wp-content\/uploads\/2022\/12\/page1--40x40.png 40w, https:\/\/www.cafmet.com\/wp-content\/uploads\/2022\/12\/page1--175x175.png 175w, https:\/\/www.cafmet.com\/wp-content\/uploads\/2022\/12\/page1--70x70.png 70w, https:\/\/www.cafmet.com\/wp-content\/uploads\/2022\/12\/page1--600x604.png 600w, https:\/\/www.cafmet.com\/wp-content\/uploads\/2022\/12\/page1--100x100.png 100w, https:\/\/www.cafmet.com\/wp-content\/uploads\/2022\/12\/page1-.png 1254w\" sizes=\"(max-width: 298px) 100vw, 298px\" \/><\/a><\/h5>\n<p style=\"text-align: center;\"><a href=\"https:\/\/www.cafmet.com\/en\/qualite-et-metrologie-dans-les-laboratoires-septembre-2023\/\" target=\"_blank\" rel=\"noopener\"><strong>To learn more click above !<\/strong><\/a><\/p>\n\n\t\t<\/div>\n\t<\/div>\n<\/div><\/div><\/div><div class=\"wpb_column vc_column_container vc_col-sm-4\"><div class=\"vc_column-inner\"><div class=\"wpb_wrapper\">\n\t<div class=\"wpb_text_column wpb_content_element\" >\n\t\t<div class=\"wpb_wrapper\">\n\t\t\t<h5 style=\"text-align: center;\"><\/h5>\n<h5 style=\"text-align: center;\"><span style=\"color: #333333;\"><strong>Dates : <span style=\"color: #ff0000;\">2024, December 16-19<\/span><\/strong><\/span><\/h5>\n<h5 style=\"text-align: center;\"><span style=\"color: #333333;\">Time : 12 hours<\/span><\/h5>\n<h5 style=\"text-align: center;\"><a href=\"https:\/\/www.cafmet.com\/en\/?page_id=18768\/&amp;preview=true\" target=\"_blank\" rel=\"noopener\"><img loading=\"lazy\" decoding=\"async\" class=\"aligncenter wp-image-16536 size-medium\" src=\"https:\/\/www.cafmet.com\/wp-content\/uploads\/2022\/01\/Incertitudes-temperature-enceintes-300x300.png\" alt=\"\" width=\"300\" height=\"300\" srcset=\"https:\/\/www.cafmet.com\/wp-content\/uploads\/2022\/01\/Incertitudes-temperature-enceintes-300x300.png 300w, https:\/\/www.cafmet.com\/wp-content\/uploads\/2022\/01\/Incertitudes-temperature-enceintes-150x150.png 150w, https:\/\/www.cafmet.com\/wp-content\/uploads\/2022\/01\/Incertitudes-temperature-enceintes-12x12.png 12w, https:\/\/www.cafmet.com\/wp-content\/uploads\/2022\/01\/Incertitudes-temperature-enceintes-40x40.png 40w, https:\/\/www.cafmet.com\/wp-content\/uploads\/2022\/01\/Incertitudes-temperature-enceintes-175x175.png 175w, https:\/\/www.cafmet.com\/wp-content\/uploads\/2022\/01\/Incertitudes-temperature-enceintes-70x70.png 70w, https:\/\/www.cafmet.com\/wp-content\/uploads\/2022\/01\/Incertitudes-temperature-enceintes-255x255.png 255w, https:\/\/www.cafmet.com\/wp-content\/uploads\/2022\/01\/Incertitudes-temperature-enceintes-278x278.png 278w, https:\/\/www.cafmet.com\/wp-content\/uploads\/2022\/01\/Incertitudes-temperature-enceintes-100x100.png 100w, https:\/\/www.cafmet.com\/wp-content\/uploads\/2022\/01\/Incertitudes-temperature-enceintes.png 400w\" sizes=\"(max-width: 300px) 100vw, 300px\" \/><\/a><\/h5>\n<p style=\"text-align: center;\"><a href=\"https:\/\/www.cafmet.com\/en\/qualite-et-metrologie-dans-les-laboratoires-septembre-2023\/\" target=\"_blank\" rel=\"noopener\"><strong>To learn more click above !<\/strong><\/a><\/p>\n\n\t\t<\/div>\n\t<\/div>\n<\/div><\/div><\/div><div class=\"wpb_column vc_column_container vc_col-sm-4\"><div class=\"vc_column-inner\"><div class=\"wpb_wrapper\"><\/div><\/div><\/div><\/div><div class=\"vc_row wpb_row vc_row-fluid\"><div class=\"wpb_column vc_column_container vc_col-sm-4\"><div class=\"vc_column-inner\"><div class=\"wpb_wrapper\"><\/div><\/div><\/div><div class=\"wpb_column vc_column_container vc_col-sm-4\"><div class=\"vc_column-inner\"><div class=\"wpb_wrapper\"><div class=\"vc_btn3-container vc_btn3-center\" ><a class=\"vc_general vc_btn3 vc_btn3-size-lg vc_btn3-shape-rounded vc_btn3-style-outline vc_btn3-icon-left vc_btn3-color-primary\" href=\"https:\/\/www.cafmet.com\/en\/inscription-aux-webformations\/\" title=\"\" target=\"_blank\"><i class=\"vc_btn3-icon fas fa-adjust\"><\/i> REGISTER NOW<\/a><\/div><\/div><\/div><\/div><div class=\"wpb_column vc_column_container vc_col-sm-4\"><div class=\"vc_column-inner\"><div class=\"wpb_wrapper\"><\/div><\/div><\/div><\/div><div class=\"vc_row wpb_row vc_row-fluid\"><div class=\"wpb_column vc_column_container vc_col-sm-12 vc_col-has-fill\"><div class=\"vc_column-inner vc_custom_1643972367296\"><div class=\"wpb_wrapper\"><section class=\"vc_cta3-container\"><div class=\"vc_general vc_cta3 vc_cta3-style-classic vc_cta3-shape-rounded vc_cta3-align-left vc_cta3-color-classic vc_cta3-icon-size-md\"><div class=\"vc_cta3_content-container\"><div class=\"vc_cta3-content\"><header class=\"vc_cta3-content-header\"><\/header><h3 style=\"text-align: center;\"><strong>OUR QUALITY<\/strong><\/h3>\n<h6 style=\"text-align: center;\"><strong>CAFMET has been recognized in the training industry for many years<\/strong><\/h6>\n<h6 style=\"text-align: center;\">Official registration number <strong>52 49 03105 49<\/strong><\/h6>\n<\/div><\/div><\/div><\/section><\/div><\/div><\/div><\/div>\n<\/section>","protected":false},"excerpt":{"rendered":"NOS WEB-FORMATIONS &nbsp; Dates : du 23 au 26 septembre 2024 Dur\u00e9e : 12 heures Pour en savoir plus cliquez ci-dessus ! Dates : du 07 au 08 octobre 2024 Dur\u00e9e : 12 heures Pour en savoir plus cliquez ci-dessus ! Dates : du 02 au 05 d\u00e9cembre 2024 Dur\u00e9e : 12 heures Pour en","protected":false},"author":1,"featured_media":0,"parent":236,"menu_order":1,"comment_status":"closed","ping_status":"closed","template":"","meta":{"footnotes":"","_vp_format_video_url":"","_vp_image_focal_point":[]},"yoast_head":"<!-- This site is optimized with the Yoast SEO plugin v21.8 - https:\/\/yoast.com\/wordpress\/plugins\/seo\/ -->\n<title>NOS WEB-FORMATIONS<\/title>\n<meta name=\"description\" content=\"Le CAFMET propose tout au long de l&#039;ann\u00e9e des web-formations dans le domaine de la m\u00e9trologie, la qualit\u00e9 ou encore l&#039;incertitude.\" \/>\n<meta name=\"robots\" content=\"index, follow, max-snippet:-1, max-image-preview:large, max-video-preview:-1\" \/>\n<link rel=\"canonical\" href=\"https:\/\/www.cafmet.com\/en\/formation-metrologie-cafmet\/nos-web-formations-3\/\" \/>\n<meta property=\"og:locale\" content=\"en_GB\" \/>\n<meta property=\"og:type\" content=\"article\" \/>\n<meta property=\"og:title\" content=\"NOS WEB-FORMATIONS\" \/>\n<meta property=\"og:description\" content=\"Le CAFMET propose tout au long de l&#039;ann\u00e9e des web-formations dans le domaine de la m\u00e9trologie, la qualit\u00e9 ou encore l&#039;incertitude.\" \/>\n<meta property=\"og:url\" content=\"https:\/\/www.cafmet.com\/en\/formation-metrologie-cafmet\/nos-web-formations-3\/\" \/>\n<meta property=\"og:site_name\" content=\"CAFMET\" \/>\n<meta property=\"article:modified_time\" content=\"2025-05-04T08:40:29+00:00\" \/>\n<meta property=\"og:image\" content=\"https:\/\/www.cafmet.com\/wp-content\/uploads\/2022\/01\/Qualite-et-metrologie-dans-les-laboratoires-300x300.png\" \/>\n<meta name=\"twitter:card\" content=\"summary_large_image\" \/>\n<meta name=\"twitter:label1\" content=\"Estimated reading time\" \/>\n\t<meta name=\"twitter:data1\" content=\"3 minutes\" \/>\n<script type=\"application\/ld+json\" class=\"yoast-schema-graph\">{\"@context\":\"https:\/\/schema.org\",\"@graph\":[{\"@type\":\"WebPage\",\"@id\":\"https:\/\/www.cafmet.com\/formation-metrologie-cafmet\/nos-web-formations-3\/\",\"url\":\"https:\/\/www.cafmet.com\/formation-metrologie-cafmet\/nos-web-formations-3\/\",\"name\":\"NOS WEB-FORMATIONS\",\"isPartOf\":{\"@id\":\"https:\/\/www.cafmet.com\/#website\"},\"datePublished\":\"2021-11-12T15:21:16+00:00\",\"dateModified\":\"2025-05-04T08:40:29+00:00\",\"description\":\"Le CAFMET propose tout au long de l'ann\u00e9e des web-formations dans le domaine de la m\u00e9trologie, la qualit\u00e9 ou encore l'incertitude.\",\"breadcrumb\":{\"@id\":\"https:\/\/www.cafmet.com\/formation-metrologie-cafmet\/nos-web-formations-3\/#breadcrumb\"},\"inLanguage\":\"en-GB\",\"potentialAction\":[{\"@type\":\"ReadAction\",\"target\":[\"https:\/\/www.cafmet.com\/formation-metrologie-cafmet\/nos-web-formations-3\/\"]}]},{\"@type\":\"BreadcrumbList\",\"@id\":\"https:\/\/www.cafmet.com\/formation-metrologie-cafmet\/nos-web-formations-3\/#breadcrumb\",\"itemListElement\":[{\"@type\":\"ListItem\",\"position\":1,\"name\":\"Accueil\",\"item\":\"https:\/\/www.cafmet.com\/\"},{\"@type\":\"ListItem\",\"position\":2,\"name\":\"Formations\",\"item\":\"https:\/\/www.cafmet.com\/formation-metrologie-cafmet\/\"},{\"@type\":\"ListItem\",\"position\":3,\"name\":\"WEB-FORMATIONS\"}]},{\"@type\":\"WebSite\",\"@id\":\"https:\/\/www.cafmet.com\/#website\",\"url\":\"https:\/\/www.cafmet.com\/\",\"name\":\"CAFMET\",\"description\":\"\",\"potentialAction\":[{\"@type\":\"SearchAction\",\"target\":{\"@type\":\"EntryPoint\",\"urlTemplate\":\"https:\/\/www.cafmet.com\/?s={search_term_string}\"},\"query-input\":\"required name=search_term_string\"}],\"inLanguage\":\"en-GB\"}]}<\/script>\n<!-- \/ Yoast SEO plugin. -->","yoast_head_json":{"title":"NOS WEB-FORMATIONS","description":"Le CAFMET propose tout au long de l'ann\u00e9e des web-formations dans le domaine de la m\u00e9trologie, la qualit\u00e9 ou encore l'incertitude.","robots":{"index":"index","follow":"follow","max-snippet":"max-snippet:-1","max-image-preview":"max-image-preview:large","max-video-preview":"max-video-preview:-1"},"canonical":"https:\/\/www.cafmet.com\/en\/formation-metrologie-cafmet\/nos-web-formations-3\/","og_locale":"en_GB","og_type":"article","og_title":"NOS WEB-FORMATIONS","og_description":"Le CAFMET propose tout au long de l'ann\u00e9e des web-formations dans le domaine de la m\u00e9trologie, la qualit\u00e9 ou encore l'incertitude.","og_url":"https:\/\/www.cafmet.com\/en\/formation-metrologie-cafmet\/nos-web-formations-3\/","og_site_name":"CAFMET","article_modified_time":"2025-05-04T08:40:29+00:00","og_image":[{"url":"https:\/\/www.cafmet.com\/wp-content\/uploads\/2022\/01\/Qualite-et-metrologie-dans-les-laboratoires-300x300.png"}],"twitter_card":"summary_large_image","twitter_misc":{"Estimated reading time":"3 minutes"},"schema":{"@context":"https:\/\/schema.org","@graph":[{"@type":"WebPage","@id":"https:\/\/www.cafmet.com\/formation-metrologie-cafmet\/nos-web-formations-3\/","url":"https:\/\/www.cafmet.com\/formation-metrologie-cafmet\/nos-web-formations-3\/","name":"NOS WEB-FORMATIONS","isPartOf":{"@id":"https:\/\/www.cafmet.com\/#website"},"datePublished":"2021-11-12T15:21:16+00:00","dateModified":"2025-05-04T08:40:29+00:00","description":"Le CAFMET propose tout au long de l'ann\u00e9e des web-formations dans le domaine de la m\u00e9trologie, la qualit\u00e9 ou encore l'incertitude.","breadcrumb":{"@id":"https:\/\/www.cafmet.com\/formation-metrologie-cafmet\/nos-web-formations-3\/#breadcrumb"},"inLanguage":"en-GB","potentialAction":[{"@type":"ReadAction","target":["https:\/\/www.cafmet.com\/formation-metrologie-cafmet\/nos-web-formations-3\/"]}]},{"@type":"BreadcrumbList","@id":"https:\/\/www.cafmet.com\/formation-metrologie-cafmet\/nos-web-formations-3\/#breadcrumb","itemListElement":[{"@type":"ListItem","position":1,"name":"Accueil","item":"https:\/\/www.cafmet.com\/"},{"@type":"ListItem","position":2,"name":"Formations","item":"https:\/\/www.cafmet.com\/formation-metrologie-cafmet\/"},{"@type":"ListItem","position":3,"name":"WEB-FORMATIONS"}]},{"@type":"WebSite","@id":"https:\/\/www.cafmet.com\/#website","url":"https:\/\/www.cafmet.com\/","name":"CAFMET","description":"","potentialAction":[{"@type":"SearchAction","target":{"@type":"EntryPoint","urlTemplate":"https:\/\/www.cafmet.com\/?s={search_term_string}"},"query-input":"required name=search_term_string"}],"inLanguage":"en-GB"}]}},"_links":{"self":[{"href":"https:\/\/www.cafmet.com\/en\/wp-json\/wp\/v2\/pages\/16282"}],"collection":[{"href":"https:\/\/www.cafmet.com\/en\/wp-json\/wp\/v2\/pages"}],"about":[{"href":"https:\/\/www.cafmet.com\/en\/wp-json\/wp\/v2\/types\/page"}],"author":[{"embeddable":true,"href":"https:\/\/www.cafmet.com\/en\/wp-json\/wp\/v2\/users\/1"}],"replies":[{"embeddable":true,"href":"https:\/\/www.cafmet.com\/en\/wp-json\/wp\/v2\/comments?post=16282"}],"version-history":[{"count":0,"href":"https:\/\/www.cafmet.com\/en\/wp-json\/wp\/v2\/pages\/16282\/revisions"}],"up":[{"embeddable":true,"href":"https:\/\/www.cafmet.com\/en\/wp-json\/wp\/v2\/pages\/236"}],"wp:attachment":[{"href":"https:\/\/www.cafmet.com\/en\/wp-json\/wp\/v2\/media?parent=16282"}],"curies":[{"name":"wp","href":"https:\/\/api.w.org\/{rel}","templated":true}]}}