{"id":16280,"date":"2021-11-12T16:19:19","date_gmt":"2021-11-12T15:19:19","guid":{"rendered":"https:\/\/www.cafmet.com\/?page_id=16280"},"modified":"2025-05-04T10:43:39","modified_gmt":"2025-05-04T08:43:39","slug":"formations-en-presentiel","status":"publish","type":"page","link":"https:\/\/www.cafmet.com\/en\/formation-metrologie-cafmet\/formations-en-presentiel\/","title":{"rendered":"FACE-TO-FACE TRAINING"},"content":{"rendered":"<section class=\"wpb-content-wrapper\"><div class=\"vc_row wpb_row vc_row-fluid vc_custom_1672907887727\"><div class=\"wpb_column vc_column_container vc_col-sm-12\"><div class=\"vc_column-inner\"><div class=\"wpb_wrapper\">\n\t<div class=\"wpb_text_column wpb_content_element\" >\n\t\t<div class=\"wpb_wrapper\">\n\t\t\t<div class=\"elements-box\"><div class=\"element-title text-center\">\n                            <span><\/span>\n                            <h2>OUR FACE-TO-FACE TRAINING<\/h2>\n                            <p><\/p>\n<p><\/p>\n                        <\/div><\/div>\n\n\t\t<\/div>\n\t<\/div>\n\n\t<div class=\"wpb_text_column wpb_content_element  vc_custom_1746348144931\" >\n\t\t<div class=\"wpb_wrapper\">\n\t\t\t<h6><\/h6>\n<h6 class=\"meta-box clearfix\" style=\"text-align: center;\"><span style=\"color: #000000;\">Nos formations en pr\u00e9sentiel peuvent \u00eatre r\u00e9alis\u00e9es au sein de votre entreprise ou au sein des locaux du CAFMET. La salle de formation est accessible aux personnes \u00e0 mobilit\u00e9 r\u00e9duite (PSH).<\/span><\/h6>\n<h6 class=\"meta-box clearfix\" style=\"text-align: center;\"><span style=\"color: #000000;\">For in-company training, CAFMET can travel anywhere in France and abroad. If you need assistance with your accommodation and visa, we are here to help you.<\/span><\/h6>\n<p style=\"text-align: center;\"><a href=\"https:\/\/www.cafmet.com\/en\/formation-metrologie-cafmet\/nos-web-formations-3\/\"><strong>All the proposed training courses can be organized remotely if you wish.<\/strong><\/a><\/p>\n<p style=\"text-align: center;\"><strong><span style=\"color: #000000;\"><em>To know all our prices, do not hesitate to contact us by email : <span style=\"color: #003366;\">contact[at]cafmet.com\u00a0<\/span><\/em><\/span><\/strong><\/p>\n<p>&nbsp;<\/p>\n\n\t\t<\/div>\n\t<\/div>\n\n\t<div class=\"wpb_text_column wpb_content_element\" >\n\t\t<div class=\"wpb_wrapper\">\n\t\t\t<header class=\"entry-content-header clearfix\">\n<div class=\"entry-title\">\n<h4><\/h4>\n<h4 style=\"text-align: center;\"><strong><span style=\"color: #000000;\">FIND OUT ABOUT ALL OUR CAFMET FACE-TO-FACE TRAINING COURSES BY CLICKING ON ONE OF THE AREAS BELOW:\u00a0<\/span><\/strong><\/h4>\n<p>&nbsp;<\/p>\n<\/div>\n<\/header>\n\n\t\t<\/div>\n\t<\/div>\n<\/div><\/div><\/div><\/div><div class=\"vc_row wpb_row vc_row-fluid\"><div class=\"wpb_column vc_column_container vc_col-sm-6\"><div class=\"vc_column-inner\"><div class=\"wpb_wrapper\">\n\t<div  class=\"wpb_single_image wpb_content_element vc_align_center\">\n\t\t\n\t\t<figure class=\"wpb_wrapper vc_figure\">\n\t\t\t<a href=\"https:\/\/www.cafmet.com\/en\/metrologie\/\" target=\"_blank\" class=\"vc_single_image-wrapper   vc_box_border_grey\"><img loading=\"lazy\" decoding=\"async\" width=\"770\" height=\"508\" src=\"https:\/\/www.cafmet.com\/wp-content\/uploads\/2019\/05\/Metrology.1.png\" class=\"vc_single_image-img attachment-large\" alt=\"\" title=\"Metro 1\" srcset=\"https:\/\/www.cafmet.com\/wp-content\/uploads\/2019\/05\/Metrology.1.png 3916w, https:\/\/www.cafmet.com\/wp-content\/uploads\/2019\/05\/Metrology.1-300x198.png 300w, https:\/\/www.cafmet.com\/wp-content\/uploads\/2019\/05\/Metrology.1-1024x676.png 1024w, https:\/\/www.cafmet.com\/wp-content\/uploads\/2019\/05\/Metrology.1-768x507.png 768w, https:\/\/www.cafmet.com\/wp-content\/uploads\/2019\/05\/Metrology.1-1536x1014.png 1536w, https:\/\/www.cafmet.com\/wp-content\/uploads\/2019\/05\/Metrology.1-2048x1351.png 2048w, https:\/\/www.cafmet.com\/wp-content\/uploads\/2019\/05\/Metrology.1-18x12.png 18w, https:\/\/www.cafmet.com\/wp-content\/uploads\/2019\/05\/Metrology.1-500x330.png 500w, https:\/\/www.cafmet.com\/wp-content\/uploads\/2019\/05\/Metrology.1-800x528.png 800w, https:\/\/www.cafmet.com\/wp-content\/uploads\/2019\/05\/Metrology.1-1280x845.png 1280w, https:\/\/www.cafmet.com\/wp-content\/uploads\/2019\/05\/Metrology.1-1920x1267.png 1920w, https:\/\/www.cafmet.com\/wp-content\/uploads\/2019\/05\/Metrology.1-600x396.png 600w\" sizes=\"(max-width: 770px) 100vw, 770px\" \/><\/a>\n\t\t<\/figure>\n\t<\/div>\n<\/div><\/div><\/div><div class=\"wpb_column vc_column_container vc_col-sm-6\"><div class=\"vc_column-inner\"><div class=\"wpb_wrapper\">\n\t<div  class=\"wpb_single_image wpb_content_element vc_align_center\">\n\t\t\n\t\t<figure class=\"wpb_wrapper vc_figure\">\n\t\t\t<a href=\"https:\/\/www.cafmet.com\/en\/17184-2\/\" target=\"_blank\" class=\"vc_single_image-wrapper   vc_box_border_grey\"><img loading=\"lazy\" decoding=\"async\" width=\"770\" height=\"506\" src=\"https:\/\/www.cafmet.com\/wp-content\/uploads\/2019\/05\/Quality-and-management.1.png\" class=\"vc_single_image-img attachment-large\" alt=\"\" title=\"Qualit\u00e9 1\" srcset=\"https:\/\/www.cafmet.com\/wp-content\/uploads\/2019\/05\/Quality-and-management.1.png 3920w, https:\/\/www.cafmet.com\/wp-content\/uploads\/2019\/05\/Quality-and-management.1-300x198.png 300w, https:\/\/www.cafmet.com\/wp-content\/uploads\/2019\/05\/Quality-and-management.1-1024x675.png 1024w, https:\/\/www.cafmet.com\/wp-content\/uploads\/2019\/05\/Quality-and-management.1-768x506.png 768w, https:\/\/www.cafmet.com\/wp-content\/uploads\/2019\/05\/Quality-and-management.1-1536x1013.png 1536w, https:\/\/www.cafmet.com\/wp-content\/uploads\/2019\/05\/Quality-and-management.1-2048x1350.png 2048w, https:\/\/www.cafmet.com\/wp-content\/uploads\/2019\/05\/Quality-and-management.1-18x12.png 18w, https:\/\/www.cafmet.com\/wp-content\/uploads\/2019\/05\/Quality-and-management.1-500x330.png 500w, https:\/\/www.cafmet.com\/wp-content\/uploads\/2019\/05\/Quality-and-management.1-800x527.png 800w, https:\/\/www.cafmet.com\/wp-content\/uploads\/2019\/05\/Quality-and-management.1-1280x844.png 1280w, https:\/\/www.cafmet.com\/wp-content\/uploads\/2019\/05\/Quality-and-management.1-1920x1266.png 1920w, https:\/\/www.cafmet.com\/wp-content\/uploads\/2019\/05\/Quality-and-management.1-600x396.png 600w\" sizes=\"(max-width: 770px) 100vw, 770px\" \/><\/a>\n\t\t<\/figure>\n\t<\/div>\n<\/div><\/div><\/div><\/div><div class=\"vc_row wpb_row vc_row-fluid\"><div class=\"wpb_column vc_column_container vc_col-sm-12\"><div class=\"vc_column-inner\"><div class=\"wpb_wrapper\"><div class=\"vc_empty_space\"   style=\"height: 30px\"><span class=\"vc_empty_space_inner\"><\/span><\/div><\/div><\/div><\/div><\/div><div class=\"vc_row wpb_row vc_row-fluid\"><div class=\"wpb_column vc_column_container vc_col-sm-6\"><div class=\"vc_column-inner\"><div class=\"wpb_wrapper\">\n\t<div  class=\"wpb_single_image wpb_content_element vc_align_center\">\n\t\t\n\t\t<figure class=\"wpb_wrapper vc_figure\">\n\t\t\t<a href=\"https:\/\/www.cafmet.com\/en\/formations-statistiques-et-outils\/\" target=\"_blank\" class=\"vc_single_image-wrapper   vc_box_border_grey\"><img loading=\"lazy\" decoding=\"async\" width=\"770\" height=\"505\" src=\"https:\/\/www.cafmet.com\/wp-content\/uploads\/2019\/05\/Statistics-and-tools.1.png\" class=\"vc_single_image-img attachment-large\" alt=\"\" title=\"Stats 1\" srcset=\"https:\/\/www.cafmet.com\/wp-content\/uploads\/2019\/05\/Statistics-and-tools.1.png 3918w, https:\/\/www.cafmet.com\/wp-content\/uploads\/2019\/05\/Statistics-and-tools.1-300x196.png 300w, https:\/\/www.cafmet.com\/wp-content\/uploads\/2019\/05\/Statistics-and-tools.1-1024x670.png 1024w, https:\/\/www.cafmet.com\/wp-content\/uploads\/2019\/05\/Statistics-and-tools.1-768x502.png 768w, https:\/\/www.cafmet.com\/wp-content\/uploads\/2019\/05\/Statistics-and-tools.1-1536x1004.png 1536w, https:\/\/www.cafmet.com\/wp-content\/uploads\/2019\/05\/Statistics-and-tools.1-2048x1339.png 2048w, https:\/\/www.cafmet.com\/wp-content\/uploads\/2019\/05\/Statistics-and-tools.1-18x12.png 18w, https:\/\/www.cafmet.com\/wp-content\/uploads\/2019\/05\/Statistics-and-tools.1-500x327.png 500w, https:\/\/www.cafmet.com\/wp-content\/uploads\/2019\/05\/Statistics-and-tools.1-800x523.png 800w, https:\/\/www.cafmet.com\/wp-content\/uploads\/2019\/05\/Statistics-and-tools.1-1280x837.png 1280w, https:\/\/www.cafmet.com\/wp-content\/uploads\/2019\/05\/Statistics-and-tools.1-1920x1255.png 1920w, https:\/\/www.cafmet.com\/wp-content\/uploads\/2019\/05\/Statistics-and-tools.1-600x392.png 600w\" sizes=\"(max-width: 770px) 100vw, 770px\" \/><\/a>\n\t\t<\/figure>\n\t<\/div>\n<\/div><\/div><\/div><div class=\"wpb_column vc_column_container vc_col-sm-6\"><div class=\"vc_column-inner\"><div class=\"wpb_wrapper\">\n\t<div  class=\"wpb_single_image wpb_content_element vc_align_center\">\n\t\t\n\t\t<figure class=\"wpb_wrapper vc_figure\">\n\t\t\t<a href=\"https:\/\/www.cafmet.com\/en\/17156-2\/\" target=\"_blank\" class=\"vc_single_image-wrapper   vc_box_border_grey\"><img loading=\"lazy\" decoding=\"async\" width=\"770\" height=\"502\" src=\"https:\/\/www.cafmet.com\/wp-content\/uploads\/2019\/05\/Projects-and-methods.1.png\" class=\"vc_single_image-img attachment-large\" alt=\"\" title=\"Projets 1\" srcset=\"https:\/\/www.cafmet.com\/wp-content\/uploads\/2019\/05\/Projects-and-methods.1.png 3912w, https:\/\/www.cafmet.com\/wp-content\/uploads\/2019\/05\/Projects-and-methods.1-300x195.png 300w, https:\/\/www.cafmet.com\/wp-content\/uploads\/2019\/05\/Projects-and-methods.1-1024x667.png 1024w, https:\/\/www.cafmet.com\/wp-content\/uploads\/2019\/05\/Projects-and-methods.1-768x500.png 768w, https:\/\/www.cafmet.com\/wp-content\/uploads\/2019\/05\/Projects-and-methods.1-1536x1001.png 1536w, https:\/\/www.cafmet.com\/wp-content\/uploads\/2019\/05\/Projects-and-methods.1-2048x1334.png 2048w, https:\/\/www.cafmet.com\/wp-content\/uploads\/2019\/05\/Projects-and-methods.1-18x12.png 18w, https:\/\/www.cafmet.com\/wp-content\/uploads\/2019\/05\/Projects-and-methods.1-500x326.png 500w, https:\/\/www.cafmet.com\/wp-content\/uploads\/2019\/05\/Projects-and-methods.1-800x521.png 800w, https:\/\/www.cafmet.com\/wp-content\/uploads\/2019\/05\/Projects-and-methods.1-1280x834.png 1280w, https:\/\/www.cafmet.com\/wp-content\/uploads\/2019\/05\/Projects-and-methods.1-1920x1251.png 1920w, https:\/\/www.cafmet.com\/wp-content\/uploads\/2019\/05\/Projects-and-methods.1-600x391.png 600w\" sizes=\"(max-width: 770px) 100vw, 770px\" \/><\/a>\n\t\t<\/figure>\n\t<\/div>\n<\/div><\/div><\/div><\/div><div class=\"vc_row wpb_row vc_row-fluid\"><div class=\"wpb_column vc_column_container vc_col-sm-12\"><div class=\"vc_column-inner\"><div class=\"wpb_wrapper\"><div class=\"vc_btn3-container vc_btn3-center\" ><a class=\"vc_general vc_btn3 vc_btn3-size-lg vc_btn3-shape-rounded vc_btn3-style-outline vc_btn3-icon-left vc_btn3-color-primary\" href=\"https:\/\/www.cafmet.com\/en\/formations-cafmet\/\" title=\"\" target=\"_blank\"><i class=\"vc_btn3-icon fas fa-adjust\"><\/i> REGISTER NOW<\/a><\/div><\/div><\/div><\/div><\/div><div class=\"vc_row wpb_row vc_row-fluid\"><div class=\"wpb_column vc_column_container vc_col-sm-12\"><div class=\"vc_column-inner\"><div class=\"wpb_wrapper\">\n\t<div class=\"wpb_text_column wpb_content_element\" >\n\t\t<div class=\"wpb_wrapper\">\n\t\t\t<header class=\"entry-content-header clearfix\">\n<div class=\"entry-title\">\n<h6 style=\"text-align: center;\"><span style=\"color: #000000;\">CAFMET can organize a variety of activities during a training course to energize and deepen the program.<\/span><\/h6>\n<\/div>\n<\/header>\n\n\t\t<\/div>\n\t<\/div>\n\n\t<div class=\"wpb_text_column wpb_content_element\" >\n\t\t<div class=\"wpb_wrapper\">\n\t\t\t<header class=\"entry-content-header clearfix\">\n<div class=\"entry-title\">\n<p style=\"text-align: center;\"><strong><span style=\"color: #000000;\">For example, we welcomed in our premises in ANGERS a delegation of ASECNA (Agency for the Safety of Air Navigation in Africa and Madagascar).&nbsp;<\/span><\/strong><\/p>\n<p style=\"text-align: center;\"><strong>The ASECNA team was trained in barometric pressure metrology for 10 days. Several practical works were designed and implemented during the training. It was very enriching. We were able to have interesting experiences by organizing educational visits to the meteorological station of M\u00e9t\u00e9o France and the regional air museum in Angers. Here are some pictures:<\/strong><\/p>\n<\/div>\n<\/header>\n\n\t\t<\/div>\n\t<\/div>\n<section class=\"vc_cta3-container\"><div class=\"vc_general vc_cta3 vc_cta3-style-classic vc_cta3-shape-rounded vc_cta3-align-left vc_cta3-color-classic vc_cta3-icon-size-md\"><div class=\"vc_cta3_content-container\"><div class=\"vc_cta3-content\"><header class=\"vc_cta3-content-header\"><\/header><h5 style=\"text-align: center;\"><strong>Regional Air Museum in Angers<\/strong><\/h5>\n<p style=\"text-align: center;\"><img loading=\"lazy\" decoding=\"async\" class=\"alignnone size-medium wp-image-1618\" src=\"https:\/\/www.cafmet.com\/wp-content\/uploads\/2019\/06\/57257109_2673559419327197_5576588436229324800_n-300x225.jpg\" alt=\"\" width=\"300\" height=\"225\" srcset=\"https:\/\/www.cafmet.com\/wp-content\/uploads\/2019\/06\/57257109_2673559419327197_5576588436229324800_n-300x225.jpg 300w, https:\/\/www.cafmet.com\/wp-content\/uploads\/2019\/06\/57257109_2673559419327197_5576588436229324800_n-768x575.jpg 768w, https:\/\/www.cafmet.com\/wp-content\/uploads\/2019\/06\/57257109_2673559419327197_5576588436229324800_n-600x449.jpg 600w, https:\/\/www.cafmet.com\/wp-content\/uploads\/2019\/06\/57257109_2673559419327197_5576588436229324800_n.jpg 960w\" sizes=\"(max-width: 300px) 100vw, 300px\" \/><\/p>\n<p style=\"text-align: center;\">&nbsp;<span style=\"color: #000000;\">The team was warmly welcomed by Christian Ravel (Founder of the museum) and Francois Blondeau (President of Espace Air Passion). A lot of exchange on the history of aviation, the manufacture of aircraft and navigation instruments.<\/span><br \/>\n<strong><em><span style=\"color: #000000;\">Website:<\/span><span style=\"color: #003366;\">&nbsp;<a style=\"color: #003366;\" href=\"https:\/\/www.musee-aviation-angers.fr\/\">https:\/\/www.musee-aviation-angers.fr<\/a><\/span><\/em><\/strong><\/p>\n<\/div><\/div><\/div><\/section><section class=\"vc_cta3-container\"><div class=\"vc_general vc_cta3 vc_cta3-style-classic vc_cta3-shape-rounded vc_cta3-align-left vc_cta3-color-classic vc_cta3-icon-size-md\"><div class=\"vc_cta3_content-container\"><div class=\"vc_cta3-content\"><header class=\"vc_cta3-content-header\"><\/header><h5 style=\"text-align: center;\"><strong>Station M\u00e9t\u00e9o-France \u00e0 Angers<\/strong><\/h5>\n<p style=\"text-align: center;\"><img loading=\"lazy\" decoding=\"async\" class=\"alignnone size-medium wp-image-1621\" src=\"https:\/\/www.cafmet.com\/wp-content\/uploads\/2019\/06\/IMG_7298-300x225.jpg\" alt=\"\" width=\"300\" height=\"225\" srcset=\"https:\/\/www.cafmet.com\/wp-content\/uploads\/2019\/06\/IMG_7298-300x225.jpg 300w, https:\/\/www.cafmet.com\/wp-content\/uploads\/2019\/06\/IMG_7298-768x576.jpg 768w, https:\/\/www.cafmet.com\/wp-content\/uploads\/2019\/06\/IMG_7298-1024x768.jpg 1024w, https:\/\/www.cafmet.com\/wp-content\/uploads\/2019\/06\/IMG_7298-600x450.jpg 600w\" sizes=\"(max-width: 300px) 100vw, 300px\" \/><\/p>\n<p style=\"text-align: center;\">&nbsp;<span style=\"color: #000000;\">The ASECNA delegation on an educational visit to the premises of M\u00e9t\u00e9o-France.<\/span><br \/>\n<strong><em><span style=\"color: #000000;\">Website:<\/span><a href=\"https:\/\/www.meteo-angers.com\/station-meteo\" target=\"_blank\" rel=\"noopener\"><span style=\"color: #003366;\"> https:\/\/www.meteo-angers.com\/station-meteo<\/span><\/a><\/em><\/strong><\/p>\n<\/div><\/div><\/div><\/section><\/div><\/div><\/div><\/div><div class=\"vc_row wpb_row vc_row-fluid\"><div class=\"wpb_column vc_column_container vc_col-sm-12 vc_col-has-fill\"><div class=\"vc_column-inner vc_custom_1643971845549\"><div class=\"wpb_wrapper\"><section class=\"vc_cta3-container\"><div class=\"vc_general vc_cta3 vc_cta3-style-classic vc_cta3-shape-rounded vc_cta3-align-left vc_cta3-color-black vc_cta3-icon-size-md\"><div class=\"vc_cta3_content-container\"><div class=\"vc_cta3-content\"><header class=\"vc_cta3-content-header\"><\/header><h3 style=\"text-align: center;\"><strong>OUR QUALITY<\/strong><\/h3>\n<h6 style=\"text-align: center;\"><strong>CAFMET has been recognized in the training industry for many years<\/strong><\/h6>\n<h6 style=\"text-align: center;\">Official registration number <strong>52 49 03105 49<\/strong><\/h6>\n<\/div><\/div><\/div><\/section><\/div><\/div><\/div><\/div>\n<\/section>","protected":false},"excerpt":{"rendered":"NOS FORMATIONS EN PR\u00c9SENTIEL Nos formations en pr\u00e9sentiel peuvent \u00eatre r\u00e9alis\u00e9es au sein de votre entreprise ou au sein des locaux du CAFMET. La salle de formation est accessible aux personnes \u00e0 mobilit\u00e9 r\u00e9duite (PSH). Pour les formations intra-entreprises, le CAFMET se d\u00e9place partout en France et \u00e0 l\u2019international. Si vous avez besoin d'une assistance","protected":false},"author":1,"featured_media":0,"parent":236,"menu_order":1,"comment_status":"closed","ping_status":"closed","template":"","meta":{"footnotes":"","_vp_format_video_url":"","_vp_image_focal_point":[]},"yoast_head":"<!-- This site is optimized with the Yoast SEO plugin v21.8 - https:\/\/yoast.com\/wordpress\/plugins\/seo\/ -->\n<title>Nos Formations en pr\u00e9sentiel<\/title>\n<meta name=\"description\" content=\"Nos formations en pr\u00e9sentiel peuvent \u00eatre r\u00e9alis\u00e9es au sein de votre entreprise ou dans nos locaux : 5 rue Alexander Fleming 49000 Angers.\" \/>\n<meta name=\"robots\" content=\"index, follow, max-snippet:-1, max-image-preview:large, max-video-preview:-1\" \/>\n<link rel=\"canonical\" href=\"https:\/\/www.cafmet.com\/en\/formation-metrologie-cafmet\/formations-en-presentiel\/\" \/>\n<meta property=\"og:locale\" content=\"en_GB\" \/>\n<meta property=\"og:type\" content=\"article\" \/>\n<meta property=\"og:title\" content=\"Nos Formations en pr\u00e9sentiel\" \/>\n<meta property=\"og:description\" content=\"Nos formations en pr\u00e9sentiel peuvent \u00eatre r\u00e9alis\u00e9es au sein de votre entreprise ou dans nos locaux : 5 rue Alexander Fleming 49000 Angers.\" \/>\n<meta property=\"og:url\" content=\"https:\/\/www.cafmet.com\/en\/formation-metrologie-cafmet\/formations-en-presentiel\/\" \/>\n<meta property=\"og:site_name\" content=\"CAFMET\" \/>\n<meta property=\"article:modified_time\" content=\"2025-05-04T08:43:39+00:00\" \/>\n<meta property=\"og:image\" content=\"https:\/\/www.cafmet.com\/wp-content\/uploads\/2019\/06\/57257109_2673559419327197_5576588436229324800_n-300x225.jpg\" \/>\n<meta name=\"twitter:card\" content=\"summary_large_image\" \/>\n<meta name=\"twitter:label1\" content=\"Estimated reading time\" \/>\n\t<meta name=\"twitter:data1\" content=\"3 minutes\" \/>\n<script type=\"application\/ld+json\" class=\"yoast-schema-graph\">{\"@context\":\"https:\/\/schema.org\",\"@graph\":[{\"@type\":\"WebPage\",\"@id\":\"https:\/\/www.cafmet.com\/formation-metrologie-cafmet\/formations-en-presentiel\/\",\"url\":\"https:\/\/www.cafmet.com\/formation-metrologie-cafmet\/formations-en-presentiel\/\",\"name\":\"Nos Formations en pr\u00e9sentiel\",\"isPartOf\":{\"@id\":\"https:\/\/www.cafmet.com\/#website\"},\"datePublished\":\"2021-11-12T15:19:19+00:00\",\"dateModified\":\"2025-05-04T08:43:39+00:00\",\"description\":\"Nos formations en pr\u00e9sentiel peuvent \u00eatre r\u00e9alis\u00e9es au sein de votre entreprise ou dans nos locaux : 5 rue Alexander Fleming 49000 Angers.\",\"breadcrumb\":{\"@id\":\"https:\/\/www.cafmet.com\/formation-metrologie-cafmet\/formations-en-presentiel\/#breadcrumb\"},\"inLanguage\":\"en-GB\",\"potentialAction\":[{\"@type\":\"ReadAction\",\"target\":[\"https:\/\/www.cafmet.com\/formation-metrologie-cafmet\/formations-en-presentiel\/\"]}]},{\"@type\":\"BreadcrumbList\",\"@id\":\"https:\/\/www.cafmet.com\/formation-metrologie-cafmet\/formations-en-presentiel\/#breadcrumb\",\"itemListElement\":[{\"@type\":\"ListItem\",\"position\":1,\"name\":\"Accueil\",\"item\":\"https:\/\/www.cafmet.com\/\"},{\"@type\":\"ListItem\",\"position\":2,\"name\":\"Formations\",\"item\":\"https:\/\/www.cafmet.com\/formation-metrologie-cafmet\/\"},{\"@type\":\"ListItem\",\"position\":3,\"name\":\"FORMATIONS EN PRESENTIEL\"}]},{\"@type\":\"WebSite\",\"@id\":\"https:\/\/www.cafmet.com\/#website\",\"url\":\"https:\/\/www.cafmet.com\/\",\"name\":\"CAFMET\",\"description\":\"\",\"potentialAction\":[{\"@type\":\"SearchAction\",\"target\":{\"@type\":\"EntryPoint\",\"urlTemplate\":\"https:\/\/www.cafmet.com\/?s={search_term_string}\"},\"query-input\":\"required name=search_term_string\"}],\"inLanguage\":\"en-GB\"}]}<\/script>\n<!-- \/ Yoast SEO plugin. -->","yoast_head_json":{"title":"Nos Formations en pr\u00e9sentiel","description":"Nos formations en pr\u00e9sentiel peuvent \u00eatre r\u00e9alis\u00e9es au sein de votre entreprise ou dans nos locaux : 5 rue Alexander Fleming 49000 Angers.","robots":{"index":"index","follow":"follow","max-snippet":"max-snippet:-1","max-image-preview":"max-image-preview:large","max-video-preview":"max-video-preview:-1"},"canonical":"https:\/\/www.cafmet.com\/en\/formation-metrologie-cafmet\/formations-en-presentiel\/","og_locale":"en_GB","og_type":"article","og_title":"Nos Formations en pr\u00e9sentiel","og_description":"Nos formations en pr\u00e9sentiel peuvent \u00eatre r\u00e9alis\u00e9es au sein de votre entreprise ou dans nos locaux : 5 rue Alexander Fleming 49000 Angers.","og_url":"https:\/\/www.cafmet.com\/en\/formation-metrologie-cafmet\/formations-en-presentiel\/","og_site_name":"CAFMET","article_modified_time":"2025-05-04T08:43:39+00:00","og_image":[{"url":"https:\/\/www.cafmet.com\/wp-content\/uploads\/2019\/06\/57257109_2673559419327197_5576588436229324800_n-300x225.jpg"}],"twitter_card":"summary_large_image","twitter_misc":{"Estimated reading time":"3 minutes"},"schema":{"@context":"https:\/\/schema.org","@graph":[{"@type":"WebPage","@id":"https:\/\/www.cafmet.com\/formation-metrologie-cafmet\/formations-en-presentiel\/","url":"https:\/\/www.cafmet.com\/formation-metrologie-cafmet\/formations-en-presentiel\/","name":"Nos Formations en pr\u00e9sentiel","isPartOf":{"@id":"https:\/\/www.cafmet.com\/#website"},"datePublished":"2021-11-12T15:19:19+00:00","dateModified":"2025-05-04T08:43:39+00:00","description":"Nos formations en pr\u00e9sentiel peuvent \u00eatre r\u00e9alis\u00e9es au sein de votre entreprise ou dans nos locaux : 5 rue Alexander Fleming 49000 Angers.","breadcrumb":{"@id":"https:\/\/www.cafmet.com\/formation-metrologie-cafmet\/formations-en-presentiel\/#breadcrumb"},"inLanguage":"en-GB","potentialAction":[{"@type":"ReadAction","target":["https:\/\/www.cafmet.com\/formation-metrologie-cafmet\/formations-en-presentiel\/"]}]},{"@type":"BreadcrumbList","@id":"https:\/\/www.cafmet.com\/formation-metrologie-cafmet\/formations-en-presentiel\/#breadcrumb","itemListElement":[{"@type":"ListItem","position":1,"name":"Accueil","item":"https:\/\/www.cafmet.com\/"},{"@type":"ListItem","position":2,"name":"Formations","item":"https:\/\/www.cafmet.com\/formation-metrologie-cafmet\/"},{"@type":"ListItem","position":3,"name":"FORMATIONS EN PRESENTIEL"}]},{"@type":"WebSite","@id":"https:\/\/www.cafmet.com\/#website","url":"https:\/\/www.cafmet.com\/","name":"CAFMET","description":"","potentialAction":[{"@type":"SearchAction","target":{"@type":"EntryPoint","urlTemplate":"https:\/\/www.cafmet.com\/?s={search_term_string}"},"query-input":"required name=search_term_string"}],"inLanguage":"en-GB"}]}},"_links":{"self":[{"href":"https:\/\/www.cafmet.com\/en\/wp-json\/wp\/v2\/pages\/16280"}],"collection":[{"href":"https:\/\/www.cafmet.com\/en\/wp-json\/wp\/v2\/pages"}],"about":[{"href":"https:\/\/www.cafmet.com\/en\/wp-json\/wp\/v2\/types\/page"}],"author":[{"embeddable":true,"href":"https:\/\/www.cafmet.com\/en\/wp-json\/wp\/v2\/users\/1"}],"replies":[{"embeddable":true,"href":"https:\/\/www.cafmet.com\/en\/wp-json\/wp\/v2\/comments?post=16280"}],"version-history":[{"count":0,"href":"https:\/\/www.cafmet.com\/en\/wp-json\/wp\/v2\/pages\/16280\/revisions"}],"up":[{"embeddable":true,"href":"https:\/\/www.cafmet.com\/en\/wp-json\/wp\/v2\/pages\/236"}],"wp:attachment":[{"href":"https:\/\/www.cafmet.com\/en\/wp-json\/wp\/v2\/media?parent=16280"}],"curies":[{"name":"wp","href":"https:\/\/api.w.org\/{rel}","templated":true}]}}