{"id":1382,"date":"2019-06-05T10:22:23","date_gmt":"2019-06-05T08:22:23","guid":{"rendered":"http:\/\/www.cafmet.eu\/?page_id=1382"},"modified":"2025-10-26T12:38:50","modified_gmt":"2025-10-26T11:38:50","slug":"message-du-president","status":"publish","type":"page","link":"https:\/\/www.cafmet.com\/en\/message-du-president\/","title":{"rendered":"CAFMET chairman message"},"content":{"rendered":"<section class=\"wpb-content-wrapper\"><div data-vc-full-width=\"true\" data-vc-full-width-init=\"false\" data-vc-stretch-content=\"true\" class=\"vc_row wpb_row vc_row-fluid vc_custom_1563869551811\"><div class=\"wpb_column vc_column_container vc_col-sm-12\"><div class=\"vc_column-inner\"><div class=\"wpb_wrapper\">\n            <div class=\"widget kopa-article-list-11-widget\">\n                                    <div class=\"widget-title widget-title-s5 text-center\">\n                        <span><\/span>\n                                                <h2>Message from the founder of CAFMET<\/h2>\n                        \n                                            <\/div>\n                                    <!-- widget-title -->\n\n                <div class=\"widget-content\">\n\n                                        \n                <\/div>\n                <!-- widget-content -->\n            <\/div>\n        <\/div><\/div><\/div><\/div><div class=\"vc_row-full-width\"><\/div><div data-vc-full-width=\"true\" data-vc-full-width-init=\"false\" data-vc-stretch-content=\"true\" class=\"vc_row wpb_row vc_row-fluid vc_custom_1563869565278\"><div class=\"wpb_column vc_column_container vc_col-sm-12\"><div class=\"vc_column-inner\"><div class=\"wpb_wrapper\">\n\t<div class=\"wpb_text_column wpb_content_element\" >\n\t\t<div class=\"wpb_wrapper\">\n\t\t\t<blockquote>\n<p>The events of CAFMET are exceptional opportunities to meet and collaborate with participants from many countries, working in a wide variety of sectors, and specializing in increasingly cross-disciplinary and interconnected disciplines.<\/p>\n<p>The events of CAFMET are unique in Africa, as they highlight important areas that unite us all, including quality and measurement. These two areas, which are at the heart of the conferences organized by CAFEMT, require special attention, given the vital needs affecting all continents of our beautiful planet.<\/p>\n<p>The conferences and workshops offered as part of CAFMET events demonstrate once again that we still have so much to learn, not only to train future generations, but also to innovate, while preserving our safety, health and well-being. But we still have a long way to go...<\/p>\n<p>CAFMET, a non-profit association, is an international network that plays an important role in Africa. CAFMET has done a great deal to date, and will continue to do so. Many African countries have benefited to date from the activities developed by CAFMET, and so much the better.<\/p>\n<p>A look back at the genesis of CAFMET ...<\/p>\n<p>I set up CAFMET in March 2005, following a number of assessment assignments for a third-party organization on the African continent. I visited several African countries, in different industries and laboratories, where I realized that the metrological culture was not yet sufficiently understood, or at least not sufficiently developed.<\/p>\n<p>Very quickly, I set up an Excecutive Board, which has been expanded over time. I asked Georges BONNIER (former Deputy Director of the Institut National de M\u00e9trologie at CNAM Paris) to join the CAFMET Board, which he accepted with great enthusiasm. Georges BONNIER became CAFMET's scientific and technical advisor. Georges BONNIER, since the creation of CAFMET, has personally invested a great deal of time and effort, and is the advisor on whom I have relied enormously.<\/p>\n<p>Since 2005, Georges BONNIER and I have gradually developed CAFMET, and succeeded in weaving an international network of which we are proud. We have organized some thirty international events in ten countries on the African continent.<\/p>\n<p>We have organized numerous technical workshops in metrology and quality, and have trained a number of technicians, engineers and teacher-researchers (in total, more than 4,500 agents have been trained).<\/p>\n<p>We are proud to have seen the number of analysis, testing and calibration laboratories multiply.<\/p>\n<p>We saw the creation of AFRIMETS (the European equivalent of EURAMET) in Africa in 2006, thanks in particular to the development of CAFMET's activities.<\/p>\n<p>We have encouraged the creation of other national quality and metrology associations in several African countries.<\/p>\n<p>We have also enabled several universities and laboratories to collaborate and obtain funding for capacity building in higher education and research. Several training courses integrating metrology and quality have been developed in recent years.<\/p>\n<p>My only wish is that CAFMET will continue to live and work for Africa, for a safer and more prosperous world.<\/p>\n<p>Since 2024, Walid TOUAYAR, Professor at INSAT Tunisia, has replaced me as CAFMET president. Walid TOUAYAR is really the right person to keep CAFMET alive, as it has become a great and beautiful international network, indispensable for Africa.<\/p>\n<p>Long live CAFMET!<\/p>\n<\/blockquote>\n\n\t\t<\/div>\n\t<\/div>\n<\/div><\/div><\/div><\/div><div class=\"vc_row-full-width\"><\/div><div data-vc-full-width=\"true\" data-vc-full-width-init=\"false\" data-vc-stretch-content=\"true\" class=\"vc_row wpb_row vc_row-fluid vc_custom_1563869579161\"><div class=\"wpb_column vc_column_container vc_col-sm-3\"><div class=\"vc_column-inner\"><div class=\"wpb_wrapper\">\n\t<div  class=\"wpb_single_image wpb_content_element vc_align_left\">\n\t\t\n\t\t<figure class=\"wpb_wrapper vc_figure\">\n\t\t\t<div class=\"vc_single_image-wrapper   vc_box_border_grey\"><img loading=\"lazy\" decoding=\"async\" width=\"200\" height=\"300\" src=\"https:\/\/www.cafmet.com\/wp-content\/uploads\/2025\/10\/profile-200x300.jpg\" class=\"vc_single_image-img attachment-medium\" alt=\"\" title=\"profile\" srcset=\"https:\/\/www.cafmet.com\/wp-content\/uploads\/2025\/10\/profile-200x300.jpg 200w, https:\/\/www.cafmet.com\/wp-content\/uploads\/2025\/10\/profile-683x1024.jpg 683w, https:\/\/www.cafmet.com\/wp-content\/uploads\/2025\/10\/profile-768x1152.jpg 768w, https:\/\/www.cafmet.com\/wp-content\/uploads\/2025\/10\/profile-8x12.jpg 8w, https:\/\/www.cafmet.com\/wp-content\/uploads\/2025\/10\/profile-500x750.jpg 500w, https:\/\/www.cafmet.com\/wp-content\/uploads\/2025\/10\/profile-800x1200.jpg 800w, https:\/\/www.cafmet.com\/wp-content\/uploads\/2025\/10\/profile.jpg 1024w\" sizes=\"(max-width: 200px) 100vw, 200px\" \/><\/div>\n\t\t<\/figure>\n\t<\/div>\n<\/div><\/div><\/div><div class=\"wpb_column vc_column_container vc_col-sm-9\"><div class=\"vc_column-inner\"><div class=\"wpb_wrapper\">\n\t<div class=\"wpb_text_column wpb_content_element\" >\n\t\t<div class=\"wpb_wrapper\">\n\t\t\t<blockquote>\n<p><strong>Abd\u00e9rafi CHARKI<\/strong><\/p>\n<p>Professor<em>, <span style=\"text-decoration: underline;\"><a href=\"http:\/\/www.polytech-reseau.org\/index.php?id=2\" target=\"_blank\" rel=\"noopener noreferrer\">POLYTECH<\/a><\/span>\u00a0Angers, France<\/em><\/p>\n<p>&nbsp;<\/p>\n<p>Dr. Abd\u00e9rafi Charki is professor at POLYTECH, the engineering school of the University of Angers, where he trains engineers in industrial engineering. His research focuses on assessing the performance of complex systems. Before becoming a teacher-researcher, he worked in industry and for a third-party evaluation organization. He has contributed to several research and capacity-building projects in higher education.<\/p>\n<\/blockquote>\n\n\t\t<\/div>\n\t<\/div>\n<\/div><\/div><\/div><\/div><div class=\"vc_row-full-width\"><\/div>\n<\/section>","protected":false},"excerpt":{"rendered":"Message du fondateur du CAFMET Les \u00e9v\u00e8nements du CAFMET sont des occasions exceptionnelles de rencontres et de collaborations entre participants \u0153uvrant dans de nombreux pays, travaillant dans des secteurs tr\u00e8s vari\u00e9s, et sp\u00e9cialis\u00e9s dans des disciplines de plus en plus transverses et connect\u00e9es. Les \u00e9v\u00e8nements du CAFMET sont uniques en Afrique, puisqu'ils permettent de mettre","protected":false},"author":1,"featured_media":0,"parent":0,"menu_order":0,"comment_status":"closed","ping_status":"closed","template":"","meta":{"footnotes":"","_vp_format_video_url":"","_vp_image_focal_point":[]},"yoast_head":"<!-- This site is optimized with the Yoast SEO plugin v21.8 - https:\/\/yoast.com\/wordpress\/plugins\/seo\/ -->\n<title>Message du pr\u00e9sident - CAFMET<\/title>\n<meta name=\"robots\" content=\"index, follow, max-snippet:-1, max-image-preview:large, max-video-preview:-1\" \/>\n<link rel=\"canonical\" href=\"https:\/\/www.cafmet.com\/en\/message-du-president\/\" \/>\n<meta property=\"og:locale\" content=\"en_GB\" \/>\n<meta property=\"og:type\" content=\"article\" \/>\n<meta property=\"og:title\" content=\"Message du pr\u00e9sident - CAFMET\" \/>\n<meta property=\"og:url\" content=\"https:\/\/www.cafmet.com\/en\/message-du-president\/\" \/>\n<meta property=\"og:site_name\" content=\"CAFMET\" \/>\n<meta property=\"article:modified_time\" content=\"2025-10-26T11:38:50+00:00\" \/>\n<meta name=\"twitter:card\" content=\"summary_large_image\" \/>\n<meta name=\"twitter:label1\" content=\"Estimated reading time\" \/>\n\t<meta name=\"twitter:data1\" content=\"4 minutes\" \/>\n<script type=\"application\/ld+json\" class=\"yoast-schema-graph\">{\"@context\":\"https:\/\/schema.org\",\"@graph\":[{\"@type\":\"WebPage\",\"@id\":\"https:\/\/www.cafmet.com\/message-du-president\/\",\"url\":\"https:\/\/www.cafmet.com\/message-du-president\/\",\"name\":\"Message du pr\u00e9sident - CAFMET\",\"isPartOf\":{\"@id\":\"https:\/\/www.cafmet.com\/#website\"},\"datePublished\":\"2019-06-05T08:22:23+00:00\",\"dateModified\":\"2025-10-26T11:38:50+00:00\",\"breadcrumb\":{\"@id\":\"https:\/\/www.cafmet.com\/message-du-president\/#breadcrumb\"},\"inLanguage\":\"en-GB\",\"potentialAction\":[{\"@type\":\"ReadAction\",\"target\":[\"https:\/\/www.cafmet.com\/message-du-president\/\"]}]},{\"@type\":\"BreadcrumbList\",\"@id\":\"https:\/\/www.cafmet.com\/message-du-president\/#breadcrumb\",\"itemListElement\":[{\"@type\":\"ListItem\",\"position\":1,\"name\":\"Accueil\",\"item\":\"https:\/\/www.cafmet.com\/\"},{\"@type\":\"ListItem\",\"position\":2,\"name\":\"Message du pr\u00e9sident\"}]},{\"@type\":\"WebSite\",\"@id\":\"https:\/\/www.cafmet.com\/#website\",\"url\":\"https:\/\/www.cafmet.com\/\",\"name\":\"CAFMET\",\"description\":\"\",\"potentialAction\":[{\"@type\":\"SearchAction\",\"target\":{\"@type\":\"EntryPoint\",\"urlTemplate\":\"https:\/\/www.cafmet.com\/?s={search_term_string}\"},\"query-input\":\"required name=search_term_string\"}],\"inLanguage\":\"en-GB\"}]}<\/script>\n<!-- \/ Yoast SEO plugin. -->","yoast_head_json":{"title":"Message du pr\u00e9sident - CAFMET","robots":{"index":"index","follow":"follow","max-snippet":"max-snippet:-1","max-image-preview":"max-image-preview:large","max-video-preview":"max-video-preview:-1"},"canonical":"https:\/\/www.cafmet.com\/en\/message-du-president\/","og_locale":"en_GB","og_type":"article","og_title":"Message du pr\u00e9sident - CAFMET","og_url":"https:\/\/www.cafmet.com\/en\/message-du-president\/","og_site_name":"CAFMET","article_modified_time":"2025-10-26T11:38:50+00:00","twitter_card":"summary_large_image","twitter_misc":{"Estimated reading time":"4 minutes"},"schema":{"@context":"https:\/\/schema.org","@graph":[{"@type":"WebPage","@id":"https:\/\/www.cafmet.com\/message-du-president\/","url":"https:\/\/www.cafmet.com\/message-du-president\/","name":"Message du pr\u00e9sident - CAFMET","isPartOf":{"@id":"https:\/\/www.cafmet.com\/#website"},"datePublished":"2019-06-05T08:22:23+00:00","dateModified":"2025-10-26T11:38:50+00:00","breadcrumb":{"@id":"https:\/\/www.cafmet.com\/message-du-president\/#breadcrumb"},"inLanguage":"en-GB","potentialAction":[{"@type":"ReadAction","target":["https:\/\/www.cafmet.com\/message-du-president\/"]}]},{"@type":"BreadcrumbList","@id":"https:\/\/www.cafmet.com\/message-du-president\/#breadcrumb","itemListElement":[{"@type":"ListItem","position":1,"name":"Accueil","item":"https:\/\/www.cafmet.com\/"},{"@type":"ListItem","position":2,"name":"Message du pr\u00e9sident"}]},{"@type":"WebSite","@id":"https:\/\/www.cafmet.com\/#website","url":"https:\/\/www.cafmet.com\/","name":"CAFMET","description":"","potentialAction":[{"@type":"SearchAction","target":{"@type":"EntryPoint","urlTemplate":"https:\/\/www.cafmet.com\/?s={search_term_string}"},"query-input":"required name=search_term_string"}],"inLanguage":"en-GB"}]}},"_links":{"self":[{"href":"https:\/\/www.cafmet.com\/en\/wp-json\/wp\/v2\/pages\/1382"}],"collection":[{"href":"https:\/\/www.cafmet.com\/en\/wp-json\/wp\/v2\/pages"}],"about":[{"href":"https:\/\/www.cafmet.com\/en\/wp-json\/wp\/v2\/types\/page"}],"author":[{"embeddable":true,"href":"https:\/\/www.cafmet.com\/en\/wp-json\/wp\/v2\/users\/1"}],"replies":[{"embeddable":true,"href":"https:\/\/www.cafmet.com\/en\/wp-json\/wp\/v2\/comments?post=1382"}],"version-history":[{"count":0,"href":"https:\/\/www.cafmet.com\/en\/wp-json\/wp\/v2\/pages\/1382\/revisions"}],"wp:attachment":[{"href":"https:\/\/www.cafmet.com\/en\/wp-json\/wp\/v2\/media?parent=1382"}],"curies":[{"name":"wp","href":"https:\/\/api.w.org\/{rel}","templated":true}]}}