{"id":1308,"date":"2019-06-03T11:15:28","date_gmt":"2019-06-03T09:15:28","guid":{"rendered":"http:\/\/www.cafmet.eu\/?page_id=1308"},"modified":"2019-06-12T11:53:58","modified_gmt":"2019-06-12T09:53:58","slug":"mentions-legales","status":"publish","type":"page","link":"https:\/\/www.cafmet.com\/en\/mentions-legales\/","title":{"rendered":"Legal information"},"content":{"rendered":"<section class=\"wpb-content-wrapper\"><div data-vc-full-width=\"true\" data-vc-full-width-init=\"false\" data-vc-stretch-content=\"true\" class=\"vc_row wpb_row vc_row-fluid vc_custom_1559553398715\"><div class=\"wpb_column vc_column_container vc_col-sm-12\"><div class=\"vc_column-inner\"><div class=\"wpb_wrapper\">\n            <div class=\"widget kopa-article-list-11-widget\">\n                                    <div class=\"widget-title widget-title-s5 text-center\">\n                        <span><\/span>\n                                                <h2>Legal information<\/h2>\n                        \n                                            <\/div>\n                                    <!-- widget-title -->\n\n                <div class=\"widget-content\">\n\n                                        \n                <\/div>\n                <!-- widget-content -->\n            <\/div>\n        \n\t<div class=\"wpb_text_column wpb_content_element  vc_custom_1559553550813\" >\n\t\t<div class=\"wpb_wrapper\">\n\t\t\t<p>The CAFMET is the publisher of the site.<\/p>\n<p><strong>CAFMET Head Office :<\/strong><br \/>\n62, avenue Notre Dame du Lac, \u00e0 l\u2019ISTIA 49000 Angers \u2013 France<br \/>\nT\u00e9l : +33 (0)6 73 62 32 62<br \/>\ncontact[at]cafmet.com<\/p>\n<p>CAFMET is a non-profit association registered in the ANGERS Trade Register under the number SIRET 48309392800024 - code APE 9499Z.<\/p>\n<p><strong>The site host: <a href=\"https:\/\/www.ovh.com\/fr\/\" target=\"_blank\" rel=\"noopener noreferrer\">OVH<\/a><\/strong><\/p>\n<p>This site is subject to French law. By consulting this site you agree to abide by its terms of use as posted on the date of consultation. Protection of the Internet user's personal data. CAFMET sites collect information about its visitors only through contact forms and purchase order forms. In accordance with the law \"Informatique et libert\u00e9s\", the CAFMET has made a declaration of creation of Internet site collecting personal data from the CNIL. The declaration number provided by the CNIL at the time of registration is nWL0486879G. Internet users have the right to access their collected data, as well as their right to modify, rectify and delete this information by contacting CAFMET at the following address: contact[at]cafmet.com<\/p>\n<p>All the information collected will not be resold or communicated to third parties.<\/p>\n<p><strong>Intellectual property:<\/strong><br \/>\nAll the content of the CAFMET sites (architecture, texts, photos, illustrations and software...) is the property of the CAFMET or its technical service providers. We draw the attention of visitors to the fact that music, photos, or particular signs may also constitute intellectual property rights. The trademarks and logos used on CAFMET sites have been registered, their reproduction would constitute an infringement. All rights of use are reserved. In accordance with Article L. 122-4 of the French Intellectual Property Code, any representation or reproduction not expressly authorised, in whole or in part and by any means whatsoever, would be unlawful and would constitute an infringement punishable under Articles L. 335-2 et seq. of the French Intellectual Property Code.<\/p>\n<p><strong>Hypertext links:<\/strong><br \/>\nThe CAFMET may provide links to other sites within and outside the CAFMET. These sites are independent of the CAFMET sites. CAFMET does not edit or control the sources and contents of these sites or their links to other sites. Links to these sites do not in any way constitute an approval or validation or endorsement by CAFMET of the content of these sites. CAFMET cannot therefore be held liable for the content, products, services, advertising, cookies or other elements of these sites as well as for any damage or loss, actual or alleged, resulting from or in connection with the use of this information, services or data available on these sites.<\/p>\n\n\t\t<\/div>\n\t<\/div>\n<\/div><\/div><\/div><\/div><div class=\"vc_row-full-width\"><\/div>\n<\/section>","protected":false},"excerpt":{"rendered":"Mentions l\u00e9gales Le CAFMET est l\u2019\u00e9diteur du site. Si\u00e8ge social du CAFMET : 62, avenue Notre Dame du Lac, \u00e0 l\u2019ISTIA 49000 Angers \u2013 France T\u00e9l : +33 (0)6 73 62 32 62 contact[at]cafmet.com Le CAFMET est une association \u00e0 but non lucratif enregistr\u00e9e au registre du commerce d\u2019ANGERS sous le num\u00e9ro de SIRET 48309392800024","protected":false},"author":1,"featured_media":0,"parent":0,"menu_order":0,"comment_status":"closed","ping_status":"closed","template":"","meta":{"footnotes":"","_vp_format_video_url":"","_vp_image_focal_point":[]},"yoast_head":"<!-- This site is optimized with the Yoast SEO plugin v21.8 - https:\/\/yoast.com\/wordpress\/plugins\/seo\/ -->\n<title>Mentions l\u00e9gales - CAFMET<\/title>\n<meta name=\"robots\" content=\"index, follow, max-snippet:-1, max-image-preview:large, max-video-preview:-1\" \/>\n<link rel=\"canonical\" href=\"https:\/\/www.cafmet.com\/en\/mentions-legales\/\" \/>\n<meta property=\"og:locale\" content=\"en_GB\" \/>\n<meta property=\"og:type\" content=\"article\" \/>\n<meta property=\"og:title\" content=\"Mentions l\u00e9gales - CAFMET\" \/>\n<meta property=\"og:url\" content=\"https:\/\/www.cafmet.com\/en\/mentions-legales\/\" \/>\n<meta property=\"og:site_name\" content=\"CAFMET\" \/>\n<meta property=\"article:modified_time\" content=\"2019-06-12T09:53:58+00:00\" \/>\n<meta name=\"twitter:card\" content=\"summary_large_image\" \/>\n<meta name=\"twitter:label1\" content=\"Estimated reading time\" \/>\n\t<meta name=\"twitter:data1\" content=\"3 minutes\" \/>\n<script type=\"application\/ld+json\" class=\"yoast-schema-graph\">{\"@context\":\"https:\/\/schema.org\",\"@graph\":[{\"@type\":\"WebPage\",\"@id\":\"https:\/\/www.cafmet.com\/mentions-legales\/\",\"url\":\"https:\/\/www.cafmet.com\/mentions-legales\/\",\"name\":\"Mentions l\u00e9gales - CAFMET\",\"isPartOf\":{\"@id\":\"https:\/\/www.cafmet.com\/#website\"},\"datePublished\":\"2019-06-03T09:15:28+00:00\",\"dateModified\":\"2019-06-12T09:53:58+00:00\",\"breadcrumb\":{\"@id\":\"https:\/\/www.cafmet.com\/mentions-legales\/#breadcrumb\"},\"inLanguage\":\"en-GB\",\"potentialAction\":[{\"@type\":\"ReadAction\",\"target\":[\"https:\/\/www.cafmet.com\/mentions-legales\/\"]}]},{\"@type\":\"BreadcrumbList\",\"@id\":\"https:\/\/www.cafmet.com\/mentions-legales\/#breadcrumb\",\"itemListElement\":[{\"@type\":\"ListItem\",\"position\":1,\"name\":\"Accueil\",\"item\":\"https:\/\/www.cafmet.com\/\"},{\"@type\":\"ListItem\",\"position\":2,\"name\":\"Mentions l\u00e9gales\"}]},{\"@type\":\"WebSite\",\"@id\":\"https:\/\/www.cafmet.com\/#website\",\"url\":\"https:\/\/www.cafmet.com\/\",\"name\":\"CAFMET\",\"description\":\"\",\"potentialAction\":[{\"@type\":\"SearchAction\",\"target\":{\"@type\":\"EntryPoint\",\"urlTemplate\":\"https:\/\/www.cafmet.com\/?s={search_term_string}\"},\"query-input\":\"required name=search_term_string\"}],\"inLanguage\":\"en-GB\"}]}<\/script>\n<!-- \/ Yoast SEO plugin. -->","yoast_head_json":{"title":"Mentions l\u00e9gales - CAFMET","robots":{"index":"index","follow":"follow","max-snippet":"max-snippet:-1","max-image-preview":"max-image-preview:large","max-video-preview":"max-video-preview:-1"},"canonical":"https:\/\/www.cafmet.com\/en\/mentions-legales\/","og_locale":"en_GB","og_type":"article","og_title":"Mentions l\u00e9gales - CAFMET","og_url":"https:\/\/www.cafmet.com\/en\/mentions-legales\/","og_site_name":"CAFMET","article_modified_time":"2019-06-12T09:53:58+00:00","twitter_card":"summary_large_image","twitter_misc":{"Estimated reading time":"3 minutes"},"schema":{"@context":"https:\/\/schema.org","@graph":[{"@type":"WebPage","@id":"https:\/\/www.cafmet.com\/mentions-legales\/","url":"https:\/\/www.cafmet.com\/mentions-legales\/","name":"Mentions l\u00e9gales - CAFMET","isPartOf":{"@id":"https:\/\/www.cafmet.com\/#website"},"datePublished":"2019-06-03T09:15:28+00:00","dateModified":"2019-06-12T09:53:58+00:00","breadcrumb":{"@id":"https:\/\/www.cafmet.com\/mentions-legales\/#breadcrumb"},"inLanguage":"en-GB","potentialAction":[{"@type":"ReadAction","target":["https:\/\/www.cafmet.com\/mentions-legales\/"]}]},{"@type":"BreadcrumbList","@id":"https:\/\/www.cafmet.com\/mentions-legales\/#breadcrumb","itemListElement":[{"@type":"ListItem","position":1,"name":"Accueil","item":"https:\/\/www.cafmet.com\/"},{"@type":"ListItem","position":2,"name":"Mentions l\u00e9gales"}]},{"@type":"WebSite","@id":"https:\/\/www.cafmet.com\/#website","url":"https:\/\/www.cafmet.com\/","name":"CAFMET","description":"","potentialAction":[{"@type":"SearchAction","target":{"@type":"EntryPoint","urlTemplate":"https:\/\/www.cafmet.com\/?s={search_term_string}"},"query-input":"required name=search_term_string"}],"inLanguage":"en-GB"}]}},"_links":{"self":[{"href":"https:\/\/www.cafmet.com\/en\/wp-json\/wp\/v2\/pages\/1308"}],"collection":[{"href":"https:\/\/www.cafmet.com\/en\/wp-json\/wp\/v2\/pages"}],"about":[{"href":"https:\/\/www.cafmet.com\/en\/wp-json\/wp\/v2\/types\/page"}],"author":[{"embeddable":true,"href":"https:\/\/www.cafmet.com\/en\/wp-json\/wp\/v2\/users\/1"}],"replies":[{"embeddable":true,"href":"https:\/\/www.cafmet.com\/en\/wp-json\/wp\/v2\/comments?post=1308"}],"version-history":[{"count":0,"href":"https:\/\/www.cafmet.com\/en\/wp-json\/wp\/v2\/pages\/1308\/revisions"}],"wp:attachment":[{"href":"https:\/\/www.cafmet.com\/en\/wp-json\/wp\/v2\/media?parent=1308"}],"curies":[{"name":"wp","href":"https:\/\/api.w.org\/{rel}","templated":true}]}}