{"id":1277,"date":"2019-05-28T10:25:46","date_gmt":"2019-05-28T08:25:46","guid":{"rendered":"http:\/\/www.cafmet.eu\/?page_id=1277"},"modified":"2023-12-04T10:43:38","modified_gmt":"2023-12-04T09:43:38","slug":"les-partenaires-du-cafmet","status":"publish","type":"page","link":"https:\/\/www.cafmet.com\/en\/les-partenaires-du-cafmet\/","title":{"rendered":"Our Partners"},"content":{"rendered":"<section class=\"wpb-content-wrapper\"><div data-vc-full-width=\"true\" data-vc-full-width-init=\"false\" class=\"vc_row wpb_row vc_row-fluid vc_custom_1559032359332\"><div class=\"wpb_column vc_column_container vc_col-sm-12\"><div class=\"vc_column-inner\"><div class=\"wpb_wrapper\">\n            <div class=\"widget kopa-article-list-11-widget\">\n                                    <div class=\"widget-title widget-title-s5 text-center\">\n                        <span><\/span>\n                                                <h2>CAFMET PARTNERS<\/h2>\n                        \n                                            <\/div>\n                                    <!-- widget-title -->\n\n                <div class=\"widget-content\">\n\n                                        \n                <\/div>\n                <!-- widget-content -->\n            <\/div>\n        <\/div><\/div><\/div><div class=\"wpb_column vc_column_container vc_col-sm-12\"><div class=\"vc_column-inner\"><div class=\"wpb_wrapper\"><\/div><\/div><\/div><\/div><div class=\"vc_row-full-width\"><\/div><div class=\"vc_row wpb_row vc_row-fluid vc_custom_1563977983893\"><div class=\"wpb_column vc_column_container vc_col-sm-3\"><div class=\"vc_column-inner\"><div class=\"wpb_wrapper\">\n\t<div  class=\"wpb_single_image wpb_content_element vc_align_center\">\n\t\t\n\t\t<figure class=\"wpb_wrapper vc_figure\">\n\t\t\t<a href=\"https:\/\/www.polytech-reseau.org\/en\/\" target=\"_self\" class=\"vc_single_image-wrapper   vc_box_border_grey\"><img loading=\"lazy\" decoding=\"async\" width=\"150\" height=\"150\" src=\"https:\/\/www.cafmet.com\/wp-content\/uploads\/2019\/04\/Polytech-Angers-partenaire-cafmet-01-01-150x150.png\" class=\"vc_single_image-img attachment-thumbnail\" alt=\"\" title=\"Polytech-Angers-partenaire-cafmet-01-01\" srcset=\"https:\/\/www.cafmet.com\/wp-content\/uploads\/2019\/04\/Polytech-Angers-partenaire-cafmet-01-01-150x150.png 150w, https:\/\/www.cafmet.com\/wp-content\/uploads\/2019\/04\/Polytech-Angers-partenaire-cafmet-01-01-40x40.png 40w, https:\/\/www.cafmet.com\/wp-content\/uploads\/2019\/04\/Polytech-Angers-partenaire-cafmet-01-01.png 262w, https:\/\/www.cafmet.com\/wp-content\/uploads\/2019\/04\/Polytech-Angers-partenaire-cafmet-01-01-175x175.png 175w, https:\/\/www.cafmet.com\/wp-content\/uploads\/2019\/04\/Polytech-Angers-partenaire-cafmet-01-01-70x70.png 70w, https:\/\/www.cafmet.com\/wp-content\/uploads\/2019\/04\/Polytech-Angers-partenaire-cafmet-01-01-255x255.png 255w, https:\/\/www.cafmet.com\/wp-content\/uploads\/2019\/04\/Polytech-Angers-partenaire-cafmet-01-01-100x100.png 100w\" sizes=\"(max-width: 150px) 100vw, 150px\" \/><\/a>\n\t\t<\/figure>\n\t<\/div>\n<\/div><\/div><\/div><div class=\"wpb_column vc_column_container vc_col-sm-3\"><div class=\"vc_column-inner\"><div class=\"wpb_wrapper\"><div class=\"vc_btn3-container vc_btn3-inline vc_custom_1563971691156\" ><a class=\"vc_general vc_btn3 vc_btn3-size-sm vc_btn3-shape-rounded vc_btn3-style-classic vc_btn3-icon-left vc_btn3-color-inverse\" href=\"https:\/\/www.polytech-reseau.org\/en\/\" title=\"\" target=\"_blank\"><i class=\"vc_btn3-icon fa fa-chevron-circle-right\"><\/i> Polytech web site<\/a><\/div>\n\t<div class=\"wpb_text_column wpb_content_element  vc_custom_1563971623815\" >\n\t\t<div class=\"wpb_wrapper\">\n\t\t\t<p style=\"text-align: justify;\"><a href=\"https:\/\/www.polytech-reseau.org\/en\/\"><b>Polytech <\/b><\/a>is an engineering school of the University of<em>Angers<\/em>accredited by the CTI, delivering a diploma of \"engineering of industrial systems\". Polytech Angers has high technology equipment.<\/p>\n\n\t\t<\/div>\n\t<\/div>\n<\/div><\/div><\/div><div class=\"wpb_column vc_column_container vc_col-sm-3\"><div class=\"vc_column-inner\"><div class=\"wpb_wrapper\">\n\t<div  class=\"wpb_single_image wpb_content_element vc_align_center\">\n\t\t\n\t\t<figure class=\"wpb_wrapper vc_figure\">\n\t\t\t<a href=\"http:\/\/www.inra.fr\/en\/Scientists-Students\" target=\"_self\" class=\"vc_single_image-wrapper   vc_box_border_grey\"><img loading=\"lazy\" decoding=\"async\" width=\"150\" height=\"150\" src=\"https:\/\/www.cafmet.com\/wp-content\/uploads\/2015\/09\/Inra-partenaire-cafmet-150x150.png\" class=\"vc_single_image-img attachment-thumbnail\" alt=\"\" title=\"Inra-partenaire-cafmet\" srcset=\"https:\/\/www.cafmet.com\/wp-content\/uploads\/2015\/09\/Inra-partenaire-cafmet-150x150.png 150w, https:\/\/www.cafmet.com\/wp-content\/uploads\/2015\/09\/Inra-partenaire-cafmet-40x40.png 40w, https:\/\/www.cafmet.com\/wp-content\/uploads\/2015\/09\/Inra-partenaire-cafmet.png 262w, https:\/\/www.cafmet.com\/wp-content\/uploads\/2015\/09\/Inra-partenaire-cafmet-175x175.png 175w, https:\/\/www.cafmet.com\/wp-content\/uploads\/2015\/09\/Inra-partenaire-cafmet-70x70.png 70w, https:\/\/www.cafmet.com\/wp-content\/uploads\/2015\/09\/Inra-partenaire-cafmet-255x255.png 255w, https:\/\/www.cafmet.com\/wp-content\/uploads\/2015\/09\/Inra-partenaire-cafmet-100x100.png 100w\" sizes=\"(max-width: 150px) 100vw, 150px\" \/><\/a>\n\t\t<\/figure>\n\t<\/div>\n<\/div><\/div><\/div><div class=\"wpb_column vc_column_container vc_col-sm-3\"><div class=\"vc_column-inner\"><div class=\"wpb_wrapper\"><div class=\"vc_btn3-container vc_btn3-inline vc_custom_1566378196147\" ><a class=\"vc_general vc_btn3 vc_btn3-size-sm vc_btn3-shape-rounded vc_btn3-style-classic vc_btn3-icon-left vc_btn3-color-inverse\" href=\"http:\/\/www.inra.fr\/en\/Scientists-Students\" title=\"\" target=\"_blank\"><i class=\"vc_btn3-icon fa fa-chevron-circle-right\"><\/i> INRA web site<\/a><\/div>\n\t<div class=\"wpb_text_column wpb_content_element  vc_custom_1563971968322\" >\n\t\t<div class=\"wpb_wrapper\">\n\t\t\t<p style=\"text-align: justify;\">The National Institute for Agricultural Research is a national French organization for public scientific research, under the dual supervision of the Ministries in charge of Research and Agriculture.<\/p>\n\n\t\t<\/div>\n\t<\/div>\n<\/div><\/div><\/div><\/div><div class=\"vc_row wpb_row vc_row-fluid\"><div class=\"wpb_column vc_column_container vc_col-sm-12\"><div class=\"vc_column-inner\"><div class=\"wpb_wrapper\"><div class=\"vc_empty_space\"   style=\"height: 50px\"><span class=\"vc_empty_space_inner\"><\/span><\/div><\/div><\/div><\/div><\/div><div class=\"vc_row wpb_row vc_row-fluid vc_custom_1563977998492\"><div class=\"wpb_column vc_column_container vc_col-sm-3\"><div class=\"vc_column-inner\"><div class=\"wpb_wrapper\">\n\t<div  class=\"wpb_single_image wpb_content_element vc_align_center\">\n\t\t\n\t\t<figure class=\"wpb_wrapper vc_figure\">\n\t\t\t<a href=\"https:\/\/www.metrique-consulting.com\/\" target=\"_self\" class=\"vc_single_image-wrapper   vc_box_border_grey\"><img loading=\"lazy\" decoding=\"async\" width=\"150\" height=\"150\" src=\"https:\/\/www.cafmet.com\/wp-content\/uploads\/2015\/09\/m\u00e9trique-consulting-150x150.png\" class=\"vc_single_image-img attachment-thumbnail\" alt=\"\" title=\"m\u00e9trique-consulting\" srcset=\"https:\/\/www.cafmet.com\/wp-content\/uploads\/2015\/09\/m\u00e9trique-consulting-150x150.png 150w, https:\/\/www.cafmet.com\/wp-content\/uploads\/2015\/09\/m\u00e9trique-consulting-40x40.png 40w, https:\/\/www.cafmet.com\/wp-content\/uploads\/2015\/09\/m\u00e9trique-consulting.png 262w, https:\/\/www.cafmet.com\/wp-content\/uploads\/2015\/09\/m\u00e9trique-consulting-175x175.png 175w, https:\/\/www.cafmet.com\/wp-content\/uploads\/2015\/09\/m\u00e9trique-consulting-70x70.png 70w, https:\/\/www.cafmet.com\/wp-content\/uploads\/2015\/09\/m\u00e9trique-consulting-255x255.png 255w, https:\/\/www.cafmet.com\/wp-content\/uploads\/2015\/09\/m\u00e9trique-consulting-100x100.png 100w\" sizes=\"(max-width: 150px) 100vw, 150px\" \/><\/a>\n\t\t<\/figure>\n\t<\/div>\n<\/div><\/div><\/div><div class=\"wpb_column vc_column_container vc_col-sm-3\"><div class=\"vc_column-inner\"><div class=\"wpb_wrapper\"><div class=\"vc_btn3-container vc_btn3-inline vc_custom_1563973682593\" ><a class=\"vc_general vc_btn3 vc_btn3-size-sm vc_btn3-shape-rounded vc_btn3-style-classic vc_btn3-icon-left vc_btn3-color-inverse\" href=\"https:\/\/www.metrique-consulting.com\/\" title=\"\" target=\"_blank\"><i class=\"vc_btn3-icon fa fa-chevron-circle-right\"><\/i> Metrique Consulting web site<\/a><\/div>\n\t<div class=\"wpb_text_column wpb_content_element  vc_custom_1563973770925\" >\n\t\t<div class=\"wpb_wrapper\">\n\t\t\t<p style=\"text-align: justify;\">The core business of <strong><a href=\"https:\/\/www.metrique-consulting.com\/\" target=\"_blank\" rel=\"noopener noreferrer\">M\u00e9trique Consulting<\/a><\/strong> is today the conformity assessment and the measurement management. These skills are implemented through various services offered: auditing, training, consulting \/ expertise<\/p>\n\n\t\t<\/div>\n\t<\/div>\n<\/div><\/div><\/div><div class=\"wpb_column vc_column_container vc_col-sm-3\"><div class=\"vc_column-inner\"><div class=\"wpb_wrapper\">\n\t<div  class=\"wpb_single_image wpb_content_element vc_align_center\">\n\t\t\n\t\t<figure class=\"wpb_wrapper vc_figure\">\n\t\t\t<a href=\"http:\/\/www.sonatrach.com\" target=\"_self\" class=\"vc_single_image-wrapper   vc_box_border_grey\"><img loading=\"lazy\" decoding=\"async\" width=\"150\" height=\"150\" src=\"https:\/\/www.cafmet.com\/wp-content\/uploads\/2015\/09\/sonatrach-partenaire-cafmet-150x150.png\" class=\"vc_single_image-img attachment-thumbnail\" alt=\"\" title=\"sonatrach-partenaire-cafmet\" srcset=\"https:\/\/www.cafmet.com\/wp-content\/uploads\/2015\/09\/sonatrach-partenaire-cafmet-150x150.png 150w, https:\/\/www.cafmet.com\/wp-content\/uploads\/2015\/09\/sonatrach-partenaire-cafmet-40x40.png 40w, https:\/\/www.cafmet.com\/wp-content\/uploads\/2015\/09\/sonatrach-partenaire-cafmet.png 262w, https:\/\/www.cafmet.com\/wp-content\/uploads\/2015\/09\/sonatrach-partenaire-cafmet-175x175.png 175w, https:\/\/www.cafmet.com\/wp-content\/uploads\/2015\/09\/sonatrach-partenaire-cafmet-70x70.png 70w, https:\/\/www.cafmet.com\/wp-content\/uploads\/2015\/09\/sonatrach-partenaire-cafmet-255x255.png 255w, https:\/\/www.cafmet.com\/wp-content\/uploads\/2015\/09\/sonatrach-partenaire-cafmet-100x100.png 100w\" sizes=\"(max-width: 150px) 100vw, 150px\" \/><\/a>\n\t\t<\/figure>\n\t<\/div>\n<\/div><\/div><\/div><div class=\"wpb_column vc_column_container vc_col-sm-3\"><div class=\"vc_column-inner\"><div class=\"wpb_wrapper\"><div class=\"vc_btn3-container vc_btn3-left\" ><a class=\"vc_general vc_btn3 vc_btn3-size-sm vc_btn3-shape-rounded vc_btn3-style-modern vc_btn3-icon-left vc_btn3-color-inverse\" href=\"https:\/\/sonatrach.com\/\" title=\"Sonatrach\" target=\"_blank\"><i class=\"vc_btn3-icon fas fa-chevron-circle-right\"><\/i> SONATRACH web site<\/a><\/div>\n\t<div class=\"wpb_text_column wpb_content_element  vc_custom_1690461815398\" >\n\t\t<div class=\"wpb_wrapper\">\n\t\t\t<p style=\"text-align: justify;\"><strong>SONATRACH<\/strong> is a major operator in the oil industry, the leading company on the African continent, through its partners. 1st hydrofuel group in Africa, the company is present in many countries.<\/p>\n\n\t\t<\/div>\n\t<\/div>\n<\/div><\/div><\/div><\/div><div class=\"vc_row wpb_row vc_row-fluid\"><div class=\"wpb_column vc_column_container vc_col-sm-12\"><div class=\"vc_column-inner\"><div class=\"wpb_wrapper\"><div class=\"vc_empty_space\"   style=\"height: 50px\"><span class=\"vc_empty_space_inner\"><\/span><\/div><\/div><\/div><\/div><\/div><div class=\"vc_row wpb_row vc_row-fluid vc_custom_1563978007567\"><div class=\"wpb_column vc_column_container vc_col-sm-3\"><div class=\"vc_column-inner\"><div class=\"wpb_wrapper\">\n\t<div  class=\"wpb_single_image wpb_content_element vc_align_center\">\n\t\t\n\t\t<figure class=\"wpb_wrapper vc_figure\">\n\t\t\t<a href=\"https:\/\/radwag.com\/en\/\" target=\"_self\" class=\"vc_single_image-wrapper   vc_box_border_grey\"><img loading=\"lazy\" decoding=\"async\" width=\"150\" height=\"150\" src=\"https:\/\/www.cafmet.com\/wp-content\/uploads\/2015\/09\/radwag-partenaire-cafmet-150x150.png\" class=\"vc_single_image-img attachment-thumbnail\" alt=\"\" title=\"radwag-partenaire-cafmet\" srcset=\"https:\/\/www.cafmet.com\/wp-content\/uploads\/2015\/09\/radwag-partenaire-cafmet-150x150.png 150w, https:\/\/www.cafmet.com\/wp-content\/uploads\/2015\/09\/radwag-partenaire-cafmet-40x40.png 40w, https:\/\/www.cafmet.com\/wp-content\/uploads\/2015\/09\/radwag-partenaire-cafmet.png 262w, https:\/\/www.cafmet.com\/wp-content\/uploads\/2015\/09\/radwag-partenaire-cafmet-175x175.png 175w, https:\/\/www.cafmet.com\/wp-content\/uploads\/2015\/09\/radwag-partenaire-cafmet-70x70.png 70w, https:\/\/www.cafmet.com\/wp-content\/uploads\/2015\/09\/radwag-partenaire-cafmet-255x255.png 255w, https:\/\/www.cafmet.com\/wp-content\/uploads\/2015\/09\/radwag-partenaire-cafmet-100x100.png 100w\" sizes=\"(max-width: 150px) 100vw, 150px\" \/><\/a>\n\t\t<\/figure>\n\t<\/div>\n<\/div><\/div><\/div><div class=\"wpb_column vc_column_container vc_col-sm-3\"><div class=\"vc_column-inner\"><div class=\"wpb_wrapper\"><div class=\"vc_btn3-container vc_btn3-inline vc_custom_1563974279290\" ><a class=\"vc_general vc_btn3 vc_btn3-size-sm vc_btn3-shape-rounded vc_btn3-style-classic vc_btn3-icon-left vc_btn3-color-inverse\" href=\"https:\/\/radwag.com\/en\/\" title=\"\" target=\"_blank\"><i class=\"vc_btn3-icon fa fa-chevron-circle-right\"><\/i> RADWAG web site<\/a><\/div>\n\t<div class=\"wpb_text_column wpb_content_element  vc_custom_1630486490882\" >\n\t\t<div class=\"wpb_wrapper\">\n\t\t\t<p>RADWAG is the greatest Polish manufacturer of electronic weighing devices. The company has 15 offices in Poland and abroad, and sells its products to over 150 countries all over the world. RADWAG will weigh the tiniest load with the utmost accuracy.<\/p>\n\n\t\t<\/div>\n\t<\/div>\n<\/div><\/div><\/div><div class=\"wpb_column vc_column_container vc_col-sm-3\"><div class=\"vc_column-inner\"><div class=\"wpb_wrapper\">\n\t<div  class=\"wpb_single_image wpb_content_element vc_align_center\">\n\t\t\n\t\t<figure class=\"wpb_wrapper vc_figure\">\n\t\t\t<a href=\"https:\/\/www.sika.net\/en\/\" target=\"_self\" class=\"vc_single_image-wrapper   vc_box_border_grey\"><img loading=\"lazy\" decoding=\"async\" width=\"150\" height=\"150\" src=\"https:\/\/www.cafmet.com\/wp-content\/uploads\/2014\/09\/sika-partenaire-cafmet-150x150.png\" class=\"vc_single_image-img attachment-thumbnail\" alt=\"\" title=\"sika-partenaire-cafmet\" srcset=\"https:\/\/www.cafmet.com\/wp-content\/uploads\/2014\/09\/sika-partenaire-cafmet-150x150.png 150w, https:\/\/www.cafmet.com\/wp-content\/uploads\/2014\/09\/sika-partenaire-cafmet-40x40.png 40w, https:\/\/www.cafmet.com\/wp-content\/uploads\/2014\/09\/sika-partenaire-cafmet.png 262w, https:\/\/www.cafmet.com\/wp-content\/uploads\/2014\/09\/sika-partenaire-cafmet-175x175.png 175w, https:\/\/www.cafmet.com\/wp-content\/uploads\/2014\/09\/sika-partenaire-cafmet-70x70.png 70w, https:\/\/www.cafmet.com\/wp-content\/uploads\/2014\/09\/sika-partenaire-cafmet-255x255.png 255w, https:\/\/www.cafmet.com\/wp-content\/uploads\/2014\/09\/sika-partenaire-cafmet-100x100.png 100w\" sizes=\"(max-width: 150px) 100vw, 150px\" \/><\/a>\n\t\t<\/figure>\n\t<\/div>\n<\/div><\/div><\/div><div class=\"wpb_column vc_column_container vc_col-sm-3\"><div class=\"vc_column-inner\"><div class=\"wpb_wrapper\"><div class=\"vc_btn3-container vc_btn3-inline\" ><a class=\"vc_general vc_btn3 vc_btn3-size-sm vc_btn3-shape-rounded vc_btn3-style-modern vc_btn3-icon-left vc_btn3-color-inverse\" href=\"https:\/\/www.sikafrance.fr\/\" title=\"SIKA FRANCE\" target=\"_blank\"><i class=\"vc_btn3-icon fas fa-chevron-circle-right\"><\/i> SIKA web site<\/a><\/div>\n\t<div class=\"wpb_text_column wpb_content_element  vc_custom_1566379696074\" >\n\t\t<div class=\"wpb_wrapper\">\n\t\t\t<p style=\"text-align: justify;\"><strong><a href=\"https:\/\/www.sika.net\/en\/\" target=\"_blank\" rel=\"noopener noreferrer\">SIKA<\/a><\/strong> is synonymous with reliable and accurate measurement, control and calibration technology for flow, level, temperature, pressure and force.<\/p>\n\n\t\t<\/div>\n\t<\/div>\n<\/div><\/div><\/div><\/div><div class=\"vc_row wpb_row vc_row-fluid vc_custom_1563978014132\"><div class=\"wpb_column vc_column_container vc_col-sm-3\"><div class=\"vc_column-inner\"><div class=\"wpb_wrapper\"><\/div><\/div><\/div><div class=\"wpb_column vc_column_container vc_col-sm-3\"><div class=\"vc_column-inner\"><div class=\"wpb_wrapper\"><\/div><\/div><\/div><\/div><div class=\"vc_row wpb_row vc_row-fluid\"><div class=\"wpb_column vc_column_container vc_col-sm-12\"><div class=\"vc_column-inner\"><div class=\"wpb_wrapper\"><div class=\"vc_empty_space\"   style=\"height: 50px\"><span class=\"vc_empty_space_inner\"><\/span><\/div><\/div><\/div><\/div><\/div><div class=\"vc_row wpb_row vc_row-fluid\"><div class=\"wpb_column vc_column_container vc_col-sm-12\"><div class=\"vc_column-inner\"><div class=\"wpb_wrapper\"><div class=\"vc_empty_space\"   style=\"height: 50px\"><span class=\"vc_empty_space_inner\"><\/span><\/div><\/div><\/div><\/div><\/div><div class=\"vc_row wpb_row vc_row-fluid\"><div class=\"wpb_column vc_column_container vc_col-sm-12\"><div class=\"vc_column-inner\"><div class=\"wpb_wrapper\">\n\t<div id=\"https:\/\/www.gazettelabo.fr\/index.php\" class=\"wpb_single_image wpb_content_element vc_align_center\">\n\t\t\n\t\t<figure class=\"wpb_wrapper vc_figure\">\n\t\t\t<div class=\"vc_single_image-wrapper   vc_box_border_grey\"><img loading=\"lazy\" decoding=\"async\" width=\"300\" height=\"97\" src=\"https:\/\/www.cafmet.com\/wp-content\/uploads\/2021\/10\/gazette-300x97.png\" class=\"vc_single_image-img attachment-medium\" alt=\"\" title=\"gazette\" srcset=\"https:\/\/www.cafmet.com\/wp-content\/uploads\/2021\/10\/gazette-300x97.png 300w, https:\/\/www.cafmet.com\/wp-content\/uploads\/2021\/10\/gazette-18x6.png 18w, https:\/\/www.cafmet.com\/wp-content\/uploads\/2021\/10\/gazette-412x135.png 412w, https:\/\/www.cafmet.com\/wp-content\/uploads\/2021\/10\/gazette.png 422w\" sizes=\"(max-width: 300px) 100vw, 300px\" \/><\/div>\n\t\t<\/figure>\n\t<\/div>\n\n\t<div class=\"wpb_text_column wpb_content_element\" >\n\t\t<div class=\"wpb_wrapper\">\n\t\t\t<h5 style=\"text-align: center;\"><strong>Discover the LABORATORY AFRICA Gazette,<\/strong><\/h5>\n<p style=\"text-align: center;\">Quality editorial content dedicated to scientific activities in French-speaking Africa, in all their diversity. Discover the news of this continent in permanent evolution in all the fields (health, agroalimentary, environment, etc...)<\/p>\n\n\t\t<\/div>\n\t<\/div>\n<div class=\"vc_btn3-container vc_btn3-center\" ><a class=\"vc_general vc_btn3 vc_btn3-size-md vc_btn3-shape-rounded vc_btn3-style-classic vc_btn3-icon-left vc_btn3-color-inverse\" href=\"https:\/\/www.gazettelabo.fr\/titresAF\/index.php\" title=\"Site internet La Gazette du LABORATOIRE\"><i class=\"vc_btn3-icon fa fa-chevron-circle-right\"><\/i> Web site La Gazette of AFRICA LABORATORY<\/a><\/div>\n            <div class=\"widget kopa-article-list-11-widget\">\n                                    <div class=\"widget-title widget-title-s5 text-center\">\n                        <span><\/span>\n                                                <h2>CAFMET membership<\/h2>\n                        \n                                                <p>You would like to become an active member of CAFMET by supporting the different activities organized each year to support the Metrology Cutlure? You can now join and enjoy the many benefits.<\/p>\n                                            <\/div>\n                                    <!-- widget-title -->\n\n                <div class=\"widget-content\">\n\n                                        \n                <\/div>\n                <!-- widget-content -->\n            <\/div>\n        <div class=\"vc_btn3-container vc_btn3-center\" ><a class=\"vc_general vc_btn3 vc_btn3-size-md vc_btn3-shape-rounded vc_btn3-style-modern vc_btn3-color-primary\" href=\"https:\/\/www.cafmet.com\/en\/adherer-au-cafmet\/\" title=\"\" target=\"_blank\">JOIN CAFMET<\/a><\/div><\/div><\/div><\/div><\/div>\n<\/section>","protected":false},"excerpt":{"rendered":"LES PARTENAIRES DU CAFMET Site internet de Polytech Polytech est une \u00e9cole d'ing\u00e9nieur de l'universit\u00e9 d'Angers, habilit\u00e9 par la CTI, d\u00e9livrant un dipl\u00f4me de \u00ab g\u00e9nie des syst\u00e8mes industriels \u00bb. Polytech Angers dispose d\u2019\u00e9quipements de haute technologie. Site internet de l'INRA L'Institut national de la recherche agronomique est un organisme fran\u00e7ais national de recherche scientifique","protected":false},"author":1,"featured_media":0,"parent":0,"menu_order":0,"comment_status":"closed","ping_status":"closed","template":"","meta":{"footnotes":"","_vp_format_video_url":"","_vp_image_focal_point":[]},"yoast_head":"<!-- This site is optimized with the Yoast SEO plugin v21.8 - https:\/\/yoast.com\/wordpress\/plugins\/seo\/ -->\n<title>Les partenaires du CAFMET<\/title>\n<meta name=\"description\" content=\"D\u00e9couvrez les partenaires du CAFMET ! Qui nous viennent en aide pour que nos congr\u00e8s puissent avoir lieux.\" \/>\n<meta name=\"robots\" content=\"index, follow, max-snippet:-1, max-image-preview:large, max-video-preview:-1\" \/>\n<link rel=\"canonical\" href=\"https:\/\/www.cafmet.com\/en\/les-partenaires-du-cafmet\/\" \/>\n<meta property=\"og:locale\" content=\"en_GB\" \/>\n<meta property=\"og:type\" content=\"article\" \/>\n<meta property=\"og:title\" content=\"Les partenaires du CAFMET\" \/>\n<meta property=\"og:description\" content=\"D\u00e9couvrez les partenaires du CAFMET ! Qui nous viennent en aide pour que nos congr\u00e8s puissent avoir lieux.\" \/>\n<meta property=\"og:url\" content=\"https:\/\/www.cafmet.com\/en\/les-partenaires-du-cafmet\/\" \/>\n<meta property=\"og:site_name\" content=\"CAFMET\" \/>\n<meta property=\"article:modified_time\" content=\"2023-12-04T09:43:38+00:00\" \/>\n<meta name=\"twitter:card\" content=\"summary_large_image\" \/>\n<meta name=\"twitter:label1\" content=\"Estimated reading time\" \/>\n\t<meta name=\"twitter:data1\" content=\"3 minutes\" \/>\n<script type=\"application\/ld+json\" class=\"yoast-schema-graph\">{\"@context\":\"https:\/\/schema.org\",\"@graph\":[{\"@type\":\"WebPage\",\"@id\":\"https:\/\/www.cafmet.com\/les-partenaires-du-cafmet\/\",\"url\":\"https:\/\/www.cafmet.com\/les-partenaires-du-cafmet\/\",\"name\":\"Les partenaires du CAFMET\",\"isPartOf\":{\"@id\":\"https:\/\/www.cafmet.com\/#website\"},\"datePublished\":\"2019-05-28T08:25:46+00:00\",\"dateModified\":\"2023-12-04T09:43:38+00:00\",\"description\":\"D\u00e9couvrez les partenaires du CAFMET ! Qui nous viennent en aide pour que nos congr\u00e8s puissent avoir lieux.\",\"breadcrumb\":{\"@id\":\"https:\/\/www.cafmet.com\/les-partenaires-du-cafmet\/#breadcrumb\"},\"inLanguage\":\"en-GB\",\"potentialAction\":[{\"@type\":\"ReadAction\",\"target\":[\"https:\/\/www.cafmet.com\/les-partenaires-du-cafmet\/\"]}]},{\"@type\":\"BreadcrumbList\",\"@id\":\"https:\/\/www.cafmet.com\/les-partenaires-du-cafmet\/#breadcrumb\",\"itemListElement\":[{\"@type\":\"ListItem\",\"position\":1,\"name\":\"Accueil\",\"item\":\"https:\/\/www.cafmet.com\/\"},{\"@type\":\"ListItem\",\"position\":2,\"name\":\"Partenaires\"}]},{\"@type\":\"WebSite\",\"@id\":\"https:\/\/www.cafmet.com\/#website\",\"url\":\"https:\/\/www.cafmet.com\/\",\"name\":\"CAFMET\",\"description\":\"\",\"potentialAction\":[{\"@type\":\"SearchAction\",\"target\":{\"@type\":\"EntryPoint\",\"urlTemplate\":\"https:\/\/www.cafmet.com\/?s={search_term_string}\"},\"query-input\":\"required name=search_term_string\"}],\"inLanguage\":\"en-GB\"}]}<\/script>\n<!-- \/ Yoast SEO plugin. -->","yoast_head_json":{"title":"Les partenaires du CAFMET","description":"D\u00e9couvrez les partenaires du CAFMET ! Qui nous viennent en aide pour que nos congr\u00e8s puissent avoir lieux.","robots":{"index":"index","follow":"follow","max-snippet":"max-snippet:-1","max-image-preview":"max-image-preview:large","max-video-preview":"max-video-preview:-1"},"canonical":"https:\/\/www.cafmet.com\/en\/les-partenaires-du-cafmet\/","og_locale":"en_GB","og_type":"article","og_title":"Les partenaires du CAFMET","og_description":"D\u00e9couvrez les partenaires du CAFMET ! Qui nous viennent en aide pour que nos congr\u00e8s puissent avoir lieux.","og_url":"https:\/\/www.cafmet.com\/en\/les-partenaires-du-cafmet\/","og_site_name":"CAFMET","article_modified_time":"2023-12-04T09:43:38+00:00","twitter_card":"summary_large_image","twitter_misc":{"Estimated reading time":"3 minutes"},"schema":{"@context":"https:\/\/schema.org","@graph":[{"@type":"WebPage","@id":"https:\/\/www.cafmet.com\/les-partenaires-du-cafmet\/","url":"https:\/\/www.cafmet.com\/les-partenaires-du-cafmet\/","name":"Les partenaires du CAFMET","isPartOf":{"@id":"https:\/\/www.cafmet.com\/#website"},"datePublished":"2019-05-28T08:25:46+00:00","dateModified":"2023-12-04T09:43:38+00:00","description":"D\u00e9couvrez les partenaires du CAFMET ! Qui nous viennent en aide pour que nos congr\u00e8s puissent avoir lieux.","breadcrumb":{"@id":"https:\/\/www.cafmet.com\/les-partenaires-du-cafmet\/#breadcrumb"},"inLanguage":"en-GB","potentialAction":[{"@type":"ReadAction","target":["https:\/\/www.cafmet.com\/les-partenaires-du-cafmet\/"]}]},{"@type":"BreadcrumbList","@id":"https:\/\/www.cafmet.com\/les-partenaires-du-cafmet\/#breadcrumb","itemListElement":[{"@type":"ListItem","position":1,"name":"Accueil","item":"https:\/\/www.cafmet.com\/"},{"@type":"ListItem","position":2,"name":"Partenaires"}]},{"@type":"WebSite","@id":"https:\/\/www.cafmet.com\/#website","url":"https:\/\/www.cafmet.com\/","name":"CAFMET","description":"","potentialAction":[{"@type":"SearchAction","target":{"@type":"EntryPoint","urlTemplate":"https:\/\/www.cafmet.com\/?s={search_term_string}"},"query-input":"required name=search_term_string"}],"inLanguage":"en-GB"}]}},"_links":{"self":[{"href":"https:\/\/www.cafmet.com\/en\/wp-json\/wp\/v2\/pages\/1277"}],"collection":[{"href":"https:\/\/www.cafmet.com\/en\/wp-json\/wp\/v2\/pages"}],"about":[{"href":"https:\/\/www.cafmet.com\/en\/wp-json\/wp\/v2\/types\/page"}],"author":[{"embeddable":true,"href":"https:\/\/www.cafmet.com\/en\/wp-json\/wp\/v2\/users\/1"}],"replies":[{"embeddable":true,"href":"https:\/\/www.cafmet.com\/en\/wp-json\/wp\/v2\/comments?post=1277"}],"version-history":[{"count":0,"href":"https:\/\/www.cafmet.com\/en\/wp-json\/wp\/v2\/pages\/1277\/revisions"}],"wp:attachment":[{"href":"https:\/\/www.cafmet.com\/en\/wp-json\/wp\/v2\/media?parent=1277"}],"curies":[{"name":"wp","href":"https:\/\/api.w.org\/{rel}","templated":true}]}}