{"id":1002,"date":"2019-05-13T11:47:37","date_gmt":"2019-05-13T09:47:37","guid":{"rendered":"http:\/\/www.cafmet.eu\/?page_id=1002"},"modified":"2023-10-03T15:02:01","modified_gmt":"2023-10-03T13:02:01","slug":"evenements-du-cafmet","status":"publish","type":"page","link":"https:\/\/www.cafmet.com\/en\/evenements-du-cafmet\/","title":{"rendered":"\u00c9v\u00e8nements"},"content":{"rendered":"<section class=\"wpb-content-wrapper\"><div class=\"vc_row wpb_row vc_row-fluid\"><div class=\"wpb_column vc_column_container vc_col-sm-12\"><div class=\"vc_column-inner\"><div class=\"wpb_wrapper\">\n\t<div class=\"wpb_text_column wpb_content_element\" >\n\t\t<div class=\"wpb_wrapper\">\n\t\t\t<div class=\"elements-box\"><div class=\"element-title text-center\">\n                            <span><\/span>\n                            <h2>CAFMET EVENTS<\/h2>\n                            <p><\/p>\n<p><\/p>\n                        <\/div><\/div>\n\n\t\t<\/div>\n\t<\/div>\n<\/div><\/div><\/div><\/div><div class=\"vc_row wpb_row vc_row-fluid\"><div class=\"wpb_column vc_column_container vc_col-sm-6\"><div class=\"vc_column-inner\"><div class=\"wpb_wrapper\">\n\t<div class=\"wpb_text_column wpb_content_element\" >\n\t\t<div class=\"wpb_wrapper\">\n\t\t\t<h4 style=\"text-align: center;\">International Conference on Metrology - CAFMET<\/h4>\n\n\t\t<\/div>\n\t<\/div>\n\n\t<div  class=\"wpb_single_image wpb_content_element vc_align_center\">\n\t\t\n\t\t<figure class=\"wpb_wrapper vc_figure\">\n\t\t\t<div class=\"vc_single_image-wrapper   vc_box_border_grey\"><img loading=\"lazy\" decoding=\"async\" width=\"300\" height=\"200\" src=\"https:\/\/www.cafmet.com\/wp-content\/uploads\/2019\/06\/meeting-83519_1920-300x200.jpg\" class=\"vc_single_image-img attachment-medium\" alt=\"\" title=\"meeting-83519_1920\" srcset=\"https:\/\/www.cafmet.com\/wp-content\/uploads\/2019\/06\/meeting-83519_1920-300x200.jpg 300w, https:\/\/www.cafmet.com\/wp-content\/uploads\/2019\/06\/meeting-83519_1920-1024x681.jpg 1024w, https:\/\/www.cafmet.com\/wp-content\/uploads\/2019\/06\/meeting-83519_1920-768x511.jpg 768w, https:\/\/www.cafmet.com\/wp-content\/uploads\/2019\/06\/meeting-83519_1920-1536x1022.jpg 1536w, https:\/\/www.cafmet.com\/wp-content\/uploads\/2019\/06\/meeting-83519_1920-18x12.jpg 18w, https:\/\/www.cafmet.com\/wp-content\/uploads\/2019\/06\/meeting-83519_1920-600x399.jpg 600w, https:\/\/www.cafmet.com\/wp-content\/uploads\/2019\/06\/meeting-83519_1920.jpg 1920w\" sizes=\"(max-width: 300px) 100vw, 300px\" \/><\/div>\n\t\t<\/figure>\n\t<\/div>\n\n\t<div class=\"wpb_text_column wpb_content_element\" >\n\t\t<div class=\"wpb_wrapper\">\n\t\t\t<p style=\"text-align: left;\"><strong>CAFMET organize every 2 years International Conference on Metrology in Africa (CAFMET). This unique conference is a crossroads for the exhange of information, ideas and experiences in Metrology, Quality and Instrumentation, through conferences, round tables, technical workshops and exhibition booths.<\/strong><\/p>\n<p style=\"text-align: left;\"><strong>The CAFMET conference represents a unique opportunity in Africa to meet your customers and prospects, your distributors, your<\/strong><br \/>\n<strong>representatives and professional partners of the measurement world.<\/strong><\/p>\n\n\t\t<\/div>\n\t<\/div>\n<div class=\"vc_btn3-container vc_btn3-center\" ><a class=\"vc_general vc_btn3 vc_btn3-size-md vc_btn3-shape-rounded vc_btn3-style-modern vc_btn3-color-warning\" href=\"https:\/\/www.cafmet-conference.com\/en\/\" title=\"CAFMET conference\" target=\"_blank\">Learn more<\/a><\/div><\/div><\/div><\/div><div class=\"wpb_column vc_column_container vc_col-sm-6\"><div class=\"vc_column-inner\"><div class=\"wpb_wrapper\">\n\t<div class=\"wpb_text_column wpb_content_element\" >\n\t\t<div class=\"wpb_wrapper\">\n\t\t\t<h4 style=\"text-align: center;\">International congress on Measurement, Quality and Data Science - MQDS<\/h4>\n\n\t\t<\/div>\n\t<\/div>\n\n\t<div  class=\"wpb_single_image wpb_content_element vc_align_center\">\n\t\t\n\t\t<figure class=\"wpb_wrapper vc_figure\">\n\t\t\t<div class=\"vc_single_image-wrapper   vc_box_border_grey\"><img loading=\"lazy\" decoding=\"async\" width=\"300\" height=\"160\" src=\"https:\/\/www.cafmet.com\/wp-content\/uploads\/2022\/11\/datascience-300x160.jpeg\" class=\"vc_single_image-img attachment-medium\" alt=\"\" title=\"datascience\" srcset=\"https:\/\/www.cafmet.com\/wp-content\/uploads\/2022\/11\/datascience-300x160.jpeg 300w, https:\/\/www.cafmet.com\/wp-content\/uploads\/2022\/11\/datascience-1024x545.jpeg 1024w, https:\/\/www.cafmet.com\/wp-content\/uploads\/2022\/11\/datascience-768x409.jpeg 768w, https:\/\/www.cafmet.com\/wp-content\/uploads\/2022\/11\/datascience-1536x818.jpeg 1536w, https:\/\/www.cafmet.com\/wp-content\/uploads\/2022\/11\/datascience-2048x1091.jpeg 2048w, https:\/\/www.cafmet.com\/wp-content\/uploads\/2022\/11\/datascience-18x10.jpeg 18w, https:\/\/www.cafmet.com\/wp-content\/uploads\/2022\/11\/datascience-500x266.jpeg 500w, https:\/\/www.cafmet.com\/wp-content\/uploads\/2022\/11\/datascience-800x426.jpeg 800w, https:\/\/www.cafmet.com\/wp-content\/uploads\/2022\/11\/datascience-1280x682.jpeg 1280w, https:\/\/www.cafmet.com\/wp-content\/uploads\/2022\/11\/datascience-1920x1022.jpeg 1920w, https:\/\/www.cafmet.com\/wp-content\/uploads\/2022\/11\/datascience-848x452.jpeg 848w, https:\/\/www.cafmet.com\/wp-content\/uploads\/2022\/11\/datascience-1110x591.jpeg 1110w, https:\/\/www.cafmet.com\/wp-content\/uploads\/2022\/11\/datascience-600x320.jpeg 600w\" sizes=\"(max-width: 300px) 100vw, 300px\" \/><\/div>\n\t\t<\/figure>\n\t<\/div>\n\n\t<div class=\"wpb_text_column wpb_content_element\" >\n\t\t<div class=\"wpb_wrapper\">\n\t\t\t<p>&nbsp;<\/p>\n<p style=\"text-align: right;\"><strong>CAFMET organizes the International Conference on Measurement, Quality and Data Science (MQDS) every two years (odd years). This congress, which can be held on all continents, constitutes a bridge between all countries and allows to show the interest of quality, measurement and metrology in data science for all innovative and intelligent systems, for the evaluation of conformity, optimization, reliability and durability, etc. Numerous conferences, round tables, technical workshops and exhibition booths are proposed.<\/strong><\/p>\n<p style=\"text-align: right;\"><strong>MQDS is a multidisciplinary scientific conference that allows to show the advances in the world of measurement, instrumentation and artificial intelligence.<\/strong><\/p>\n\n\t\t<\/div>\n\t<\/div>\n<div class=\"vc_btn3-container vc_btn3-center\" ><a class=\"vc_general vc_btn3 vc_btn3-size-md vc_btn3-shape-rounded vc_btn3-style-classic vc_btn3-color-warning\" href=\"https:\/\/www.mq-datascience.com\/\" title=\"MQDS congress\" target=\"_blank\">Learn more<\/a><\/div><\/div><\/div><\/div><\/div><div class=\"vc_row wpb_row vc_row-fluid\"><div class=\"wpb_column vc_column_container vc_col-sm-6\"><div class=\"vc_column-inner\"><div class=\"wpb_wrapper\">\n\t<div class=\"wpb_text_column wpb_content_element\" >\n\t\t<div class=\"wpb_wrapper\">\n\t\t\t<h4 style=\"text-align: center;\">International Exhibition on Instrumentation and Measurement - FORUMESURE<\/h4>\n\n\t\t<\/div>\n\t<\/div>\n\n\t<div  class=\"wpb_single_image wpb_content_element vc_align_center\">\n\t\t\n\t\t<figure class=\"wpb_wrapper vc_figure\">\n\t\t\t<div class=\"vc_single_image-wrapper   vc_box_border_grey\"><img loading=\"lazy\" decoding=\"async\" width=\"300\" height=\"200\" src=\"https:\/\/www.cafmet.com\/wp-content\/uploads\/2021\/09\/IMG_4810-300x200.jpg\" class=\"vc_single_image-img attachment-medium\" alt=\"\" title=\"IMG_4810\" srcset=\"https:\/\/www.cafmet.com\/wp-content\/uploads\/2021\/09\/IMG_4810-300x200.jpg 300w, https:\/\/www.cafmet.com\/wp-content\/uploads\/2021\/09\/IMG_4810-1024x683.jpg 1024w, https:\/\/www.cafmet.com\/wp-content\/uploads\/2021\/09\/IMG_4810-768x512.jpg 768w, https:\/\/www.cafmet.com\/wp-content\/uploads\/2021\/09\/IMG_4810-1536x1024.jpg 1536w, https:\/\/www.cafmet.com\/wp-content\/uploads\/2021\/09\/IMG_4810-2048x1365.jpg 2048w, https:\/\/www.cafmet.com\/wp-content\/uploads\/2021\/09\/IMG_4810-18x12.jpg 18w, https:\/\/www.cafmet.com\/wp-content\/uploads\/2021\/09\/IMG_4810-600x400.jpg 600w\" sizes=\"(max-width: 300px) 100vw, 300px\" \/><\/div>\n\t\t<\/figure>\n\t<\/div>\n\n\t<div class=\"wpb_text_column wpb_content_element\" >\n\t\t<div class=\"wpb_wrapper\">\n\t\t\t<div class=\"elementor-element elementor-element-716561e elementor-widget elementor-widget-heading\" data-id=\"716561e\" data-element_type=\"widget\" data-widget_type=\"heading.default\">\n<div class=\"elementor-widget-container\">\n<p class=\"elementor-heading-title elementor-size-default\" style=\"text-align: left;\"><strong>FORUMESURE is 2 days of exchange and networking with measurement equipment professionals, to develop your technical projects, renew your equipment and envisage new international collaborations.<\/strong><\/p>\n<p style=\"text-align: left;\"><strong>This event will allow you to better know the activities related to measurement and metrology as well as to attend free conferences on the themes of measurement, metrology and quality...<\/strong><\/p>\n<\/div>\n<\/div>\n\n\t\t<\/div>\n\t<\/div>\n<div class=\"vc_btn3-container vc_btn3-center\" ><a class=\"vc_general vc_btn3 vc_btn3-size-md vc_btn3-shape-rounded vc_btn3-style-modern vc_btn3-color-warning\" href=\"https:\/\/www.forumesure.com\/en\/\" title=\"FORUMESURE\" target=\"_blank\">Learn more<\/a><\/div><\/div><\/div><\/div><div class=\"wpb_column vc_column_container vc_col-sm-6\"><div class=\"vc_column-inner\"><div class=\"wpb_wrapper\">\n\t<div class=\"wpb_text_column wpb_content_element\" >\n\t\t<div class=\"wpb_wrapper\">\n\t\t\t<h4 style=\"text-align: center;\">Francophone Meetings on Quality and Measurement  - RFQM<\/h4>\n\n\t\t<\/div>\n\t<\/div>\n\n\t<div  class=\"wpb_single_image wpb_content_element vc_align_center\">\n\t\t\n\t\t<figure class=\"wpb_wrapper vc_figure\">\n\t\t\t<div class=\"vc_single_image-wrapper   vc_box_border_grey\"><img loading=\"lazy\" decoding=\"async\" width=\"300\" height=\"199\" src=\"https:\/\/www.cafmet.com\/wp-content\/uploads\/2019\/06\/DSC_0003-300x199.jpg\" class=\"vc_single_image-img attachment-medium\" alt=\"\" title=\"RFQM-2019-Cafmet-Conf\u00e9rences-Ateliers-M\u00e9trologie-Qualit\u00e9-Mesure\" srcset=\"https:\/\/www.cafmet.com\/wp-content\/uploads\/2019\/06\/DSC_0003-300x199.jpg 300w, https:\/\/www.cafmet.com\/wp-content\/uploads\/2019\/06\/DSC_0003-768x511.jpg 768w, https:\/\/www.cafmet.com\/wp-content\/uploads\/2019\/06\/DSC_0003-1024x681.jpg 1024w, https:\/\/www.cafmet.com\/wp-content\/uploads\/2019\/06\/DSC_0003-600x399.jpg 600w\" sizes=\"(max-width: 300px) 100vw, 300px\" \/><\/div>\n\t\t<\/figure>\n\t<\/div>\n\n\t<div class=\"wpb_text_column wpb_content_element\" >\n\t\t<div class=\"wpb_wrapper\">\n\t\t\t<div class=\"elementor-element elementor-element-3a32a88 elementor-vertical-align-middle elementor-hidden-tablet elementor-hidden-phone elementor-position-top elementor-widget elementor-widget-image-box\" data-id=\"3a32a88\" data-element_type=\"image-box.default\">\n<div class=\"elementor-widget-container\">\n<div class=\"elementor-image-box-wrapper\">\n<div class=\"elementor-image-box-content\">\n<p class=\"elementor-image-box-description\" style=\"text-align: right;\"><strong>Les Rencontres Francophones on Quality and Measurement (RFQM) is a crossroads for the exchange of information, ideas and experience in the fields of Management, Quality and Metrology.<\/strong><\/p>\n<p class=\"elementor-image-box-description\" style=\"text-align: right;\"><strong>They concern all sectors of activity as well as all persons interested in the organizational performance of a laboratory or a company, and the impact of the level of reliability of the data measured or used for the validation of a method, a process, a product or a system.<\/strong><\/p>\n<\/div>\n<\/div>\n<\/div>\n<\/div>\n<div class=\"elementor-element elementor-element-a56c3e2 elementor-widget elementor-widget-spacer\" data-id=\"a56c3e2\" data-element_type=\"spacer.default\">\n<div class=\"elementor-widget-container\">\n<div class=\"elementor-spacer\" style=\"text-align: right;\"><\/div>\n<\/div>\n<\/div>\n\n\t\t<\/div>\n\t<\/div>\n<div class=\"vc_btn3-container vc_btn3-center\" ><a class=\"vc_general vc_btn3 vc_btn3-size-md vc_btn3-shape-rounded vc_btn3-style-classic vc_btn3-color-warning\" href=\"http:\/\/www.rfqm2019.com\/\" title=\"RFQM\" target=\"_blank\">Learn more<\/a><\/div><\/div><\/div><\/div><\/div>\n<\/section>","protected":false},"excerpt":{"rendered":"LES \u00c9V\u00c9NEMENTS DU CAFMET Conf\u00e9rence Internationale de M\u00e9trologie - CAFMET Le CAFMET, organise tous les deux ans la Conf\u00e9rence internationale en Afrique, sur la M\u00e9trologie (CAFMET). Cette conf\u00e9rence unique en son genre constitue un carrefour d\u2019\u00e9changes d\u2019informations, d\u2019id\u00e9es et d\u2019exp\u00e9riences en M\u00e9trologie, en Qualit\u00e9 et en Instrumentation, autour de conf\u00e9rences, de tables rondes, d\u2019ateliers techniques","protected":false},"author":1,"featured_media":0,"parent":0,"menu_order":0,"comment_status":"closed","ping_status":"closed","template":"","meta":{"footnotes":"","_vp_format_video_url":"","_vp_image_focal_point":[]},"yoast_head":"<!-- This site is optimized with the Yoast SEO plugin v21.8 - https:\/\/yoast.com\/wordpress\/plugins\/seo\/ -->\n<title>Les \u00e9v\u00e9nements du CAFMET<\/title>\n<meta name=\"description\" content=\"Les \u00e9v\u00e9nements du CAFMET sont organis\u00e9s chaque ann\u00e9e. Une Conf\u00e9rence Internationale de m\u00e9trologie et un congr\u00e8s international sur la mesure.\" \/>\n<meta name=\"robots\" content=\"index, follow, max-snippet:-1, max-image-preview:large, max-video-preview:-1\" \/>\n<link rel=\"canonical\" href=\"https:\/\/www.cafmet.com\/en\/evenements-du-cafmet\/\" \/>\n<meta property=\"og:locale\" content=\"en_GB\" \/>\n<meta property=\"og:type\" content=\"article\" \/>\n<meta property=\"og:title\" content=\"Les \u00e9v\u00e9nements du CAFMET\" \/>\n<meta property=\"og:description\" content=\"Les \u00e9v\u00e9nements du CAFMET sont organis\u00e9s chaque ann\u00e9e. Une Conf\u00e9rence Internationale de m\u00e9trologie et un congr\u00e8s international sur la mesure.\" \/>\n<meta property=\"og:url\" content=\"https:\/\/www.cafmet.com\/en\/evenements-du-cafmet\/\" \/>\n<meta property=\"og:site_name\" content=\"CAFMET\" \/>\n<meta property=\"article:modified_time\" content=\"2023-10-03T13:02:01+00:00\" \/>\n<meta name=\"twitter:card\" content=\"summary_large_image\" \/>\n<meta name=\"twitter:label1\" content=\"Estimated reading time\" \/>\n\t<meta name=\"twitter:data1\" content=\"3 minutes\" \/>\n<script type=\"application\/ld+json\" class=\"yoast-schema-graph\">{\"@context\":\"https:\/\/schema.org\",\"@graph\":[{\"@type\":\"WebPage\",\"@id\":\"https:\/\/www.cafmet.com\/evenements-du-cafmet\/\",\"url\":\"https:\/\/www.cafmet.com\/evenements-du-cafmet\/\",\"name\":\"Les \u00e9v\u00e9nements du CAFMET\",\"isPartOf\":{\"@id\":\"https:\/\/www.cafmet.com\/#website\"},\"datePublished\":\"2019-05-13T09:47:37+00:00\",\"dateModified\":\"2023-10-03T13:02:01+00:00\",\"description\":\"Les \u00e9v\u00e9nements du CAFMET sont organis\u00e9s chaque ann\u00e9e. Une Conf\u00e9rence Internationale de m\u00e9trologie et un congr\u00e8s international sur la mesure.\",\"breadcrumb\":{\"@id\":\"https:\/\/www.cafmet.com\/evenements-du-cafmet\/#breadcrumb\"},\"inLanguage\":\"en-GB\",\"potentialAction\":[{\"@type\":\"ReadAction\",\"target\":[\"https:\/\/www.cafmet.com\/evenements-du-cafmet\/\"]}]},{\"@type\":\"BreadcrumbList\",\"@id\":\"https:\/\/www.cafmet.com\/evenements-du-cafmet\/#breadcrumb\",\"itemListElement\":[{\"@type\":\"ListItem\",\"position\":1,\"name\":\"Accueil\",\"item\":\"https:\/\/www.cafmet.com\/\"},{\"@type\":\"ListItem\",\"position\":2,\"name\":\"\u00c9v\u00e8nements\"}]},{\"@type\":\"WebSite\",\"@id\":\"https:\/\/www.cafmet.com\/#website\",\"url\":\"https:\/\/www.cafmet.com\/\",\"name\":\"CAFMET\",\"description\":\"\",\"potentialAction\":[{\"@type\":\"SearchAction\",\"target\":{\"@type\":\"EntryPoint\",\"urlTemplate\":\"https:\/\/www.cafmet.com\/?s={search_term_string}\"},\"query-input\":\"required name=search_term_string\"}],\"inLanguage\":\"en-GB\"}]}<\/script>\n<!-- \/ Yoast SEO plugin. -->","yoast_head_json":{"title":"Les \u00e9v\u00e9nements du CAFMET","description":"Les \u00e9v\u00e9nements du CAFMET sont organis\u00e9s chaque ann\u00e9e. Une Conf\u00e9rence Internationale de m\u00e9trologie et un congr\u00e8s international sur la mesure.","robots":{"index":"index","follow":"follow","max-snippet":"max-snippet:-1","max-image-preview":"max-image-preview:large","max-video-preview":"max-video-preview:-1"},"canonical":"https:\/\/www.cafmet.com\/en\/evenements-du-cafmet\/","og_locale":"en_GB","og_type":"article","og_title":"Les \u00e9v\u00e9nements du CAFMET","og_description":"Les \u00e9v\u00e9nements du CAFMET sont organis\u00e9s chaque ann\u00e9e. Une Conf\u00e9rence Internationale de m\u00e9trologie et un congr\u00e8s international sur la mesure.","og_url":"https:\/\/www.cafmet.com\/en\/evenements-du-cafmet\/","og_site_name":"CAFMET","article_modified_time":"2023-10-03T13:02:01+00:00","twitter_card":"summary_large_image","twitter_misc":{"Estimated reading time":"3 minutes"},"schema":{"@context":"https:\/\/schema.org","@graph":[{"@type":"WebPage","@id":"https:\/\/www.cafmet.com\/evenements-du-cafmet\/","url":"https:\/\/www.cafmet.com\/evenements-du-cafmet\/","name":"Les \u00e9v\u00e9nements du CAFMET","isPartOf":{"@id":"https:\/\/www.cafmet.com\/#website"},"datePublished":"2019-05-13T09:47:37+00:00","dateModified":"2023-10-03T13:02:01+00:00","description":"Les \u00e9v\u00e9nements du CAFMET sont organis\u00e9s chaque ann\u00e9e. Une Conf\u00e9rence Internationale de m\u00e9trologie et un congr\u00e8s international sur la mesure.","breadcrumb":{"@id":"https:\/\/www.cafmet.com\/evenements-du-cafmet\/#breadcrumb"},"inLanguage":"en-GB","potentialAction":[{"@type":"ReadAction","target":["https:\/\/www.cafmet.com\/evenements-du-cafmet\/"]}]},{"@type":"BreadcrumbList","@id":"https:\/\/www.cafmet.com\/evenements-du-cafmet\/#breadcrumb","itemListElement":[{"@type":"ListItem","position":1,"name":"Accueil","item":"https:\/\/www.cafmet.com\/"},{"@type":"ListItem","position":2,"name":"\u00c9v\u00e8nements"}]},{"@type":"WebSite","@id":"https:\/\/www.cafmet.com\/#website","url":"https:\/\/www.cafmet.com\/","name":"CAFMET","description":"","potentialAction":[{"@type":"SearchAction","target":{"@type":"EntryPoint","urlTemplate":"https:\/\/www.cafmet.com\/?s={search_term_string}"},"query-input":"required name=search_term_string"}],"inLanguage":"en-GB"}]}},"_links":{"self":[{"href":"https:\/\/www.cafmet.com\/en\/wp-json\/wp\/v2\/pages\/1002"}],"collection":[{"href":"https:\/\/www.cafmet.com\/en\/wp-json\/wp\/v2\/pages"}],"about":[{"href":"https:\/\/www.cafmet.com\/en\/wp-json\/wp\/v2\/types\/page"}],"author":[{"embeddable":true,"href":"https:\/\/www.cafmet.com\/en\/wp-json\/wp\/v2\/users\/1"}],"replies":[{"embeddable":true,"href":"https:\/\/www.cafmet.com\/en\/wp-json\/wp\/v2\/comments?post=1002"}],"version-history":[{"count":0,"href":"https:\/\/www.cafmet.com\/en\/wp-json\/wp\/v2\/pages\/1002\/revisions"}],"wp:attachment":[{"href":"https:\/\/www.cafmet.com\/en\/wp-json\/wp\/v2\/media?parent=1002"}],"curies":[{"name":"wp","href":"https:\/\/api.w.org\/{rel}","templated":true}]}}